{"id":20547,"date":"2024-12-23T16:53:09","date_gmt":"2024-12-23T16:53:09","guid":{"rendered":"https:\/\/mauserpackstg.wpenginepowered.com\/nachhaltige-loesungen\/recoloop\/"},"modified":"2025-10-21T21:23:08","modified_gmt":"2025-10-21T21:23:08","slug":"recoloop","status":"publish","type":"page","link":"https:\/\/mauserpackaging.com\/de\/nachhaltige-loesungen\/recoloop\/","title":{"rendered":"Recoloop"},"content":{"rendered":"<div id=\"cs-content\" class=\"cs-content\"><\/div>\n","protected":false},"excerpt":{"rendered":"<p>RecoloopHome Von der Verpackung als Produkt zur Verpackung als ServiceRecoloop er\u00f6ffnet eine neue Dimension im Umgang mit IBCs: Statt Einwegdenken setzen wir auf einen geschlossenen Kreislauf, in dem Sie Eigent\u00fcmer Ihrer Verpackung bleiben \u2013 und wir uns um alles Weitere k\u00fcmmern. Von der Abholung \u00fcber die Rekonditionierung bis zur R\u00fccklieferung desselben IBCs \u2013 Recoloop macht Wiederverwendung einfach, effizient und nachhaltig.&hellip;<\/p>\n","protected":false},"author":1,"featured_media":0,"parent":20543,"menu_order":0,"comment_status":"closed","ping_status":"closed","template":"template-blank-4.php","meta":{"footnotes":""},"class_list":["post-20547","page","type-page","status-publish","hentry","no-post-thumbnail"],"yoast_head":"<!-- This site is optimized with the Yoast SEO Premium plugin v27.3 (Yoast SEO v27.3) - https:\/\/yoast.com\/product\/yoast-seo-premium-wordpress\/ -->\n<title>Recoloop - Mauser Packaging Solutions<\/title>\n<meta name=\"description\" content=\"Mit Recoloop behalten Sie das Eigentum an Ihren IBCs, w\u00e4hrend wir uns um die Abholung, Wiederaufbereitung und R\u00fcckgabe dieser IBCs an Sie k\u00fcmmern.\" \/>\n<meta name=\"robots\" content=\"index, follow, max-snippet:-1, max-image-preview:large, max-video-preview:-1\" \/>\n<link rel=\"canonical\" href=\"https:\/\/mauserpackaging.com\/de\/nachhaltige-loesungen\/recoloop\/\" \/>\n<meta property=\"og:locale\" content=\"de_DE\" \/>\n<meta property=\"og:type\" content=\"article\" \/>\n<meta property=\"og:title\" content=\"Recoloop\" \/>\n<meta property=\"og:description\" content=\"Mit Recoloop behalten Sie das Eigentum an Ihren IBCs, w\u00e4hrend wir uns um die Abholung, Wiederaufbereitung und R\u00fcckgabe dieser IBCs an Sie k\u00fcmmern.\" \/>\n<meta property=\"og:url\" content=\"https:\/\/mauserpackaging.com\/de\/nachhaltige-loesungen\/recoloop\/\" \/>\n<meta property=\"og:site_name\" content=\"Mauser Packaging Solutions\" \/>\n<meta property=\"article:modified_time\" content=\"2025-10-21T21:23:08+00:00\" \/>\n<meta property=\"og:image\" content=\"https:\/\/mauserpackaging.com\/wp-content\/uploads\/2026\/03\/Mauser_Default_SiteImage.jpg\" \/>\n\t<meta property=\"og:image:width\" content=\"1200\" \/>\n\t<meta property=\"og:image:height\" content=\"675\" \/>\n\t<meta property=\"og:image:type\" content=\"image\/jpeg\" \/>\n<meta name=\"twitter:card\" content=\"summary_large_image\" \/>\n<meta name=\"twitter:label1\" content=\"Gesch\u00e4tzte Lesezeit\" \/>\n\t<meta name=\"twitter:data1\" content=\"7\u00a0Minuten\" \/>\n<script type=\"application\/ld+json\" class=\"yoast-schema-graph\">{\"@context\":\"https:\\\/\\\/schema.org\",\"@graph\":[{\"@type\":\"WebPage\",\"@id\":\"https:\\\/\\\/mauserpackaging.com\\\/de\\\/nachhaltige-loesungen\\\/recoloop\\\/\",\"url\":\"https:\\\/\\\/mauserpackaging.com\\\/de\\\/nachhaltige-loesungen\\\/recoloop\\\/\",\"name\":\"Recoloop - Mauser Packaging Solutions\",\"isPartOf\":{\"@id\":\"https:\\\/\\\/mauserpackaging.com\\\/de\\\/#website\"},\"datePublished\":\"2024-12-23T16:53:09+00:00\",\"dateModified\":\"2025-10-21T21:23:08+00:00\",\"description\":\"Mit Recoloop behalten Sie das Eigentum an Ihren IBCs, w\u00e4hrend wir uns um die Abholung, Wiederaufbereitung und R\u00fcckgabe dieser IBCs an Sie k\u00fcmmern.\",\"breadcrumb\":{\"@id\":\"https:\\\/\\\/mauserpackaging.com\\\/de\\\/nachhaltige-loesungen\\\/recoloop\\\/#breadcrumb\"},\"inLanguage\":\"de\",\"potentialAction\":[{\"@type\":\"ReadAction\",\"target\":[\"https:\\\/\\\/mauserpackaging.com\\\/de\\\/nachhaltige-loesungen\\\/recoloop\\\/\"]}]},{\"@type\":\"BreadcrumbList\",\"@id\":\"https:\\\/\\\/mauserpackaging.com\\\/de\\\/nachhaltige-loesungen\\\/recoloop\\\/#breadcrumb\",\"itemListElement\":[{\"@type\":\"ListItem\",\"position\":1,\"name\":\"Home\",\"item\":\"https:\\\/\\\/mauserpackaging.com\\\/de\\\/heim\\\/\"},{\"@type\":\"ListItem\",\"position\":2,\"name\":\"Nachhaltige L\u00f6sungen\",\"item\":\"https:\\\/\\\/mauserpackaging.com\\\/de\\\/nachhaltige-loesungen\\\/\"},{\"@type\":\"ListItem\",\"position\":3,\"name\":\"Recoloop\"}]},{\"@type\":\"WebSite\",\"@id\":\"https:\\\/\\\/mauserpackaging.com\\\/de\\\/#website\",\"url\":\"https:\\\/\\\/mauserpackaging.com\\\/de\\\/\",\"name\":\"Mauser Packaging Solutions\",\"description\":\"Your go-to packaging partner\",\"publisher\":{\"@id\":\"https:\\\/\\\/mauserpackaging.com\\\/de\\\/#organization\"},\"alternateName\":\"Mauser Packaging\",\"potentialAction\":[{\"@type\":\"SearchAction\",\"target\":{\"@type\":\"EntryPoint\",\"urlTemplate\":\"https:\\\/\\\/mauserpackaging.com\\\/de\\\/?s={search_term_string}\"},\"query-input\":{\"@type\":\"PropertyValueSpecification\",\"valueRequired\":true,\"valueName\":\"search_term_string\"}}],\"inLanguage\":\"de\"},{\"@type\":\"Organization\",\"@id\":\"https:\\\/\\\/mauserpackaging.com\\\/de\\\/#organization\",\"name\":\"Mauser Packaging Solutions\",\"alternateName\":\"Mauser Packaging\",\"url\":\"https:\\\/\\\/mauserpackaging.com\\\/de\\\/\",\"logo\":{\"@type\":\"ImageObject\",\"inLanguage\":\"de\",\"@id\":\"https:\\\/\\\/mauserpackaging.com\\\/de\\\/#\\\/schema\\\/logo\\\/image\\\/\",\"url\":\"https:\\\/\\\/mauserpackaging.com\\\/wp-content\\\/uploads\\\/2024\\\/11\\\/Mauser_h_RGB.png\",\"contentUrl\":\"https:\\\/\\\/mauserpackaging.com\\\/wp-content\\\/uploads\\\/2024\\\/11\\\/Mauser_h_RGB.png\",\"width\":1951,\"height\":600,\"caption\":\"Mauser Packaging Solutions\"},\"image\":{\"@id\":\"https:\\\/\\\/mauserpackaging.com\\\/de\\\/#\\\/schema\\\/logo\\\/image\\\/\"},\"sameAs\":[\"https:\\\/\\\/www.linkedin.com\\\/company\\\/mauser-packaging-solutions\\\/\"]}]}<\/script>\n<!-- \/ Yoast SEO Premium plugin. -->","yoast_head_json":{"title":"Recoloop - Mauser Packaging Solutions","description":"Mit Recoloop behalten Sie das Eigentum an Ihren IBCs, w\u00e4hrend wir uns um die Abholung, Wiederaufbereitung und R\u00fcckgabe dieser IBCs an Sie k\u00fcmmern.","robots":{"index":"index","follow":"follow","max-snippet":"max-snippet:-1","max-image-preview":"max-image-preview:large","max-video-preview":"max-video-preview:-1"},"canonical":"https:\/\/mauserpackaging.com\/de\/nachhaltige-loesungen\/recoloop\/","og_locale":"de_DE","og_type":"article","og_title":"Recoloop","og_description":"Mit Recoloop behalten Sie das Eigentum an Ihren IBCs, w\u00e4hrend wir uns um die Abholung, Wiederaufbereitung und R\u00fcckgabe dieser IBCs an Sie k\u00fcmmern.","og_url":"https:\/\/mauserpackaging.com\/de\/nachhaltige-loesungen\/recoloop\/","og_site_name":"Mauser Packaging Solutions","article_modified_time":"2025-10-21T21:23:08+00:00","og_image":[{"width":1200,"height":675,"url":"https:\/\/mauserpackaging.com\/wp-content\/uploads\/2026\/03\/Mauser_Default_SiteImage.jpg","type":"image\/jpeg"}],"twitter_card":"summary_large_image","twitter_misc":{"Gesch\u00e4tzte Lesezeit":"7\u00a0Minuten"},"schema":{"@context":"https:\/\/schema.org","@graph":[{"@type":"WebPage","@id":"https:\/\/mauserpackaging.com\/de\/nachhaltige-loesungen\/recoloop\/","url":"https:\/\/mauserpackaging.com\/de\/nachhaltige-loesungen\/recoloop\/","name":"Recoloop - Mauser Packaging Solutions","isPartOf":{"@id":"https:\/\/mauserpackaging.com\/de\/#website"},"datePublished":"2024-12-23T16:53:09+00:00","dateModified":"2025-10-21T21:23:08+00:00","description":"Mit Recoloop behalten Sie das Eigentum an Ihren IBCs, w\u00e4hrend wir uns um die Abholung, Wiederaufbereitung und R\u00fcckgabe dieser IBCs an Sie k\u00fcmmern.","breadcrumb":{"@id":"https:\/\/mauserpackaging.com\/de\/nachhaltige-loesungen\/recoloop\/#breadcrumb"},"inLanguage":"de","potentialAction":[{"@type":"ReadAction","target":["https:\/\/mauserpackaging.com\/de\/nachhaltige-loesungen\/recoloop\/"]}]},{"@type":"BreadcrumbList","@id":"https:\/\/mauserpackaging.com\/de\/nachhaltige-loesungen\/recoloop\/#breadcrumb","itemListElement":[{"@type":"ListItem","position":1,"name":"Home","item":"https:\/\/mauserpackaging.com\/de\/heim\/"},{"@type":"ListItem","position":2,"name":"Nachhaltige L\u00f6sungen","item":"https:\/\/mauserpackaging.com\/de\/nachhaltige-loesungen\/"},{"@type":"ListItem","position":3,"name":"Recoloop"}]},{"@type":"WebSite","@id":"https:\/\/mauserpackaging.com\/de\/#website","url":"https:\/\/mauserpackaging.com\/de\/","name":"Mauser Packaging Solutions","description":"Your go-to packaging partner","publisher":{"@id":"https:\/\/mauserpackaging.com\/de\/#organization"},"alternateName":"Mauser Packaging","potentialAction":[{"@type":"SearchAction","target":{"@type":"EntryPoint","urlTemplate":"https:\/\/mauserpackaging.com\/de\/?s={search_term_string}"},"query-input":{"@type":"PropertyValueSpecification","valueRequired":true,"valueName":"search_term_string"}}],"inLanguage":"de"},{"@type":"Organization","@id":"https:\/\/mauserpackaging.com\/de\/#organization","name":"Mauser Packaging Solutions","alternateName":"Mauser Packaging","url":"https:\/\/mauserpackaging.com\/de\/","logo":{"@type":"ImageObject","inLanguage":"de","@id":"https:\/\/mauserpackaging.com\/de\/#\/schema\/logo\/image\/","url":"https:\/\/mauserpackaging.com\/wp-content\/uploads\/2024\/11\/Mauser_h_RGB.png","contentUrl":"https:\/\/mauserpackaging.com\/wp-content\/uploads\/2024\/11\/Mauser_h_RGB.png","width":1951,"height":600,"caption":"Mauser Packaging Solutions"},"image":{"@id":"https:\/\/mauserpackaging.com\/de\/#\/schema\/logo\/image\/"},"sameAs":["https:\/\/www.linkedin.com\/company\/mauser-packaging-solutions\/"]}]}},"_links":{"self":[{"href":"https:\/\/mauserpackaging.com\/de\/wp-json\/wp\/v2\/pages\/20547","targetHints":{"allow":["GET"]}}],"collection":[{"href":"https:\/\/mauserpackaging.com\/de\/wp-json\/wp\/v2\/pages"}],"about":[{"href":"https:\/\/mauserpackaging.com\/de\/wp-json\/wp\/v2\/types\/page"}],"author":[{"embeddable":true,"href":"https:\/\/mauserpackaging.com\/de\/wp-json\/wp\/v2\/users\/1"}],"replies":[{"embeddable":true,"href":"https:\/\/mauserpackaging.com\/de\/wp-json\/wp\/v2\/comments?post=20547"}],"version-history":[{"count":0,"href":"https:\/\/mauserpackaging.com\/de\/wp-json\/wp\/v2\/pages\/20547\/revisions"}],"up":[{"embeddable":true,"href":"https:\/\/mauserpackaging.com\/de\/wp-json\/wp\/v2\/pages\/20543"}],"wp:attachment":[{"href":"https:\/\/mauserpackaging.com\/de\/wp-json\/wp\/v2\/media?parent=20547"}],"curies":[{"name":"wp","href":"https:\/\/api.w.org\/{rel}","templated":true}]}}