{"id":20544,"date":"2024-12-23T16:53:58","date_gmt":"2024-12-23T16:53:58","guid":{"rendered":"https:\/\/mauserpackstg.wpenginepowered.com\/nachhaltige-loesungen\/infinity-serie\/"},"modified":"2026-02-19T16:28:11","modified_gmt":"2026-02-19T16:28:11","slug":"infinity-serie","status":"publish","type":"page","link":"https:\/\/mauserpackaging.com\/de\/nachhaltige-loesungen\/infinity-serie\/","title":{"rendered":"Infinity\u2122-Serie"},"content":{"rendered":"<div id=\"cs-content\" class=\"cs-content\"><\/div>\n","protected":false},"excerpt":{"rendered":"<p>Infinity\u2122-SerieHome Industrieverpackungen, die den Kreislauf immer wieder schlie\u00dfenDie Infinity Series setzt neue Ma\u00dfst\u00e4be in der Industrieverpackung \u2013 mit einem der umfassendsten Portfolios an UN-zertifizierten Verpackungsl\u00f6sungen, hergestellt aus hochwertigem Post-Consumer-Rezyklat (PCR).Diese Serie bietet leistungsstarke Verpackungen, die selbst strengste Anforderungen erf\u00fcllen \u2013 und gleichzeitig helfen, Verpackungsabf\u00e4lle zu reduzieren und den CO\u2082-Fu\u00dfabdruck Ihres Unternehmens zu verringern. Ob Composite-IBCs, Kunststofff\u00e4sser, WIVA\u00ae-Beh\u00e4lter, Kunststoffkanister, Hobbocks, Flaschen&hellip;<\/p>\n","protected":false},"author":1,"featured_media":0,"parent":20543,"menu_order":0,"comment_status":"closed","ping_status":"closed","template":"template-blank-4.php","meta":{"footnotes":""},"class_list":["post-20544","page","type-page","status-publish","hentry","no-post-thumbnail"],"yoast_head":"<!-- This site is optimized with the Yoast SEO Premium plugin v27.3 (Yoast SEO v27.3) - https:\/\/yoast.com\/product\/yoast-seo-premium-wordpress\/ -->\n<title>Infinity\u2122-Serie - Mauser Packaging Solutions<\/title>\n<meta name=\"description\" content=\"Die Infinity-Serie definiert Industrieverpackungen mit einem umfassenden Portfolio an UN-zertifizierten L\u00f6sungen aus hochwertigem PCR neu.\" \/>\n<meta name=\"robots\" content=\"index, follow, max-snippet:-1, max-image-preview:large, max-video-preview:-1\" \/>\n<link rel=\"canonical\" href=\"https:\/\/mauserpackaging.com\/de\/nachhaltige-loesungen\/infinity-serie\/\" \/>\n<meta property=\"og:locale\" content=\"de_DE\" \/>\n<meta property=\"og:type\" content=\"article\" \/>\n<meta property=\"og:title\" content=\"Infinity\u2122-Serie\" \/>\n<meta property=\"og:description\" content=\"Die Infinity-Serie definiert Industrieverpackungen mit einem umfassenden Portfolio an UN-zertifizierten L\u00f6sungen aus hochwertigem PCR neu.\" \/>\n<meta property=\"og:url\" content=\"https:\/\/mauserpackaging.com\/de\/nachhaltige-loesungen\/infinity-serie\/\" \/>\n<meta property=\"og:site_name\" content=\"Mauser Packaging Solutions\" \/>\n<meta property=\"article:modified_time\" content=\"2026-02-19T16:28:11+00:00\" \/>\n<meta property=\"og:image\" content=\"https:\/\/mauserpackaging.com\/wp-content\/uploads\/2026\/03\/Mauser_Default_SiteImage.jpg\" \/>\n\t<meta property=\"og:image:width\" content=\"1200\" \/>\n\t<meta property=\"og:image:height\" content=\"675\" \/>\n\t<meta property=\"og:image:type\" content=\"image\/jpeg\" \/>\n<meta name=\"twitter:card\" content=\"summary_large_image\" \/>\n<meta name=\"twitter:label1\" content=\"Gesch\u00e4tzte Lesezeit\" \/>\n\t<meta name=\"twitter:data1\" content=\"7\u00a0Minuten\" \/>\n<script type=\"application\/ld+json\" class=\"yoast-schema-graph\">{\"@context\":\"https:\\\/\\\/schema.org\",\"@graph\":[{\"@type\":\"WebPage\",\"@id\":\"https:\\\/\\\/mauserpackaging.com\\\/de\\\/nachhaltige-loesungen\\\/infinity-serie\\\/\",\"url\":\"https:\\\/\\\/mauserpackaging.com\\\/de\\\/nachhaltige-loesungen\\\/infinity-serie\\\/\",\"name\":\"Infinity\u2122-Serie - Mauser Packaging Solutions\",\"isPartOf\":{\"@id\":\"https:\\\/\\\/mauserpackaging.com\\\/de\\\/#website\"},\"datePublished\":\"2024-12-23T16:53:58+00:00\",\"dateModified\":\"2026-02-19T16:28:11+00:00\",\"description\":\"Die Infinity-Serie definiert Industrieverpackungen mit einem umfassenden Portfolio an UN-zertifizierten L\u00f6sungen aus hochwertigem PCR neu.\",\"breadcrumb\":{\"@id\":\"https:\\\/\\\/mauserpackaging.com\\\/de\\\/nachhaltige-loesungen\\\/infinity-serie\\\/#breadcrumb\"},\"inLanguage\":\"de\",\"potentialAction\":[{\"@type\":\"ReadAction\",\"target\":[\"https:\\\/\\\/mauserpackaging.com\\\/de\\\/nachhaltige-loesungen\\\/infinity-serie\\\/\"]}]},{\"@type\":\"BreadcrumbList\",\"@id\":\"https:\\\/\\\/mauserpackaging.com\\\/de\\\/nachhaltige-loesungen\\\/infinity-serie\\\/#breadcrumb\",\"itemListElement\":[{\"@type\":\"ListItem\",\"position\":1,\"name\":\"Home\",\"item\":\"https:\\\/\\\/mauserpackaging.com\\\/de\\\/heim\\\/\"},{\"@type\":\"ListItem\",\"position\":2,\"name\":\"Nachhaltige L\u00f6sungen\",\"item\":\"https:\\\/\\\/mauserpackaging.com\\\/de\\\/nachhaltige-loesungen\\\/\"},{\"@type\":\"ListItem\",\"position\":3,\"name\":\"Infinity\u2122-Serie\"}]},{\"@type\":\"WebSite\",\"@id\":\"https:\\\/\\\/mauserpackaging.com\\\/de\\\/#website\",\"url\":\"https:\\\/\\\/mauserpackaging.com\\\/de\\\/\",\"name\":\"Mauser Packaging Solutions\",\"description\":\"Your go-to packaging partner\",\"publisher\":{\"@id\":\"https:\\\/\\\/mauserpackaging.com\\\/de\\\/#organization\"},\"alternateName\":\"Mauser Packaging\",\"potentialAction\":[{\"@type\":\"SearchAction\",\"target\":{\"@type\":\"EntryPoint\",\"urlTemplate\":\"https:\\\/\\\/mauserpackaging.com\\\/de\\\/?s={search_term_string}\"},\"query-input\":{\"@type\":\"PropertyValueSpecification\",\"valueRequired\":true,\"valueName\":\"search_term_string\"}}],\"inLanguage\":\"de\"},{\"@type\":\"Organization\",\"@id\":\"https:\\\/\\\/mauserpackaging.com\\\/de\\\/#organization\",\"name\":\"Mauser Packaging Solutions\",\"alternateName\":\"Mauser Packaging\",\"url\":\"https:\\\/\\\/mauserpackaging.com\\\/de\\\/\",\"logo\":{\"@type\":\"ImageObject\",\"inLanguage\":\"de\",\"@id\":\"https:\\\/\\\/mauserpackaging.com\\\/de\\\/#\\\/schema\\\/logo\\\/image\\\/\",\"url\":\"https:\\\/\\\/mauserpackaging.com\\\/wp-content\\\/uploads\\\/2024\\\/11\\\/Mauser_h_RGB.png\",\"contentUrl\":\"https:\\\/\\\/mauserpackaging.com\\\/wp-content\\\/uploads\\\/2024\\\/11\\\/Mauser_h_RGB.png\",\"width\":1951,\"height\":600,\"caption\":\"Mauser Packaging Solutions\"},\"image\":{\"@id\":\"https:\\\/\\\/mauserpackaging.com\\\/de\\\/#\\\/schema\\\/logo\\\/image\\\/\"},\"sameAs\":[\"https:\\\/\\\/www.linkedin.com\\\/company\\\/mauser-packaging-solutions\\\/\"]}]}<\/script>\n<!-- \/ Yoast SEO Premium plugin. -->","yoast_head_json":{"title":"Infinity\u2122-Serie - Mauser Packaging Solutions","description":"Die Infinity-Serie definiert Industrieverpackungen mit einem umfassenden Portfolio an UN-zertifizierten L\u00f6sungen aus hochwertigem PCR neu.","robots":{"index":"index","follow":"follow","max-snippet":"max-snippet:-1","max-image-preview":"max-image-preview:large","max-video-preview":"max-video-preview:-1"},"canonical":"https:\/\/mauserpackaging.com\/de\/nachhaltige-loesungen\/infinity-serie\/","og_locale":"de_DE","og_type":"article","og_title":"Infinity\u2122-Serie","og_description":"Die Infinity-Serie definiert Industrieverpackungen mit einem umfassenden Portfolio an UN-zertifizierten L\u00f6sungen aus hochwertigem PCR neu.","og_url":"https:\/\/mauserpackaging.com\/de\/nachhaltige-loesungen\/infinity-serie\/","og_site_name":"Mauser Packaging Solutions","article_modified_time":"2026-02-19T16:28:11+00:00","og_image":[{"width":1200,"height":675,"url":"https:\/\/mauserpackaging.com\/wp-content\/uploads\/2026\/03\/Mauser_Default_SiteImage.jpg","type":"image\/jpeg"}],"twitter_card":"summary_large_image","twitter_misc":{"Gesch\u00e4tzte Lesezeit":"7\u00a0Minuten"},"schema":{"@context":"https:\/\/schema.org","@graph":[{"@type":"WebPage","@id":"https:\/\/mauserpackaging.com\/de\/nachhaltige-loesungen\/infinity-serie\/","url":"https:\/\/mauserpackaging.com\/de\/nachhaltige-loesungen\/infinity-serie\/","name":"Infinity\u2122-Serie - Mauser Packaging Solutions","isPartOf":{"@id":"https:\/\/mauserpackaging.com\/de\/#website"},"datePublished":"2024-12-23T16:53:58+00:00","dateModified":"2026-02-19T16:28:11+00:00","description":"Die Infinity-Serie definiert Industrieverpackungen mit einem umfassenden Portfolio an UN-zertifizierten L\u00f6sungen aus hochwertigem PCR neu.","breadcrumb":{"@id":"https:\/\/mauserpackaging.com\/de\/nachhaltige-loesungen\/infinity-serie\/#breadcrumb"},"inLanguage":"de","potentialAction":[{"@type":"ReadAction","target":["https:\/\/mauserpackaging.com\/de\/nachhaltige-loesungen\/infinity-serie\/"]}]},{"@type":"BreadcrumbList","@id":"https:\/\/mauserpackaging.com\/de\/nachhaltige-loesungen\/infinity-serie\/#breadcrumb","itemListElement":[{"@type":"ListItem","position":1,"name":"Home","item":"https:\/\/mauserpackaging.com\/de\/heim\/"},{"@type":"ListItem","position":2,"name":"Nachhaltige L\u00f6sungen","item":"https:\/\/mauserpackaging.com\/de\/nachhaltige-loesungen\/"},{"@type":"ListItem","position":3,"name":"Infinity\u2122-Serie"}]},{"@type":"WebSite","@id":"https:\/\/mauserpackaging.com\/de\/#website","url":"https:\/\/mauserpackaging.com\/de\/","name":"Mauser Packaging Solutions","description":"Your go-to packaging partner","publisher":{"@id":"https:\/\/mauserpackaging.com\/de\/#organization"},"alternateName":"Mauser Packaging","potentialAction":[{"@type":"SearchAction","target":{"@type":"EntryPoint","urlTemplate":"https:\/\/mauserpackaging.com\/de\/?s={search_term_string}"},"query-input":{"@type":"PropertyValueSpecification","valueRequired":true,"valueName":"search_term_string"}}],"inLanguage":"de"},{"@type":"Organization","@id":"https:\/\/mauserpackaging.com\/de\/#organization","name":"Mauser Packaging Solutions","alternateName":"Mauser Packaging","url":"https:\/\/mauserpackaging.com\/de\/","logo":{"@type":"ImageObject","inLanguage":"de","@id":"https:\/\/mauserpackaging.com\/de\/#\/schema\/logo\/image\/","url":"https:\/\/mauserpackaging.com\/wp-content\/uploads\/2024\/11\/Mauser_h_RGB.png","contentUrl":"https:\/\/mauserpackaging.com\/wp-content\/uploads\/2024\/11\/Mauser_h_RGB.png","width":1951,"height":600,"caption":"Mauser Packaging Solutions"},"image":{"@id":"https:\/\/mauserpackaging.com\/de\/#\/schema\/logo\/image\/"},"sameAs":["https:\/\/www.linkedin.com\/company\/mauser-packaging-solutions\/"]}]}},"_links":{"self":[{"href":"https:\/\/mauserpackaging.com\/de\/wp-json\/wp\/v2\/pages\/20544","targetHints":{"allow":["GET"]}}],"collection":[{"href":"https:\/\/mauserpackaging.com\/de\/wp-json\/wp\/v2\/pages"}],"about":[{"href":"https:\/\/mauserpackaging.com\/de\/wp-json\/wp\/v2\/types\/page"}],"author":[{"embeddable":true,"href":"https:\/\/mauserpackaging.com\/de\/wp-json\/wp\/v2\/users\/1"}],"replies":[{"embeddable":true,"href":"https:\/\/mauserpackaging.com\/de\/wp-json\/wp\/v2\/comments?post=20544"}],"version-history":[{"count":0,"href":"https:\/\/mauserpackaging.com\/de\/wp-json\/wp\/v2\/pages\/20544\/revisions"}],"up":[{"embeddable":true,"href":"https:\/\/mauserpackaging.com\/de\/wp-json\/wp\/v2\/pages\/20543"}],"wp:attachment":[{"href":"https:\/\/mauserpackaging.com\/de\/wp-json\/wp\/v2\/media?parent=20544"}],"curies":[{"name":"wp","href":"https:\/\/api.w.org\/{rel}","templated":true}]}}