{"id":20531,"date":"2024-12-17T20:09:12","date_gmt":"2024-12-17T20:09:12","guid":{"rendered":"https:\/\/mauserpackstg.wpenginepowered.com\/produkte-und-innovationen\/eimer-hobbocks\/metalleimer\/"},"modified":"2026-04-01T15:48:07","modified_gmt":"2026-04-01T15:48:07","slug":"metalleimer","status":"publish","type":"page","link":"https:\/\/mauserpackaging.com\/de\/produkte-und-innovationen\/eimer-hobbocks\/metalleimer\/","title":{"rendered":"Metalleimer"},"content":{"rendered":"<div id=\"cs-content\" class=\"cs-content\"><\/div>\n","protected":false},"excerpt":{"rendered":"<p>Home MetalleimerVerl\u00e4sslichkeit und Leistung Ganz gleich, ob Sie eine Verpackungsl\u00f6sung f\u00fcr Chemikalien, Schmiermittel, Beschichtungen, Klebstoffe oder andere anspruchsvolle Produkte ben\u00f6tigen, unsere Metalleimer bieten die Haltbarkeit und Zuverl\u00e4ssigkeit, die Sie brauchen. Ihre robuste Konstruktion sch\u00fctzt Ihre Produkte w\u00e4hrend der gesamten Lieferkette und sorgt daf\u00fcr, dass sie sicher im Lager, oder dort wor sie gebraucht werden, ankommen. Wir bieten Gr\u00f6\u00dfen von einer&hellip;<\/p>\n","protected":false},"author":1,"featured_media":0,"parent":20528,"menu_order":0,"comment_status":"closed","ping_status":"closed","template":"template-blank-4.php","meta":{"footnotes":""},"class_list":["post-20531","page","type-page","status-publish","hentry","no-post-thumbnail"],"yoast_head":"<!-- This site is optimized with the Yoast SEO Premium plugin v27.4 (Yoast SEO v27.4) - https:\/\/yoast.com\/product\/yoast-seo-premium-wordpress\/ -->\n<title>Stahleimer und -k\u00fcbel | Industrielle Metalleimer | Mauser Packaging<\/title>\n<meta name=\"description\" content=\"Hochleistungs-Eimer und -K\u00fcbel aus Stahl in Gr\u00f6\u00dfen von 1 bis 7 Gallonen. UN-zugelassen f\u00fcr Farben, Lacke und Chemikalien, erh\u00e4ltlich in Ausf\u00fchrungen mit offenem oder dichtem Deckel.\" \/>\n<meta name=\"robots\" content=\"index, follow, max-snippet:-1, max-image-preview:large, max-video-preview:-1\" \/>\n<link rel=\"canonical\" href=\"https:\/\/mauserpackaging.com\/de\/produkte-und-innovationen\/eimer-hobbocks\/metalleimer\/\" \/>\n<meta property=\"og:locale\" content=\"de_DE\" \/>\n<meta property=\"og:type\" content=\"article\" \/>\n<meta property=\"og:title\" content=\"Metalleimer\" \/>\n<meta property=\"og:description\" content=\"Hochleistungs-Eimer und -K\u00fcbel aus Stahl in Gr\u00f6\u00dfen von 1 bis 7 Gallonen. UN-zugelassen f\u00fcr Farben, Lacke und Chemikalien, erh\u00e4ltlich in Ausf\u00fchrungen mit offenem oder dichtem Deckel.\" \/>\n<meta property=\"og:url\" content=\"https:\/\/mauserpackaging.com\/de\/produkte-und-innovationen\/eimer-hobbocks\/metalleimer\/\" \/>\n<meta property=\"og:site_name\" content=\"Mauser Packaging Solutions\" \/>\n<meta property=\"article:modified_time\" content=\"2026-04-01T15:48:07+00:00\" \/>\n<meta property=\"og:image\" content=\"https:\/\/mauserpackaging.com\/wp-content\/uploads\/2026\/03\/Mauser_Default_SiteImage.jpg\" \/>\n\t<meta property=\"og:image:width\" content=\"1200\" \/>\n\t<meta property=\"og:image:height\" content=\"675\" \/>\n\t<meta property=\"og:image:type\" content=\"image\/jpeg\" \/>\n<meta name=\"twitter:card\" content=\"summary_large_image\" \/>\n<meta name=\"twitter:label1\" content=\"Gesch\u00e4tzte Lesezeit\" \/>\n\t<meta name=\"twitter:data1\" content=\"8\u00a0Minuten\" \/>\n<script type=\"application\/ld+json\" class=\"yoast-schema-graph\">{\"@context\":\"https:\\\/\\\/schema.org\",\"@graph\":[{\"@type\":\"WebPage\",\"@id\":\"https:\\\/\\\/mauserpackaging.com\\\/de\\\/produkte-und-innovationen\\\/eimer-hobbocks\\\/metalleimer\\\/\",\"url\":\"https:\\\/\\\/mauserpackaging.com\\\/de\\\/produkte-und-innovationen\\\/eimer-hobbocks\\\/metalleimer\\\/\",\"name\":\"Stahleimer und -k\u00fcbel | Industrielle Metalleimer | Mauser Packaging\",\"isPartOf\":{\"@id\":\"https:\\\/\\\/mauserpackaging.com\\\/de\\\/#website\"},\"datePublished\":\"2024-12-17T20:09:12+00:00\",\"dateModified\":\"2026-04-01T15:48:07+00:00\",\"description\":\"Hochleistungs-Eimer und -K\u00fcbel aus Stahl in Gr\u00f6\u00dfen von 1 bis 7 Gallonen. UN-zugelassen f\u00fcr Farben, Lacke und Chemikalien, erh\u00e4ltlich in Ausf\u00fchrungen mit offenem oder dichtem Deckel.\",\"breadcrumb\":{\"@id\":\"https:\\\/\\\/mauserpackaging.com\\\/de\\\/produkte-und-innovationen\\\/eimer-hobbocks\\\/metalleimer\\\/#breadcrumb\"},\"inLanguage\":\"de\",\"potentialAction\":[{\"@type\":\"ReadAction\",\"target\":[\"https:\\\/\\\/mauserpackaging.com\\\/de\\\/produkte-und-innovationen\\\/eimer-hobbocks\\\/metalleimer\\\/\"]}]},{\"@type\":\"BreadcrumbList\",\"@id\":\"https:\\\/\\\/mauserpackaging.com\\\/de\\\/produkte-und-innovationen\\\/eimer-hobbocks\\\/metalleimer\\\/#breadcrumb\",\"itemListElement\":[{\"@type\":\"ListItem\",\"position\":1,\"name\":\"Home\",\"item\":\"https:\\\/\\\/mauserpackaging.com\\\/de\\\/heim\\\/\"},{\"@type\":\"ListItem\",\"position\":2,\"name\":\"Produkte und Innovationen\",\"item\":\"https:\\\/\\\/mauserpackaging.com\\\/de\\\/produkte-und-innovationen\\\/\"},{\"@type\":\"ListItem\",\"position\":3,\"name\":\"Eimer &amp; Hobbocks\",\"item\":\"https:\\\/\\\/mauserpackaging.com\\\/de\\\/produkte-und-innovationen\\\/eimer-hobbocks\\\/\"},{\"@type\":\"ListItem\",\"position\":4,\"name\":\"Metalleimer\"}]},{\"@type\":\"WebSite\",\"@id\":\"https:\\\/\\\/mauserpackaging.com\\\/de\\\/#website\",\"url\":\"https:\\\/\\\/mauserpackaging.com\\\/de\\\/\",\"name\":\"Mauser Packaging Solutions\",\"description\":\"Your go-to packaging partner\",\"publisher\":{\"@id\":\"https:\\\/\\\/mauserpackaging.com\\\/de\\\/#organization\"},\"alternateName\":\"Mauser Packaging\",\"potentialAction\":[{\"@type\":\"SearchAction\",\"target\":{\"@type\":\"EntryPoint\",\"urlTemplate\":\"https:\\\/\\\/mauserpackaging.com\\\/de\\\/?s={search_term_string}\"},\"query-input\":{\"@type\":\"PropertyValueSpecification\",\"valueRequired\":true,\"valueName\":\"search_term_string\"}}],\"inLanguage\":\"de\"},{\"@type\":\"Organization\",\"@id\":\"https:\\\/\\\/mauserpackaging.com\\\/de\\\/#organization\",\"name\":\"Mauser Packaging Solutions\",\"alternateName\":\"Mauser Packaging\",\"url\":\"https:\\\/\\\/mauserpackaging.com\\\/de\\\/\",\"logo\":{\"@type\":\"ImageObject\",\"inLanguage\":\"de\",\"@id\":\"https:\\\/\\\/mauserpackaging.com\\\/de\\\/#\\\/schema\\\/logo\\\/image\\\/\",\"url\":\"https:\\\/\\\/mauserpackaging.com\\\/wp-content\\\/uploads\\\/2024\\\/11\\\/Mauser_h_RGB.png\",\"contentUrl\":\"https:\\\/\\\/mauserpackaging.com\\\/wp-content\\\/uploads\\\/2024\\\/11\\\/Mauser_h_RGB.png\",\"width\":1951,\"height\":600,\"caption\":\"Mauser Packaging Solutions\"},\"image\":{\"@id\":\"https:\\\/\\\/mauserpackaging.com\\\/de\\\/#\\\/schema\\\/logo\\\/image\\\/\"},\"sameAs\":[\"https:\\\/\\\/www.linkedin.com\\\/company\\\/mauser-packaging-solutions\\\/\"]}]}<\/script>\n<!-- \/ Yoast SEO Premium plugin. -->","yoast_head_json":{"title":"Stahleimer und -k\u00fcbel | Industrielle Metalleimer | Mauser Packaging","description":"Hochleistungs-Eimer und -K\u00fcbel aus Stahl in Gr\u00f6\u00dfen von 1 bis 7 Gallonen. UN-zugelassen f\u00fcr Farben, Lacke und Chemikalien, erh\u00e4ltlich in Ausf\u00fchrungen mit offenem oder dichtem Deckel.","robots":{"index":"index","follow":"follow","max-snippet":"max-snippet:-1","max-image-preview":"max-image-preview:large","max-video-preview":"max-video-preview:-1"},"canonical":"https:\/\/mauserpackaging.com\/de\/produkte-und-innovationen\/eimer-hobbocks\/metalleimer\/","og_locale":"de_DE","og_type":"article","og_title":"Metalleimer","og_description":"Hochleistungs-Eimer und -K\u00fcbel aus Stahl in Gr\u00f6\u00dfen von 1 bis 7 Gallonen. UN-zugelassen f\u00fcr Farben, Lacke und Chemikalien, erh\u00e4ltlich in Ausf\u00fchrungen mit offenem oder dichtem Deckel.","og_url":"https:\/\/mauserpackaging.com\/de\/produkte-und-innovationen\/eimer-hobbocks\/metalleimer\/","og_site_name":"Mauser Packaging Solutions","article_modified_time":"2026-04-01T15:48:07+00:00","og_image":[{"width":1200,"height":675,"url":"https:\/\/mauserpackaging.com\/wp-content\/uploads\/2026\/03\/Mauser_Default_SiteImage.jpg","type":"image\/jpeg"}],"twitter_card":"summary_large_image","twitter_misc":{"Gesch\u00e4tzte Lesezeit":"8\u00a0Minuten"},"schema":{"@context":"https:\/\/schema.org","@graph":[{"@type":"WebPage","@id":"https:\/\/mauserpackaging.com\/de\/produkte-und-innovationen\/eimer-hobbocks\/metalleimer\/","url":"https:\/\/mauserpackaging.com\/de\/produkte-und-innovationen\/eimer-hobbocks\/metalleimer\/","name":"Stahleimer und -k\u00fcbel | Industrielle Metalleimer | Mauser Packaging","isPartOf":{"@id":"https:\/\/mauserpackaging.com\/de\/#website"},"datePublished":"2024-12-17T20:09:12+00:00","dateModified":"2026-04-01T15:48:07+00:00","description":"Hochleistungs-Eimer und -K\u00fcbel aus Stahl in Gr\u00f6\u00dfen von 1 bis 7 Gallonen. UN-zugelassen f\u00fcr Farben, Lacke und Chemikalien, erh\u00e4ltlich in Ausf\u00fchrungen mit offenem oder dichtem Deckel.","breadcrumb":{"@id":"https:\/\/mauserpackaging.com\/de\/produkte-und-innovationen\/eimer-hobbocks\/metalleimer\/#breadcrumb"},"inLanguage":"de","potentialAction":[{"@type":"ReadAction","target":["https:\/\/mauserpackaging.com\/de\/produkte-und-innovationen\/eimer-hobbocks\/metalleimer\/"]}]},{"@type":"BreadcrumbList","@id":"https:\/\/mauserpackaging.com\/de\/produkte-und-innovationen\/eimer-hobbocks\/metalleimer\/#breadcrumb","itemListElement":[{"@type":"ListItem","position":1,"name":"Home","item":"https:\/\/mauserpackaging.com\/de\/heim\/"},{"@type":"ListItem","position":2,"name":"Produkte und Innovationen","item":"https:\/\/mauserpackaging.com\/de\/produkte-und-innovationen\/"},{"@type":"ListItem","position":3,"name":"Eimer &amp; Hobbocks","item":"https:\/\/mauserpackaging.com\/de\/produkte-und-innovationen\/eimer-hobbocks\/"},{"@type":"ListItem","position":4,"name":"Metalleimer"}]},{"@type":"WebSite","@id":"https:\/\/mauserpackaging.com\/de\/#website","url":"https:\/\/mauserpackaging.com\/de\/","name":"Mauser Packaging Solutions","description":"Your go-to packaging partner","publisher":{"@id":"https:\/\/mauserpackaging.com\/de\/#organization"},"alternateName":"Mauser Packaging","potentialAction":[{"@type":"SearchAction","target":{"@type":"EntryPoint","urlTemplate":"https:\/\/mauserpackaging.com\/de\/?s={search_term_string}"},"query-input":{"@type":"PropertyValueSpecification","valueRequired":true,"valueName":"search_term_string"}}],"inLanguage":"de"},{"@type":"Organization","@id":"https:\/\/mauserpackaging.com\/de\/#organization","name":"Mauser Packaging Solutions","alternateName":"Mauser Packaging","url":"https:\/\/mauserpackaging.com\/de\/","logo":{"@type":"ImageObject","inLanguage":"de","@id":"https:\/\/mauserpackaging.com\/de\/#\/schema\/logo\/image\/","url":"https:\/\/mauserpackaging.com\/wp-content\/uploads\/2024\/11\/Mauser_h_RGB.png","contentUrl":"https:\/\/mauserpackaging.com\/wp-content\/uploads\/2024\/11\/Mauser_h_RGB.png","width":1951,"height":600,"caption":"Mauser Packaging Solutions"},"image":{"@id":"https:\/\/mauserpackaging.com\/de\/#\/schema\/logo\/image\/"},"sameAs":["https:\/\/www.linkedin.com\/company\/mauser-packaging-solutions\/"]}]}},"_links":{"self":[{"href":"https:\/\/mauserpackaging.com\/de\/wp-json\/wp\/v2\/pages\/20531","targetHints":{"allow":["GET"]}}],"collection":[{"href":"https:\/\/mauserpackaging.com\/de\/wp-json\/wp\/v2\/pages"}],"about":[{"href":"https:\/\/mauserpackaging.com\/de\/wp-json\/wp\/v2\/types\/page"}],"author":[{"embeddable":true,"href":"https:\/\/mauserpackaging.com\/de\/wp-json\/wp\/v2\/users\/1"}],"replies":[{"embeddable":true,"href":"https:\/\/mauserpackaging.com\/de\/wp-json\/wp\/v2\/comments?post=20531"}],"version-history":[{"count":0,"href":"https:\/\/mauserpackaging.com\/de\/wp-json\/wp\/v2\/pages\/20531\/revisions"}],"up":[{"embeddable":true,"href":"https:\/\/mauserpackaging.com\/de\/wp-json\/wp\/v2\/pages\/20528"}],"wp:attachment":[{"href":"https:\/\/mauserpackaging.com\/de\/wp-json\/wp\/v2\/media?parent=20531"}],"curies":[{"name":"wp","href":"https:\/\/api.w.org\/{rel}","templated":true}]}}