{"id":20530,"date":"2024-12-17T20:11:51","date_gmt":"2024-12-17T20:11:51","guid":{"rendered":"https:\/\/mauserpackstg.wpenginepowered.com\/produkte-und-innovationen\/eimer-hobbocks\/kunststoff-hobbocks\/"},"modified":"2025-10-21T21:08:55","modified_gmt":"2025-10-21T21:08:55","slug":"kunststoff-hobbocks","status":"publish","type":"page","link":"https:\/\/mauserpackaging.com\/de\/produkte-und-innovationen\/eimer-hobbocks\/kunststoff-hobbocks\/","title":{"rendered":"Kunststoff-Hobbocks"},"content":{"rendered":"<div id=\"cs-content\" class=\"cs-content\"><\/div>\n","protected":false},"excerpt":{"rendered":"<p>Home Kunststoff-HobbocksEinfacher Zugang f\u00fcr schwer zu handhabende Produkte Die Hobbocks von Mauser Packaging Solutions sind die ideale L\u00f6sung f\u00fcr schwer zu verarbeitende Produkte wie Fette, Farben und Silikone. Dank ihrer gro\u00dfen \u00d6ffnung erm\u00f6glichen sie einen besonders einfachen Zugang und erleichtern die Handhabung von z\u00e4hfl\u00fcssigen oder dickfl\u00fcssigen Substanzen \u2013 ein entscheidender Vorteil in der Chemie- und Automobilindustrie. Unsere Hobbocks sind UN-zertifiziert&hellip;<\/p>\n","protected":false},"author":1,"featured_media":0,"parent":20528,"menu_order":0,"comment_status":"closed","ping_status":"closed","template":"template-blank-4.php","meta":{"footnotes":""},"class_list":["post-20530","page","type-page","status-publish","hentry","no-post-thumbnail"],"yoast_head":"<!-- This site is optimized with the Yoast SEO Premium plugin v27.4 (Yoast SEO v27.4) - https:\/\/yoast.com\/product\/yoast-seo-premium-wordpress\/ -->\n<title>Kunststoff-Hobbocks - Mauser Packaging Solutions<\/title>\n<meta name=\"description\" content=\"Mauser-Hobbocks sind ideal f\u00fcr Fette, Farben und Silikone und erm\u00f6glichen ein einfaches Einf\u00fcllen und Entnehmen schwer zu handhabender Produkte.\" \/>\n<meta name=\"robots\" content=\"index, follow, max-snippet:-1, max-image-preview:large, max-video-preview:-1\" \/>\n<link rel=\"canonical\" href=\"https:\/\/mauserpackaging.com\/de\/produkte-und-innovationen\/eimer-hobbocks\/kunststoff-hobbocks\/\" \/>\n<meta property=\"og:locale\" content=\"de_DE\" \/>\n<meta property=\"og:type\" content=\"article\" \/>\n<meta property=\"og:title\" content=\"Kunststoff-Hobbocks\" \/>\n<meta property=\"og:description\" content=\"Mauser-Hobbocks sind ideal f\u00fcr Fette, Farben und Silikone und erm\u00f6glichen ein einfaches Einf\u00fcllen und Entnehmen schwer zu handhabender Produkte.\" \/>\n<meta property=\"og:url\" content=\"https:\/\/mauserpackaging.com\/de\/produkte-und-innovationen\/eimer-hobbocks\/kunststoff-hobbocks\/\" \/>\n<meta property=\"og:site_name\" content=\"Mauser Packaging Solutions\" \/>\n<meta property=\"article:modified_time\" content=\"2025-10-21T21:08:55+00:00\" \/>\n<meta property=\"og:image\" content=\"https:\/\/mauserpackaging.com\/wp-content\/uploads\/2026\/03\/Mauser_Default_SiteImage.jpg\" \/>\n\t<meta property=\"og:image:width\" content=\"1200\" \/>\n\t<meta property=\"og:image:height\" content=\"675\" \/>\n\t<meta property=\"og:image:type\" content=\"image\/jpeg\" \/>\n<meta name=\"twitter:card\" content=\"summary_large_image\" \/>\n<meta name=\"twitter:label1\" content=\"Gesch\u00e4tzte Lesezeit\" \/>\n\t<meta name=\"twitter:data1\" content=\"7\u00a0Minuten\" \/>\n<script type=\"application\/ld+json\" class=\"yoast-schema-graph\">{\"@context\":\"https:\\\/\\\/schema.org\",\"@graph\":[{\"@type\":\"WebPage\",\"@id\":\"https:\\\/\\\/mauserpackaging.com\\\/de\\\/produkte-und-innovationen\\\/eimer-hobbocks\\\/kunststoff-hobbocks\\\/\",\"url\":\"https:\\\/\\\/mauserpackaging.com\\\/de\\\/produkte-und-innovationen\\\/eimer-hobbocks\\\/kunststoff-hobbocks\\\/\",\"name\":\"Kunststoff-Hobbocks - Mauser Packaging Solutions\",\"isPartOf\":{\"@id\":\"https:\\\/\\\/mauserpackaging.com\\\/de\\\/#website\"},\"datePublished\":\"2024-12-17T20:11:51+00:00\",\"dateModified\":\"2025-10-21T21:08:55+00:00\",\"description\":\"Mauser-Hobbocks sind ideal f\u00fcr Fette, Farben und Silikone und erm\u00f6glichen ein einfaches Einf\u00fcllen und Entnehmen schwer zu handhabender Produkte.\",\"breadcrumb\":{\"@id\":\"https:\\\/\\\/mauserpackaging.com\\\/de\\\/produkte-und-innovationen\\\/eimer-hobbocks\\\/kunststoff-hobbocks\\\/#breadcrumb\"},\"inLanguage\":\"de\",\"potentialAction\":[{\"@type\":\"ReadAction\",\"target\":[\"https:\\\/\\\/mauserpackaging.com\\\/de\\\/produkte-und-innovationen\\\/eimer-hobbocks\\\/kunststoff-hobbocks\\\/\"]}]},{\"@type\":\"BreadcrumbList\",\"@id\":\"https:\\\/\\\/mauserpackaging.com\\\/de\\\/produkte-und-innovationen\\\/eimer-hobbocks\\\/kunststoff-hobbocks\\\/#breadcrumb\",\"itemListElement\":[{\"@type\":\"ListItem\",\"position\":1,\"name\":\"Home\",\"item\":\"https:\\\/\\\/mauserpackaging.com\\\/de\\\/heim\\\/\"},{\"@type\":\"ListItem\",\"position\":2,\"name\":\"Produkte und Innovationen\",\"item\":\"https:\\\/\\\/mauserpackaging.com\\\/de\\\/produkte-und-innovationen\\\/\"},{\"@type\":\"ListItem\",\"position\":3,\"name\":\"Eimer &amp; Hobbocks\",\"item\":\"https:\\\/\\\/mauserpackaging.com\\\/de\\\/produkte-und-innovationen\\\/eimer-hobbocks\\\/\"},{\"@type\":\"ListItem\",\"position\":4,\"name\":\"Kunststoff-Hobbocks\"}]},{\"@type\":\"WebSite\",\"@id\":\"https:\\\/\\\/mauserpackaging.com\\\/de\\\/#website\",\"url\":\"https:\\\/\\\/mauserpackaging.com\\\/de\\\/\",\"name\":\"Mauser Packaging Solutions\",\"description\":\"Your go-to packaging partner\",\"publisher\":{\"@id\":\"https:\\\/\\\/mauserpackaging.com\\\/de\\\/#organization\"},\"alternateName\":\"Mauser Packaging\",\"potentialAction\":[{\"@type\":\"SearchAction\",\"target\":{\"@type\":\"EntryPoint\",\"urlTemplate\":\"https:\\\/\\\/mauserpackaging.com\\\/de\\\/?s={search_term_string}\"},\"query-input\":{\"@type\":\"PropertyValueSpecification\",\"valueRequired\":true,\"valueName\":\"search_term_string\"}}],\"inLanguage\":\"de\"},{\"@type\":\"Organization\",\"@id\":\"https:\\\/\\\/mauserpackaging.com\\\/de\\\/#organization\",\"name\":\"Mauser Packaging Solutions\",\"alternateName\":\"Mauser Packaging\",\"url\":\"https:\\\/\\\/mauserpackaging.com\\\/de\\\/\",\"logo\":{\"@type\":\"ImageObject\",\"inLanguage\":\"de\",\"@id\":\"https:\\\/\\\/mauserpackaging.com\\\/de\\\/#\\\/schema\\\/logo\\\/image\\\/\",\"url\":\"https:\\\/\\\/mauserpackaging.com\\\/wp-content\\\/uploads\\\/2024\\\/11\\\/Mauser_h_RGB.png\",\"contentUrl\":\"https:\\\/\\\/mauserpackaging.com\\\/wp-content\\\/uploads\\\/2024\\\/11\\\/Mauser_h_RGB.png\",\"width\":1951,\"height\":600,\"caption\":\"Mauser Packaging Solutions\"},\"image\":{\"@id\":\"https:\\\/\\\/mauserpackaging.com\\\/de\\\/#\\\/schema\\\/logo\\\/image\\\/\"},\"sameAs\":[\"https:\\\/\\\/www.linkedin.com\\\/company\\\/mauser-packaging-solutions\\\/\"]}]}<\/script>\n<!-- \/ Yoast SEO Premium plugin. -->","yoast_head_json":{"title":"Kunststoff-Hobbocks - Mauser Packaging Solutions","description":"Mauser-Hobbocks sind ideal f\u00fcr Fette, Farben und Silikone und erm\u00f6glichen ein einfaches Einf\u00fcllen und Entnehmen schwer zu handhabender Produkte.","robots":{"index":"index","follow":"follow","max-snippet":"max-snippet:-1","max-image-preview":"max-image-preview:large","max-video-preview":"max-video-preview:-1"},"canonical":"https:\/\/mauserpackaging.com\/de\/produkte-und-innovationen\/eimer-hobbocks\/kunststoff-hobbocks\/","og_locale":"de_DE","og_type":"article","og_title":"Kunststoff-Hobbocks","og_description":"Mauser-Hobbocks sind ideal f\u00fcr Fette, Farben und Silikone und erm\u00f6glichen ein einfaches Einf\u00fcllen und Entnehmen schwer zu handhabender Produkte.","og_url":"https:\/\/mauserpackaging.com\/de\/produkte-und-innovationen\/eimer-hobbocks\/kunststoff-hobbocks\/","og_site_name":"Mauser Packaging Solutions","article_modified_time":"2025-10-21T21:08:55+00:00","og_image":[{"width":1200,"height":675,"url":"https:\/\/mauserpackaging.com\/wp-content\/uploads\/2026\/03\/Mauser_Default_SiteImage.jpg","type":"image\/jpeg"}],"twitter_card":"summary_large_image","twitter_misc":{"Gesch\u00e4tzte Lesezeit":"7\u00a0Minuten"},"schema":{"@context":"https:\/\/schema.org","@graph":[{"@type":"WebPage","@id":"https:\/\/mauserpackaging.com\/de\/produkte-und-innovationen\/eimer-hobbocks\/kunststoff-hobbocks\/","url":"https:\/\/mauserpackaging.com\/de\/produkte-und-innovationen\/eimer-hobbocks\/kunststoff-hobbocks\/","name":"Kunststoff-Hobbocks - Mauser Packaging Solutions","isPartOf":{"@id":"https:\/\/mauserpackaging.com\/de\/#website"},"datePublished":"2024-12-17T20:11:51+00:00","dateModified":"2025-10-21T21:08:55+00:00","description":"Mauser-Hobbocks sind ideal f\u00fcr Fette, Farben und Silikone und erm\u00f6glichen ein einfaches Einf\u00fcllen und Entnehmen schwer zu handhabender Produkte.","breadcrumb":{"@id":"https:\/\/mauserpackaging.com\/de\/produkte-und-innovationen\/eimer-hobbocks\/kunststoff-hobbocks\/#breadcrumb"},"inLanguage":"de","potentialAction":[{"@type":"ReadAction","target":["https:\/\/mauserpackaging.com\/de\/produkte-und-innovationen\/eimer-hobbocks\/kunststoff-hobbocks\/"]}]},{"@type":"BreadcrumbList","@id":"https:\/\/mauserpackaging.com\/de\/produkte-und-innovationen\/eimer-hobbocks\/kunststoff-hobbocks\/#breadcrumb","itemListElement":[{"@type":"ListItem","position":1,"name":"Home","item":"https:\/\/mauserpackaging.com\/de\/heim\/"},{"@type":"ListItem","position":2,"name":"Produkte und Innovationen","item":"https:\/\/mauserpackaging.com\/de\/produkte-und-innovationen\/"},{"@type":"ListItem","position":3,"name":"Eimer &amp; Hobbocks","item":"https:\/\/mauserpackaging.com\/de\/produkte-und-innovationen\/eimer-hobbocks\/"},{"@type":"ListItem","position":4,"name":"Kunststoff-Hobbocks"}]},{"@type":"WebSite","@id":"https:\/\/mauserpackaging.com\/de\/#website","url":"https:\/\/mauserpackaging.com\/de\/","name":"Mauser Packaging Solutions","description":"Your go-to packaging partner","publisher":{"@id":"https:\/\/mauserpackaging.com\/de\/#organization"},"alternateName":"Mauser Packaging","potentialAction":[{"@type":"SearchAction","target":{"@type":"EntryPoint","urlTemplate":"https:\/\/mauserpackaging.com\/de\/?s={search_term_string}"},"query-input":{"@type":"PropertyValueSpecification","valueRequired":true,"valueName":"search_term_string"}}],"inLanguage":"de"},{"@type":"Organization","@id":"https:\/\/mauserpackaging.com\/de\/#organization","name":"Mauser Packaging Solutions","alternateName":"Mauser Packaging","url":"https:\/\/mauserpackaging.com\/de\/","logo":{"@type":"ImageObject","inLanguage":"de","@id":"https:\/\/mauserpackaging.com\/de\/#\/schema\/logo\/image\/","url":"https:\/\/mauserpackaging.com\/wp-content\/uploads\/2024\/11\/Mauser_h_RGB.png","contentUrl":"https:\/\/mauserpackaging.com\/wp-content\/uploads\/2024\/11\/Mauser_h_RGB.png","width":1951,"height":600,"caption":"Mauser Packaging Solutions"},"image":{"@id":"https:\/\/mauserpackaging.com\/de\/#\/schema\/logo\/image\/"},"sameAs":["https:\/\/www.linkedin.com\/company\/mauser-packaging-solutions\/"]}]}},"_links":{"self":[{"href":"https:\/\/mauserpackaging.com\/de\/wp-json\/wp\/v2\/pages\/20530","targetHints":{"allow":["GET"]}}],"collection":[{"href":"https:\/\/mauserpackaging.com\/de\/wp-json\/wp\/v2\/pages"}],"about":[{"href":"https:\/\/mauserpackaging.com\/de\/wp-json\/wp\/v2\/types\/page"}],"author":[{"embeddable":true,"href":"https:\/\/mauserpackaging.com\/de\/wp-json\/wp\/v2\/users\/1"}],"replies":[{"embeddable":true,"href":"https:\/\/mauserpackaging.com\/de\/wp-json\/wp\/v2\/comments?post=20530"}],"version-history":[{"count":0,"href":"https:\/\/mauserpackaging.com\/de\/wp-json\/wp\/v2\/pages\/20530\/revisions"}],"up":[{"embeddable":true,"href":"https:\/\/mauserpackaging.com\/de\/wp-json\/wp\/v2\/pages\/20528"}],"wp:attachment":[{"href":"https:\/\/mauserpackaging.com\/de\/wp-json\/wp\/v2\/media?parent=20530"}],"curies":[{"name":"wp","href":"https:\/\/api.w.org\/{rel}","templated":true}]}}