{"id":20528,"date":"2024-12-17T19:29:05","date_gmt":"2024-12-17T19:29:05","guid":{"rendered":"https:\/\/mauserpackstg.wpenginepowered.com\/produkte-und-innovationen\/eimer-hobbocks\/"},"modified":"2025-10-21T21:07:27","modified_gmt":"2025-10-21T21:07:27","slug":"eimer-hobbocks","status":"publish","type":"page","link":"https:\/\/mauserpackaging.com\/de\/produkte-und-innovationen\/eimer-hobbocks\/","title":{"rendered":"Eimer &amp; Hobbocks"},"content":{"rendered":"<div id=\"cs-content\" class=\"cs-content\"><\/div>\n","protected":false},"excerpt":{"rendered":"<p>Eimer &amp; Hobbocks HomeSch\u00fctzen Sie Ihre Produkte, st\u00e4rken Sie Ihre Marke Ob f\u00fcr Industrie oder Endverbraucher \u2013 Verpackungen m\u00fcssen robust, benutzerfreundlich und leistungsstark sein. Bei Mauser Packaging Solutions finden Sie eines der breitesten Sortimente an Kunststoff- und Metalleimern sowie Hobbocks, die exakt auf Ihre Produkte und deren Einsatzorte abgestimmt sind. Unsere Eimer genie\u00dfen das Vertrauen f\u00fchrender Unternehmen und bekannter Marken.&hellip;<\/p>\n","protected":false},"author":1,"featured_media":0,"parent":20509,"menu_order":0,"comment_status":"closed","ping_status":"closed","template":"template-blank-4.php","meta":{"footnotes":""},"class_list":["post-20528","page","type-page","status-publish","hentry","no-post-thumbnail"],"yoast_head":"<!-- This site is optimized with the Yoast SEO Premium plugin v27.4 (Yoast SEO v27.4) - https:\/\/yoast.com\/product\/yoast-seo-premium-wordpress\/ -->\n<title>Eimer &amp; Hobbocks - Mauser Packaging Solutions<\/title>\n<meta name=\"description\" content=\"Mauser Packaging Solutions bietet eines der umfassendsten Sortimente an Eimern und Hobbocks aus Kunststoff und Stahl.\" \/>\n<meta name=\"robots\" content=\"index, follow, max-snippet:-1, max-image-preview:large, max-video-preview:-1\" \/>\n<link rel=\"canonical\" href=\"https:\/\/mauserpackaging.com\/de\/produkte-und-innovationen\/eimer-hobbocks\/\" \/>\n<meta property=\"og:locale\" content=\"de_DE\" \/>\n<meta property=\"og:type\" content=\"article\" \/>\n<meta property=\"og:title\" content=\"Eimer &amp; Hobbocks\" \/>\n<meta property=\"og:description\" content=\"Mauser Packaging Solutions bietet eines der umfassendsten Sortimente an Eimern und Hobbocks aus Kunststoff und Stahl.\" \/>\n<meta property=\"og:url\" content=\"https:\/\/mauserpackaging.com\/de\/produkte-und-innovationen\/eimer-hobbocks\/\" \/>\n<meta property=\"og:site_name\" content=\"Mauser Packaging Solutions\" \/>\n<meta property=\"article:modified_time\" content=\"2025-10-21T21:07:27+00:00\" \/>\n<meta property=\"og:image\" content=\"https:\/\/mauserpackaging.com\/wp-content\/uploads\/2026\/03\/Mauser_Default_SiteImage.jpg\" \/>\n\t<meta property=\"og:image:width\" content=\"1200\" \/>\n\t<meta property=\"og:image:height\" content=\"675\" \/>\n\t<meta property=\"og:image:type\" content=\"image\/jpeg\" \/>\n<meta name=\"twitter:card\" content=\"summary_large_image\" \/>\n<meta name=\"twitter:label1\" content=\"Gesch\u00e4tzte Lesezeit\" \/>\n\t<meta name=\"twitter:data1\" content=\"3\u00a0Minuten\" \/>\n<script type=\"application\/ld+json\" class=\"yoast-schema-graph\">{\"@context\":\"https:\\\/\\\/schema.org\",\"@graph\":[{\"@type\":\"WebPage\",\"@id\":\"https:\\\/\\\/mauserpackaging.com\\\/de\\\/produkte-und-innovationen\\\/eimer-hobbocks\\\/\",\"url\":\"https:\\\/\\\/mauserpackaging.com\\\/de\\\/produkte-und-innovationen\\\/eimer-hobbocks\\\/\",\"name\":\"Eimer &amp; Hobbocks - Mauser Packaging Solutions\",\"isPartOf\":{\"@id\":\"https:\\\/\\\/mauserpackaging.com\\\/de\\\/#website\"},\"datePublished\":\"2024-12-17T19:29:05+00:00\",\"dateModified\":\"2025-10-21T21:07:27+00:00\",\"description\":\"Mauser Packaging Solutions bietet eines der umfassendsten Sortimente an Eimern und Hobbocks aus Kunststoff und Stahl.\",\"breadcrumb\":{\"@id\":\"https:\\\/\\\/mauserpackaging.com\\\/de\\\/produkte-und-innovationen\\\/eimer-hobbocks\\\/#breadcrumb\"},\"inLanguage\":\"de\",\"potentialAction\":[{\"@type\":\"ReadAction\",\"target\":[\"https:\\\/\\\/mauserpackaging.com\\\/de\\\/produkte-und-innovationen\\\/eimer-hobbocks\\\/\"]}]},{\"@type\":\"BreadcrumbList\",\"@id\":\"https:\\\/\\\/mauserpackaging.com\\\/de\\\/produkte-und-innovationen\\\/eimer-hobbocks\\\/#breadcrumb\",\"itemListElement\":[{\"@type\":\"ListItem\",\"position\":1,\"name\":\"Home\",\"item\":\"https:\\\/\\\/mauserpackaging.com\\\/de\\\/heim\\\/\"},{\"@type\":\"ListItem\",\"position\":2,\"name\":\"Produkte und Innovationen\",\"item\":\"https:\\\/\\\/mauserpackaging.com\\\/de\\\/produkte-und-innovationen\\\/\"},{\"@type\":\"ListItem\",\"position\":3,\"name\":\"Eimer &amp; Hobbocks\"}]},{\"@type\":\"WebSite\",\"@id\":\"https:\\\/\\\/mauserpackaging.com\\\/de\\\/#website\",\"url\":\"https:\\\/\\\/mauserpackaging.com\\\/de\\\/\",\"name\":\"Mauser Packaging Solutions\",\"description\":\"Your go-to packaging partner\",\"publisher\":{\"@id\":\"https:\\\/\\\/mauserpackaging.com\\\/de\\\/#organization\"},\"alternateName\":\"Mauser Packaging\",\"potentialAction\":[{\"@type\":\"SearchAction\",\"target\":{\"@type\":\"EntryPoint\",\"urlTemplate\":\"https:\\\/\\\/mauserpackaging.com\\\/de\\\/?s={search_term_string}\"},\"query-input\":{\"@type\":\"PropertyValueSpecification\",\"valueRequired\":true,\"valueName\":\"search_term_string\"}}],\"inLanguage\":\"de\"},{\"@type\":\"Organization\",\"@id\":\"https:\\\/\\\/mauserpackaging.com\\\/de\\\/#organization\",\"name\":\"Mauser Packaging Solutions\",\"alternateName\":\"Mauser Packaging\",\"url\":\"https:\\\/\\\/mauserpackaging.com\\\/de\\\/\",\"logo\":{\"@type\":\"ImageObject\",\"inLanguage\":\"de\",\"@id\":\"https:\\\/\\\/mauserpackaging.com\\\/de\\\/#\\\/schema\\\/logo\\\/image\\\/\",\"url\":\"https:\\\/\\\/mauserpackaging.com\\\/wp-content\\\/uploads\\\/2024\\\/11\\\/Mauser_h_RGB.png\",\"contentUrl\":\"https:\\\/\\\/mauserpackaging.com\\\/wp-content\\\/uploads\\\/2024\\\/11\\\/Mauser_h_RGB.png\",\"width\":1951,\"height\":600,\"caption\":\"Mauser Packaging Solutions\"},\"image\":{\"@id\":\"https:\\\/\\\/mauserpackaging.com\\\/de\\\/#\\\/schema\\\/logo\\\/image\\\/\"},\"sameAs\":[\"https:\\\/\\\/www.linkedin.com\\\/company\\\/mauser-packaging-solutions\\\/\"]}]}<\/script>\n<!-- \/ Yoast SEO Premium plugin. -->","yoast_head_json":{"title":"Eimer &amp; Hobbocks - Mauser Packaging Solutions","description":"Mauser Packaging Solutions bietet eines der umfassendsten Sortimente an Eimern und Hobbocks aus Kunststoff und Stahl.","robots":{"index":"index","follow":"follow","max-snippet":"max-snippet:-1","max-image-preview":"max-image-preview:large","max-video-preview":"max-video-preview:-1"},"canonical":"https:\/\/mauserpackaging.com\/de\/produkte-und-innovationen\/eimer-hobbocks\/","og_locale":"de_DE","og_type":"article","og_title":"Eimer &amp; Hobbocks","og_description":"Mauser Packaging Solutions bietet eines der umfassendsten Sortimente an Eimern und Hobbocks aus Kunststoff und Stahl.","og_url":"https:\/\/mauserpackaging.com\/de\/produkte-und-innovationen\/eimer-hobbocks\/","og_site_name":"Mauser Packaging Solutions","article_modified_time":"2025-10-21T21:07:27+00:00","og_image":[{"width":1200,"height":675,"url":"https:\/\/mauserpackaging.com\/wp-content\/uploads\/2026\/03\/Mauser_Default_SiteImage.jpg","type":"image\/jpeg"}],"twitter_card":"summary_large_image","twitter_misc":{"Gesch\u00e4tzte Lesezeit":"3\u00a0Minuten"},"schema":{"@context":"https:\/\/schema.org","@graph":[{"@type":"WebPage","@id":"https:\/\/mauserpackaging.com\/de\/produkte-und-innovationen\/eimer-hobbocks\/","url":"https:\/\/mauserpackaging.com\/de\/produkte-und-innovationen\/eimer-hobbocks\/","name":"Eimer &amp; Hobbocks - Mauser Packaging Solutions","isPartOf":{"@id":"https:\/\/mauserpackaging.com\/de\/#website"},"datePublished":"2024-12-17T19:29:05+00:00","dateModified":"2025-10-21T21:07:27+00:00","description":"Mauser Packaging Solutions bietet eines der umfassendsten Sortimente an Eimern und Hobbocks aus Kunststoff und Stahl.","breadcrumb":{"@id":"https:\/\/mauserpackaging.com\/de\/produkte-und-innovationen\/eimer-hobbocks\/#breadcrumb"},"inLanguage":"de","potentialAction":[{"@type":"ReadAction","target":["https:\/\/mauserpackaging.com\/de\/produkte-und-innovationen\/eimer-hobbocks\/"]}]},{"@type":"BreadcrumbList","@id":"https:\/\/mauserpackaging.com\/de\/produkte-und-innovationen\/eimer-hobbocks\/#breadcrumb","itemListElement":[{"@type":"ListItem","position":1,"name":"Home","item":"https:\/\/mauserpackaging.com\/de\/heim\/"},{"@type":"ListItem","position":2,"name":"Produkte und Innovationen","item":"https:\/\/mauserpackaging.com\/de\/produkte-und-innovationen\/"},{"@type":"ListItem","position":3,"name":"Eimer &amp; Hobbocks"}]},{"@type":"WebSite","@id":"https:\/\/mauserpackaging.com\/de\/#website","url":"https:\/\/mauserpackaging.com\/de\/","name":"Mauser Packaging Solutions","description":"Your go-to packaging partner","publisher":{"@id":"https:\/\/mauserpackaging.com\/de\/#organization"},"alternateName":"Mauser Packaging","potentialAction":[{"@type":"SearchAction","target":{"@type":"EntryPoint","urlTemplate":"https:\/\/mauserpackaging.com\/de\/?s={search_term_string}"},"query-input":{"@type":"PropertyValueSpecification","valueRequired":true,"valueName":"search_term_string"}}],"inLanguage":"de"},{"@type":"Organization","@id":"https:\/\/mauserpackaging.com\/de\/#organization","name":"Mauser Packaging Solutions","alternateName":"Mauser Packaging","url":"https:\/\/mauserpackaging.com\/de\/","logo":{"@type":"ImageObject","inLanguage":"de","@id":"https:\/\/mauserpackaging.com\/de\/#\/schema\/logo\/image\/","url":"https:\/\/mauserpackaging.com\/wp-content\/uploads\/2024\/11\/Mauser_h_RGB.png","contentUrl":"https:\/\/mauserpackaging.com\/wp-content\/uploads\/2024\/11\/Mauser_h_RGB.png","width":1951,"height":600,"caption":"Mauser Packaging Solutions"},"image":{"@id":"https:\/\/mauserpackaging.com\/de\/#\/schema\/logo\/image\/"},"sameAs":["https:\/\/www.linkedin.com\/company\/mauser-packaging-solutions\/"]}]}},"_links":{"self":[{"href":"https:\/\/mauserpackaging.com\/de\/wp-json\/wp\/v2\/pages\/20528","targetHints":{"allow":["GET"]}}],"collection":[{"href":"https:\/\/mauserpackaging.com\/de\/wp-json\/wp\/v2\/pages"}],"about":[{"href":"https:\/\/mauserpackaging.com\/de\/wp-json\/wp\/v2\/types\/page"}],"author":[{"embeddable":true,"href":"https:\/\/mauserpackaging.com\/de\/wp-json\/wp\/v2\/users\/1"}],"replies":[{"embeddable":true,"href":"https:\/\/mauserpackaging.com\/de\/wp-json\/wp\/v2\/comments?post=20528"}],"version-history":[{"count":0,"href":"https:\/\/mauserpackaging.com\/de\/wp-json\/wp\/v2\/pages\/20528\/revisions"}],"up":[{"embeddable":true,"href":"https:\/\/mauserpackaging.com\/de\/wp-json\/wp\/v2\/pages\/20509"}],"wp:attachment":[{"href":"https:\/\/mauserpackaging.com\/de\/wp-json\/wp\/v2\/media?parent=20528"}],"curies":[{"name":"wp","href":"https:\/\/api.w.org\/{rel}","templated":true}]}}