{"id":20522,"date":"2024-12-17T18:48:19","date_gmt":"2024-12-17T18:48:19","guid":{"rendered":"https:\/\/mauserpackstg.wpenginepowered.com\/produkte-und-innovationen\/intermediate-bulk-containers\/stapelbare-vollkunststoff-ibcs-aus-vollkunststoff\/"},"modified":"2025-10-21T21:01:39","modified_gmt":"2025-10-21T21:01:39","slug":"stapelbare-vollkunststoff-ibcs-aus-vollkunststoff","status":"publish","type":"page","link":"https:\/\/mauserpackaging.com\/de\/produkte-und-innovationen\/intermediate-bulk-containers\/stapelbare-vollkunststoff-ibcs-aus-vollkunststoff\/","title":{"rendered":"Stapelbare Vollkunststoff-IBCs aus Vollkunststoff"},"content":{"rendered":"<div id=\"cs-content\" class=\"cs-content\"><\/div>\n","protected":false},"excerpt":{"rendered":"<p>Home Stapelbare Vollkunststoff-IBCs aus VollkunststoffSicher. Zuverl\u00e4ssig. Umweltfreundlich. Ideal f\u00fcr Chemikalien, Schmierstoffe, S\u00e4uren, Beschichtungen und vieles mehr: Die Vollkunststoff-IBCs von Mauser Packaging Solutions bieten maximale Haltbarkeit und Leistung \u2013 auch unter anspruchsvollen Bedingungen. Erh\u00e4ltlich in 275-Gallonen-, 330-Gallonen- und kundenspezifischen Gr\u00f6\u00dfen, ist unser UN-zertifizierter Vollkunststoff-IBC speziell f\u00fcr den Transport und die Abgabe gef\u00e4hrlicher Stoffe konzipiert. Nach der Nutzung kann er \u00fcber unser&hellip;<\/p>\n","protected":false},"author":1,"featured_media":0,"parent":20521,"menu_order":0,"comment_status":"closed","ping_status":"closed","template":"template-blank-4.php","meta":{"footnotes":""},"class_list":["post-20522","page","type-page","status-publish","hentry","no-post-thumbnail"],"yoast_head":"<!-- This site is optimized with the Yoast SEO Premium plugin v27.3 (Yoast SEO v27.3) - https:\/\/yoast.com\/product\/yoast-seo-premium-wordpress\/ -->\n<title>Stapelbare Vollkunststoff-IBCs aus Vollkunststoff - Mauser Packaging Solutions<\/title>\n<meta name=\"description\" content=\"Vollkunststoff-IBCs sind ideal f\u00fcr Chemikalien, Schmiermittel, S\u00e4uren, Beschichtungen und mehr und bieten dem Benutzer verbesserte Haltbarkeit und Leistung.\" \/>\n<meta name=\"robots\" content=\"index, follow, max-snippet:-1, max-image-preview:large, max-video-preview:-1\" \/>\n<link rel=\"canonical\" href=\"https:\/\/mauserpackaging.com\/de\/produkte-und-innovationen\/intermediate-bulk-containers\/stapelbare-vollkunststoff-ibcs-aus-vollkunststoff\/\" \/>\n<meta property=\"og:locale\" content=\"de_DE\" \/>\n<meta property=\"og:type\" content=\"article\" \/>\n<meta property=\"og:title\" content=\"Stapelbare Vollkunststoff-IBCs aus Vollkunststoff\" \/>\n<meta property=\"og:description\" content=\"Vollkunststoff-IBCs sind ideal f\u00fcr Chemikalien, Schmiermittel, S\u00e4uren, Beschichtungen und mehr und bieten dem Benutzer verbesserte Haltbarkeit und Leistung.\" \/>\n<meta property=\"og:url\" content=\"https:\/\/mauserpackaging.com\/de\/produkte-und-innovationen\/intermediate-bulk-containers\/stapelbare-vollkunststoff-ibcs-aus-vollkunststoff\/\" \/>\n<meta property=\"og:site_name\" content=\"Mauser Packaging Solutions\" \/>\n<meta property=\"article:modified_time\" content=\"2025-10-21T21:01:39+00:00\" \/>\n<meta property=\"og:image\" content=\"https:\/\/mauserpackaging.com\/wp-content\/uploads\/2026\/03\/Mauser_Default_SiteImage.jpg\" \/>\n\t<meta property=\"og:image:width\" content=\"1200\" \/>\n\t<meta property=\"og:image:height\" content=\"675\" \/>\n\t<meta property=\"og:image:type\" content=\"image\/jpeg\" \/>\n<meta name=\"twitter:card\" content=\"summary_large_image\" \/>\n<meta name=\"twitter:label1\" content=\"Gesch\u00e4tzte Lesezeit\" \/>\n\t<meta name=\"twitter:data1\" content=\"7\u00a0Minuten\" \/>\n<script type=\"application\/ld+json\" class=\"yoast-schema-graph\">{\"@context\":\"https:\\\/\\\/schema.org\",\"@graph\":[{\"@type\":\"WebPage\",\"@id\":\"https:\\\/\\\/mauserpackaging.com\\\/de\\\/produkte-und-innovationen\\\/intermediate-bulk-containers\\\/stapelbare-vollkunststoff-ibcs-aus-vollkunststoff\\\/\",\"url\":\"https:\\\/\\\/mauserpackaging.com\\\/de\\\/produkte-und-innovationen\\\/intermediate-bulk-containers\\\/stapelbare-vollkunststoff-ibcs-aus-vollkunststoff\\\/\",\"name\":\"Stapelbare Vollkunststoff-IBCs aus Vollkunststoff - Mauser Packaging Solutions\",\"isPartOf\":{\"@id\":\"https:\\\/\\\/mauserpackaging.com\\\/de\\\/#website\"},\"datePublished\":\"2024-12-17T18:48:19+00:00\",\"dateModified\":\"2025-10-21T21:01:39+00:00\",\"description\":\"Vollkunststoff-IBCs sind ideal f\u00fcr Chemikalien, Schmiermittel, S\u00e4uren, Beschichtungen und mehr und bieten dem Benutzer verbesserte Haltbarkeit und Leistung.\",\"breadcrumb\":{\"@id\":\"https:\\\/\\\/mauserpackaging.com\\\/de\\\/produkte-und-innovationen\\\/intermediate-bulk-containers\\\/stapelbare-vollkunststoff-ibcs-aus-vollkunststoff\\\/#breadcrumb\"},\"inLanguage\":\"de\",\"potentialAction\":[{\"@type\":\"ReadAction\",\"target\":[\"https:\\\/\\\/mauserpackaging.com\\\/de\\\/produkte-und-innovationen\\\/intermediate-bulk-containers\\\/stapelbare-vollkunststoff-ibcs-aus-vollkunststoff\\\/\"]}]},{\"@type\":\"BreadcrumbList\",\"@id\":\"https:\\\/\\\/mauserpackaging.com\\\/de\\\/produkte-und-innovationen\\\/intermediate-bulk-containers\\\/stapelbare-vollkunststoff-ibcs-aus-vollkunststoff\\\/#breadcrumb\",\"itemListElement\":[{\"@type\":\"ListItem\",\"position\":1,\"name\":\"Home\",\"item\":\"https:\\\/\\\/mauserpackaging.com\\\/de\\\/heim\\\/\"},{\"@type\":\"ListItem\",\"position\":2,\"name\":\"Produkte und Innovationen\",\"item\":\"https:\\\/\\\/mauserpackaging.com\\\/de\\\/produkte-und-innovationen\\\/\"},{\"@type\":\"ListItem\",\"position\":3,\"name\":\"Intermediate Bulk Containers (IBC)\",\"item\":\"https:\\\/\\\/mauserpackaging.com\\\/de\\\/produkte-und-innovationen\\\/intermediate-bulk-containers\\\/\"},{\"@type\":\"ListItem\",\"position\":4,\"name\":\"Stapelbare Vollkunststoff-IBCs aus Vollkunststoff\"}]},{\"@type\":\"WebSite\",\"@id\":\"https:\\\/\\\/mauserpackaging.com\\\/de\\\/#website\",\"url\":\"https:\\\/\\\/mauserpackaging.com\\\/de\\\/\",\"name\":\"Mauser Packaging Solutions\",\"description\":\"Your go-to packaging partner\",\"publisher\":{\"@id\":\"https:\\\/\\\/mauserpackaging.com\\\/de\\\/#organization\"},\"alternateName\":\"Mauser Packaging\",\"potentialAction\":[{\"@type\":\"SearchAction\",\"target\":{\"@type\":\"EntryPoint\",\"urlTemplate\":\"https:\\\/\\\/mauserpackaging.com\\\/de\\\/?s={search_term_string}\"},\"query-input\":{\"@type\":\"PropertyValueSpecification\",\"valueRequired\":true,\"valueName\":\"search_term_string\"}}],\"inLanguage\":\"de\"},{\"@type\":\"Organization\",\"@id\":\"https:\\\/\\\/mauserpackaging.com\\\/de\\\/#organization\",\"name\":\"Mauser Packaging Solutions\",\"alternateName\":\"Mauser Packaging\",\"url\":\"https:\\\/\\\/mauserpackaging.com\\\/de\\\/\",\"logo\":{\"@type\":\"ImageObject\",\"inLanguage\":\"de\",\"@id\":\"https:\\\/\\\/mauserpackaging.com\\\/de\\\/#\\\/schema\\\/logo\\\/image\\\/\",\"url\":\"https:\\\/\\\/mauserpackaging.com\\\/wp-content\\\/uploads\\\/2024\\\/11\\\/Mauser_h_RGB.png\",\"contentUrl\":\"https:\\\/\\\/mauserpackaging.com\\\/wp-content\\\/uploads\\\/2024\\\/11\\\/Mauser_h_RGB.png\",\"width\":1951,\"height\":600,\"caption\":\"Mauser Packaging Solutions\"},\"image\":{\"@id\":\"https:\\\/\\\/mauserpackaging.com\\\/de\\\/#\\\/schema\\\/logo\\\/image\\\/\"},\"sameAs\":[\"https:\\\/\\\/www.linkedin.com\\\/company\\\/mauser-packaging-solutions\\\/\"]}]}<\/script>\n<!-- \/ Yoast SEO Premium plugin. -->","yoast_head_json":{"title":"Stapelbare Vollkunststoff-IBCs aus Vollkunststoff - Mauser Packaging Solutions","description":"Vollkunststoff-IBCs sind ideal f\u00fcr Chemikalien, Schmiermittel, S\u00e4uren, Beschichtungen und mehr und bieten dem Benutzer verbesserte Haltbarkeit und Leistung.","robots":{"index":"index","follow":"follow","max-snippet":"max-snippet:-1","max-image-preview":"max-image-preview:large","max-video-preview":"max-video-preview:-1"},"canonical":"https:\/\/mauserpackaging.com\/de\/produkte-und-innovationen\/intermediate-bulk-containers\/stapelbare-vollkunststoff-ibcs-aus-vollkunststoff\/","og_locale":"de_DE","og_type":"article","og_title":"Stapelbare Vollkunststoff-IBCs aus Vollkunststoff","og_description":"Vollkunststoff-IBCs sind ideal f\u00fcr Chemikalien, Schmiermittel, S\u00e4uren, Beschichtungen und mehr und bieten dem Benutzer verbesserte Haltbarkeit und Leistung.","og_url":"https:\/\/mauserpackaging.com\/de\/produkte-und-innovationen\/intermediate-bulk-containers\/stapelbare-vollkunststoff-ibcs-aus-vollkunststoff\/","og_site_name":"Mauser Packaging Solutions","article_modified_time":"2025-10-21T21:01:39+00:00","og_image":[{"width":1200,"height":675,"url":"https:\/\/mauserpackaging.com\/wp-content\/uploads\/2026\/03\/Mauser_Default_SiteImage.jpg","type":"image\/jpeg"}],"twitter_card":"summary_large_image","twitter_misc":{"Gesch\u00e4tzte Lesezeit":"7\u00a0Minuten"},"schema":{"@context":"https:\/\/schema.org","@graph":[{"@type":"WebPage","@id":"https:\/\/mauserpackaging.com\/de\/produkte-und-innovationen\/intermediate-bulk-containers\/stapelbare-vollkunststoff-ibcs-aus-vollkunststoff\/","url":"https:\/\/mauserpackaging.com\/de\/produkte-und-innovationen\/intermediate-bulk-containers\/stapelbare-vollkunststoff-ibcs-aus-vollkunststoff\/","name":"Stapelbare Vollkunststoff-IBCs aus Vollkunststoff - Mauser Packaging Solutions","isPartOf":{"@id":"https:\/\/mauserpackaging.com\/de\/#website"},"datePublished":"2024-12-17T18:48:19+00:00","dateModified":"2025-10-21T21:01:39+00:00","description":"Vollkunststoff-IBCs sind ideal f\u00fcr Chemikalien, Schmiermittel, S\u00e4uren, Beschichtungen und mehr und bieten dem Benutzer verbesserte Haltbarkeit und Leistung.","breadcrumb":{"@id":"https:\/\/mauserpackaging.com\/de\/produkte-und-innovationen\/intermediate-bulk-containers\/stapelbare-vollkunststoff-ibcs-aus-vollkunststoff\/#breadcrumb"},"inLanguage":"de","potentialAction":[{"@type":"ReadAction","target":["https:\/\/mauserpackaging.com\/de\/produkte-und-innovationen\/intermediate-bulk-containers\/stapelbare-vollkunststoff-ibcs-aus-vollkunststoff\/"]}]},{"@type":"BreadcrumbList","@id":"https:\/\/mauserpackaging.com\/de\/produkte-und-innovationen\/intermediate-bulk-containers\/stapelbare-vollkunststoff-ibcs-aus-vollkunststoff\/#breadcrumb","itemListElement":[{"@type":"ListItem","position":1,"name":"Home","item":"https:\/\/mauserpackaging.com\/de\/heim\/"},{"@type":"ListItem","position":2,"name":"Produkte und Innovationen","item":"https:\/\/mauserpackaging.com\/de\/produkte-und-innovationen\/"},{"@type":"ListItem","position":3,"name":"Intermediate Bulk Containers (IBC)","item":"https:\/\/mauserpackaging.com\/de\/produkte-und-innovationen\/intermediate-bulk-containers\/"},{"@type":"ListItem","position":4,"name":"Stapelbare Vollkunststoff-IBCs aus Vollkunststoff"}]},{"@type":"WebSite","@id":"https:\/\/mauserpackaging.com\/de\/#website","url":"https:\/\/mauserpackaging.com\/de\/","name":"Mauser Packaging Solutions","description":"Your go-to packaging partner","publisher":{"@id":"https:\/\/mauserpackaging.com\/de\/#organization"},"alternateName":"Mauser Packaging","potentialAction":[{"@type":"SearchAction","target":{"@type":"EntryPoint","urlTemplate":"https:\/\/mauserpackaging.com\/de\/?s={search_term_string}"},"query-input":{"@type":"PropertyValueSpecification","valueRequired":true,"valueName":"search_term_string"}}],"inLanguage":"de"},{"@type":"Organization","@id":"https:\/\/mauserpackaging.com\/de\/#organization","name":"Mauser Packaging Solutions","alternateName":"Mauser Packaging","url":"https:\/\/mauserpackaging.com\/de\/","logo":{"@type":"ImageObject","inLanguage":"de","@id":"https:\/\/mauserpackaging.com\/de\/#\/schema\/logo\/image\/","url":"https:\/\/mauserpackaging.com\/wp-content\/uploads\/2024\/11\/Mauser_h_RGB.png","contentUrl":"https:\/\/mauserpackaging.com\/wp-content\/uploads\/2024\/11\/Mauser_h_RGB.png","width":1951,"height":600,"caption":"Mauser Packaging Solutions"},"image":{"@id":"https:\/\/mauserpackaging.com\/de\/#\/schema\/logo\/image\/"},"sameAs":["https:\/\/www.linkedin.com\/company\/mauser-packaging-solutions\/"]}]}},"_links":{"self":[{"href":"https:\/\/mauserpackaging.com\/de\/wp-json\/wp\/v2\/pages\/20522","targetHints":{"allow":["GET"]}}],"collection":[{"href":"https:\/\/mauserpackaging.com\/de\/wp-json\/wp\/v2\/pages"}],"about":[{"href":"https:\/\/mauserpackaging.com\/de\/wp-json\/wp\/v2\/types\/page"}],"author":[{"embeddable":true,"href":"https:\/\/mauserpackaging.com\/de\/wp-json\/wp\/v2\/users\/1"}],"replies":[{"embeddable":true,"href":"https:\/\/mauserpackaging.com\/de\/wp-json\/wp\/v2\/comments?post=20522"}],"version-history":[{"count":0,"href":"https:\/\/mauserpackaging.com\/de\/wp-json\/wp\/v2\/pages\/20522\/revisions"}],"up":[{"embeddable":true,"href":"https:\/\/mauserpackaging.com\/de\/wp-json\/wp\/v2\/pages\/20521"}],"wp:attachment":[{"href":"https:\/\/mauserpackaging.com\/de\/wp-json\/wp\/v2\/media?parent=20522"}],"curies":[{"name":"wp","href":"https:\/\/api.w.org\/{rel}","templated":true}]}}