{"id":20519,"date":"2024-12-17T19:18:15","date_gmt":"2024-12-17T19:18:15","guid":{"rendered":"https:\/\/mauserpackstg.wpenginepowered.com\/produkte-und-innovationen\/faesser\/kunststofffaesser\/"},"modified":"2026-04-01T15:20:48","modified_gmt":"2026-04-01T15:20:48","slug":"kunststofffaesser","status":"publish","type":"page","link":"https:\/\/mauserpackaging.com\/de\/produkte-und-innovationen\/faesser\/kunststofffaesser\/","title":{"rendered":"Kunststofff\u00e4sser"},"content":{"rendered":"<div id=\"cs-content\" class=\"cs-content\"><\/div>\n","protected":false},"excerpt":{"rendered":"<p>Home Kunststofff\u00e4sserQualit\u00e4t, Sicherheit, Innovation Von kleinen Betrieben bis hin zu globalen Unternehmen \u2013 unsere Kunststofff\u00e4sser bieten zuverl\u00e4ssige Leistung entlang der gesamten Lieferkette. W\u00e4hlen Sie aus einem breiten Sortiment an gro\u00dfen, mittelgro\u00dfen und spezialisierten Polyf\u00e4ssern, die entwickelt wurden, um die Sicherheit und Integrit\u00e4t Ihrer Produkte zu gew\u00e4hrleisten. Ob mit offenem oder engem Deckel, ein- oder mehrschichtigem Aufbau, mit Barrieretechnologie oder aus&hellip;<\/p>\n","protected":false},"author":1,"featured_media":0,"parent":20516,"menu_order":0,"comment_status":"closed","ping_status":"closed","template":"template-blank-4.php","meta":{"footnotes":""},"class_list":["post-20519","page","type-page","status-publish","hentry","no-post-thumbnail"],"yoast_head":"<!-- This site is optimized with the Yoast SEO Premium plugin v27.4 (Yoast SEO v27.4) - https:\/\/yoast.com\/product\/yoast-seo-premium-wordpress\/ -->\n<title>Kunststofff\u00e4sser | PCR-Optionen | Mauser Packaging<\/title>\n<meta name=\"description\" content=\"Industrielle Kunststofff\u00e4sser bieten eine langlebige, UN-zertifizierte Verpackung f\u00fcr die Lagerung und den Transport von Chemikalien, Lebensmitteln, Farben und Schmierstoffen. Es sind general\u00fcberholte F\u00e4sser sowie F\u00e4sser aus recyceltem Kunststoff erh\u00e4ltlich.\" \/>\n<meta name=\"robots\" content=\"index, follow, max-snippet:-1, max-image-preview:large, max-video-preview:-1\" \/>\n<link rel=\"canonical\" href=\"https:\/\/mauserpackaging.com\/de\/produkte-und-innovationen\/faesser\/kunststofffaesser\/\" \/>\n<meta property=\"og:locale\" content=\"de_DE\" \/>\n<meta property=\"og:type\" content=\"article\" \/>\n<meta property=\"og:title\" content=\"Kunststofff\u00e4sser\" \/>\n<meta property=\"og:description\" content=\"Industrielle Kunststofff\u00e4sser bieten eine langlebige, UN-zertifizierte Verpackung f\u00fcr die Lagerung und den Transport von Chemikalien, Lebensmitteln, Farben und Schmierstoffen. Es sind general\u00fcberholte F\u00e4sser sowie F\u00e4sser aus recyceltem Kunststoff erh\u00e4ltlich.\" \/>\n<meta property=\"og:url\" content=\"https:\/\/mauserpackaging.com\/de\/produkte-und-innovationen\/faesser\/kunststofffaesser\/\" \/>\n<meta property=\"og:site_name\" content=\"Mauser Packaging Solutions\" \/>\n<meta property=\"article:modified_time\" content=\"2026-04-01T15:20:48+00:00\" \/>\n<meta property=\"og:image\" content=\"https:\/\/mauserpackaging.com\/wp-content\/uploads\/2026\/03\/Mauser_Default_SiteImage.jpg\" \/>\n\t<meta property=\"og:image:width\" content=\"1200\" \/>\n\t<meta property=\"og:image:height\" content=\"675\" \/>\n\t<meta property=\"og:image:type\" content=\"image\/jpeg\" \/>\n<meta name=\"twitter:card\" content=\"summary_large_image\" \/>\n<meta name=\"twitter:label1\" content=\"Gesch\u00e4tzte Lesezeit\" \/>\n\t<meta name=\"twitter:data1\" content=\"8\u00a0Minuten\" \/>\n<script type=\"application\/ld+json\" class=\"yoast-schema-graph\">{\"@context\":\"https:\\\/\\\/schema.org\",\"@graph\":[{\"@type\":\"WebPage\",\"@id\":\"https:\\\/\\\/mauserpackaging.com\\\/de\\\/produkte-und-innovationen\\\/faesser\\\/kunststofffaesser\\\/\",\"url\":\"https:\\\/\\\/mauserpackaging.com\\\/de\\\/produkte-und-innovationen\\\/faesser\\\/kunststofffaesser\\\/\",\"name\":\"Kunststofff\u00e4sser | PCR-Optionen | Mauser Packaging\",\"isPartOf\":{\"@id\":\"https:\\\/\\\/mauserpackaging.com\\\/de\\\/#website\"},\"datePublished\":\"2024-12-17T19:18:15+00:00\",\"dateModified\":\"2026-04-01T15:20:48+00:00\",\"description\":\"Industrielle Kunststofff\u00e4sser bieten eine langlebige, UN-zertifizierte Verpackung f\u00fcr die Lagerung und den Transport von Chemikalien, Lebensmitteln, Farben und Schmierstoffen. Es sind general\u00fcberholte F\u00e4sser sowie F\u00e4sser aus recyceltem Kunststoff erh\u00e4ltlich.\",\"breadcrumb\":{\"@id\":\"https:\\\/\\\/mauserpackaging.com\\\/de\\\/produkte-und-innovationen\\\/faesser\\\/kunststofffaesser\\\/#breadcrumb\"},\"inLanguage\":\"de\",\"potentialAction\":[{\"@type\":\"ReadAction\",\"target\":[\"https:\\\/\\\/mauserpackaging.com\\\/de\\\/produkte-und-innovationen\\\/faesser\\\/kunststofffaesser\\\/\"]}]},{\"@type\":\"BreadcrumbList\",\"@id\":\"https:\\\/\\\/mauserpackaging.com\\\/de\\\/produkte-und-innovationen\\\/faesser\\\/kunststofffaesser\\\/#breadcrumb\",\"itemListElement\":[{\"@type\":\"ListItem\",\"position\":1,\"name\":\"Home\",\"item\":\"https:\\\/\\\/mauserpackaging.com\\\/de\\\/heim\\\/\"},{\"@type\":\"ListItem\",\"position\":2,\"name\":\"Produkte und Innovationen\",\"item\":\"https:\\\/\\\/mauserpackaging.com\\\/de\\\/produkte-und-innovationen\\\/\"},{\"@type\":\"ListItem\",\"position\":3,\"name\":\"F\u00e4sser\",\"item\":\"https:\\\/\\\/mauserpackaging.com\\\/de\\\/produkte-und-innovationen\\\/faesser\\\/\"},{\"@type\":\"ListItem\",\"position\":4,\"name\":\"Kunststofff\u00e4sser\"}]},{\"@type\":\"WebSite\",\"@id\":\"https:\\\/\\\/mauserpackaging.com\\\/de\\\/#website\",\"url\":\"https:\\\/\\\/mauserpackaging.com\\\/de\\\/\",\"name\":\"Mauser Packaging Solutions\",\"description\":\"Your go-to packaging partner\",\"publisher\":{\"@id\":\"https:\\\/\\\/mauserpackaging.com\\\/de\\\/#organization\"},\"alternateName\":\"Mauser Packaging\",\"potentialAction\":[{\"@type\":\"SearchAction\",\"target\":{\"@type\":\"EntryPoint\",\"urlTemplate\":\"https:\\\/\\\/mauserpackaging.com\\\/de\\\/?s={search_term_string}\"},\"query-input\":{\"@type\":\"PropertyValueSpecification\",\"valueRequired\":true,\"valueName\":\"search_term_string\"}}],\"inLanguage\":\"de\"},{\"@type\":\"Organization\",\"@id\":\"https:\\\/\\\/mauserpackaging.com\\\/de\\\/#organization\",\"name\":\"Mauser Packaging Solutions\",\"alternateName\":\"Mauser Packaging\",\"url\":\"https:\\\/\\\/mauserpackaging.com\\\/de\\\/\",\"logo\":{\"@type\":\"ImageObject\",\"inLanguage\":\"de\",\"@id\":\"https:\\\/\\\/mauserpackaging.com\\\/de\\\/#\\\/schema\\\/logo\\\/image\\\/\",\"url\":\"https:\\\/\\\/mauserpackaging.com\\\/wp-content\\\/uploads\\\/2024\\\/11\\\/Mauser_h_RGB.png\",\"contentUrl\":\"https:\\\/\\\/mauserpackaging.com\\\/wp-content\\\/uploads\\\/2024\\\/11\\\/Mauser_h_RGB.png\",\"width\":1951,\"height\":600,\"caption\":\"Mauser Packaging Solutions\"},\"image\":{\"@id\":\"https:\\\/\\\/mauserpackaging.com\\\/de\\\/#\\\/schema\\\/logo\\\/image\\\/\"},\"sameAs\":[\"https:\\\/\\\/www.linkedin.com\\\/company\\\/mauser-packaging-solutions\\\/\"]}]}<\/script>\n<!-- \/ Yoast SEO Premium plugin. -->","yoast_head_json":{"title":"Kunststofff\u00e4sser | PCR-Optionen | Mauser Packaging","description":"Industrielle Kunststofff\u00e4sser bieten eine langlebige, UN-zertifizierte Verpackung f\u00fcr die Lagerung und den Transport von Chemikalien, Lebensmitteln, Farben und Schmierstoffen. Es sind general\u00fcberholte F\u00e4sser sowie F\u00e4sser aus recyceltem Kunststoff erh\u00e4ltlich.","robots":{"index":"index","follow":"follow","max-snippet":"max-snippet:-1","max-image-preview":"max-image-preview:large","max-video-preview":"max-video-preview:-1"},"canonical":"https:\/\/mauserpackaging.com\/de\/produkte-und-innovationen\/faesser\/kunststofffaesser\/","og_locale":"de_DE","og_type":"article","og_title":"Kunststofff\u00e4sser","og_description":"Industrielle Kunststofff\u00e4sser bieten eine langlebige, UN-zertifizierte Verpackung f\u00fcr die Lagerung und den Transport von Chemikalien, Lebensmitteln, Farben und Schmierstoffen. Es sind general\u00fcberholte F\u00e4sser sowie F\u00e4sser aus recyceltem Kunststoff erh\u00e4ltlich.","og_url":"https:\/\/mauserpackaging.com\/de\/produkte-und-innovationen\/faesser\/kunststofffaesser\/","og_site_name":"Mauser Packaging Solutions","article_modified_time":"2026-04-01T15:20:48+00:00","og_image":[{"width":1200,"height":675,"url":"https:\/\/mauserpackaging.com\/wp-content\/uploads\/2026\/03\/Mauser_Default_SiteImage.jpg","type":"image\/jpeg"}],"twitter_card":"summary_large_image","twitter_misc":{"Gesch\u00e4tzte Lesezeit":"8\u00a0Minuten"},"schema":{"@context":"https:\/\/schema.org","@graph":[{"@type":"WebPage","@id":"https:\/\/mauserpackaging.com\/de\/produkte-und-innovationen\/faesser\/kunststofffaesser\/","url":"https:\/\/mauserpackaging.com\/de\/produkte-und-innovationen\/faesser\/kunststofffaesser\/","name":"Kunststofff\u00e4sser | PCR-Optionen | Mauser Packaging","isPartOf":{"@id":"https:\/\/mauserpackaging.com\/de\/#website"},"datePublished":"2024-12-17T19:18:15+00:00","dateModified":"2026-04-01T15:20:48+00:00","description":"Industrielle Kunststofff\u00e4sser bieten eine langlebige, UN-zertifizierte Verpackung f\u00fcr die Lagerung und den Transport von Chemikalien, Lebensmitteln, Farben und Schmierstoffen. Es sind general\u00fcberholte F\u00e4sser sowie F\u00e4sser aus recyceltem Kunststoff erh\u00e4ltlich.","breadcrumb":{"@id":"https:\/\/mauserpackaging.com\/de\/produkte-und-innovationen\/faesser\/kunststofffaesser\/#breadcrumb"},"inLanguage":"de","potentialAction":[{"@type":"ReadAction","target":["https:\/\/mauserpackaging.com\/de\/produkte-und-innovationen\/faesser\/kunststofffaesser\/"]}]},{"@type":"BreadcrumbList","@id":"https:\/\/mauserpackaging.com\/de\/produkte-und-innovationen\/faesser\/kunststofffaesser\/#breadcrumb","itemListElement":[{"@type":"ListItem","position":1,"name":"Home","item":"https:\/\/mauserpackaging.com\/de\/heim\/"},{"@type":"ListItem","position":2,"name":"Produkte und Innovationen","item":"https:\/\/mauserpackaging.com\/de\/produkte-und-innovationen\/"},{"@type":"ListItem","position":3,"name":"F\u00e4sser","item":"https:\/\/mauserpackaging.com\/de\/produkte-und-innovationen\/faesser\/"},{"@type":"ListItem","position":4,"name":"Kunststofff\u00e4sser"}]},{"@type":"WebSite","@id":"https:\/\/mauserpackaging.com\/de\/#website","url":"https:\/\/mauserpackaging.com\/de\/","name":"Mauser Packaging Solutions","description":"Your go-to packaging partner","publisher":{"@id":"https:\/\/mauserpackaging.com\/de\/#organization"},"alternateName":"Mauser Packaging","potentialAction":[{"@type":"SearchAction","target":{"@type":"EntryPoint","urlTemplate":"https:\/\/mauserpackaging.com\/de\/?s={search_term_string}"},"query-input":{"@type":"PropertyValueSpecification","valueRequired":true,"valueName":"search_term_string"}}],"inLanguage":"de"},{"@type":"Organization","@id":"https:\/\/mauserpackaging.com\/de\/#organization","name":"Mauser Packaging Solutions","alternateName":"Mauser Packaging","url":"https:\/\/mauserpackaging.com\/de\/","logo":{"@type":"ImageObject","inLanguage":"de","@id":"https:\/\/mauserpackaging.com\/de\/#\/schema\/logo\/image\/","url":"https:\/\/mauserpackaging.com\/wp-content\/uploads\/2024\/11\/Mauser_h_RGB.png","contentUrl":"https:\/\/mauserpackaging.com\/wp-content\/uploads\/2024\/11\/Mauser_h_RGB.png","width":1951,"height":600,"caption":"Mauser Packaging Solutions"},"image":{"@id":"https:\/\/mauserpackaging.com\/de\/#\/schema\/logo\/image\/"},"sameAs":["https:\/\/www.linkedin.com\/company\/mauser-packaging-solutions\/"]}]}},"_links":{"self":[{"href":"https:\/\/mauserpackaging.com\/de\/wp-json\/wp\/v2\/pages\/20519","targetHints":{"allow":["GET"]}}],"collection":[{"href":"https:\/\/mauserpackaging.com\/de\/wp-json\/wp\/v2\/pages"}],"about":[{"href":"https:\/\/mauserpackaging.com\/de\/wp-json\/wp\/v2\/types\/page"}],"author":[{"embeddable":true,"href":"https:\/\/mauserpackaging.com\/de\/wp-json\/wp\/v2\/users\/1"}],"replies":[{"embeddable":true,"href":"https:\/\/mauserpackaging.com\/de\/wp-json\/wp\/v2\/comments?post=20519"}],"version-history":[{"count":0,"href":"https:\/\/mauserpackaging.com\/de\/wp-json\/wp\/v2\/pages\/20519\/revisions"}],"up":[{"embeddable":true,"href":"https:\/\/mauserpackaging.com\/de\/wp-json\/wp\/v2\/pages\/20516"}],"wp:attachment":[{"href":"https:\/\/mauserpackaging.com\/de\/wp-json\/wp\/v2\/media?parent=20519"}],"curies":[{"name":"wp","href":"https:\/\/api.w.org\/{rel}","templated":true}]}}