{"id":20514,"date":"2024-12-17T20:00:45","date_gmt":"2024-12-17T20:00:45","guid":{"rendered":"https:\/\/mauserpackstg.wpenginepowered.com\/produkte-und-innovationen\/dosen\/oeldosen\/"},"modified":"2025-12-05T18:35:50","modified_gmt":"2025-12-05T18:35:50","slug":"oeldosen","status":"publish","type":"page","link":"https:\/\/mauserpackaging.com\/de\/produkte-und-innovationen\/dosen\/oeldosen\/","title":{"rendered":"\u00d6ldosen"},"content":{"rendered":"<div id=\"cs-content\" class=\"cs-content\"><\/div>\n","protected":false},"excerpt":{"rendered":"<p>Home \u00d6ldosenErstklassige Qualit\u00e4t \u00d6l bewegt die Welt \u2013 wir sorgen f\u00fcr die passende Verpackung.Unsere robusten Metall-\u00d6ldosen sind die ideale L\u00f6sung f\u00fcr den sicheren Transport und die effiziente Lagerung von Produkten wie Motor\u00f6len, Flugzeugschmierstoffen und Hydraulikfl\u00fcssigkeiten. Sie lassen sich hervorragend stapeln, einfach handhaben und bieten durch vielf\u00e4ltige Gestaltungsm\u00f6glichkeiten eine starke B\u00fchne f\u00fcr Ihre Marke. F\u00fcr eine vollst\u00e4ndige Verpackungsl\u00f6sung liefern wir die&hellip;<\/p>\n","protected":false},"author":1,"featured_media":0,"parent":20510,"menu_order":0,"comment_status":"closed","ping_status":"closed","template":"template-blank-4.php","meta":{"footnotes":""},"class_list":["post-20514","page","type-page","status-publish","hentry","no-post-thumbnail"],"yoast_head":"<!-- This site is optimized with the Yoast SEO Premium plugin v27.4 (Yoast SEO v27.4) - https:\/\/yoast.com\/product\/yoast-seo-premium-wordpress\/ -->\n<title>\u00d6ldosen - Mauser Packaging Solutions<\/title>\n<meta name=\"description\" content=\"Wir sorgen daf\u00fcr, dass \u00d6lprodukte in langlebigen, komplett aus Metall gefertigten \u00d6lkanistern transportiert werden k\u00f6nnen, die sich gut transportieren und stapeln lassen und Ihre Marke hervorstechen lassen.\" \/>\n<meta name=\"robots\" content=\"index, follow, max-snippet:-1, max-image-preview:large, max-video-preview:-1\" \/>\n<link rel=\"canonical\" href=\"https:\/\/mauserpackaging.com\/de\/produkte-und-innovationen\/dosen\/oeldosen\/\" \/>\n<meta property=\"og:locale\" content=\"de_DE\" \/>\n<meta property=\"og:type\" content=\"article\" \/>\n<meta property=\"og:title\" content=\"\u00d6ldosen\" \/>\n<meta property=\"og:description\" content=\"Wir sorgen daf\u00fcr, dass \u00d6lprodukte in langlebigen, komplett aus Metall gefertigten \u00d6lkanistern transportiert werden k\u00f6nnen, die sich gut transportieren und stapeln lassen und Ihre Marke hervorstechen lassen.\" \/>\n<meta property=\"og:url\" content=\"https:\/\/mauserpackaging.com\/de\/produkte-und-innovationen\/dosen\/oeldosen\/\" \/>\n<meta property=\"og:site_name\" content=\"Mauser Packaging Solutions\" \/>\n<meta property=\"article:modified_time\" content=\"2025-12-05T18:35:50+00:00\" \/>\n<meta property=\"og:image\" content=\"https:\/\/mauserpackaging.com\/wp-content\/uploads\/2026\/03\/Mauser_Default_SiteImage.jpg\" \/>\n\t<meta property=\"og:image:width\" content=\"1200\" \/>\n\t<meta property=\"og:image:height\" content=\"675\" \/>\n\t<meta property=\"og:image:type\" content=\"image\/jpeg\" \/>\n<meta name=\"twitter:card\" content=\"summary_large_image\" \/>\n<meta name=\"twitter:label1\" content=\"Gesch\u00e4tzte Lesezeit\" \/>\n\t<meta name=\"twitter:data1\" content=\"6\u00a0Minuten\" \/>\n<script type=\"application\/ld+json\" class=\"yoast-schema-graph\">{\"@context\":\"https:\\\/\\\/schema.org\",\"@graph\":[{\"@type\":\"WebPage\",\"@id\":\"https:\\\/\\\/mauserpackaging.com\\\/de\\\/produkte-und-innovationen\\\/dosen\\\/oeldosen\\\/\",\"url\":\"https:\\\/\\\/mauserpackaging.com\\\/de\\\/produkte-und-innovationen\\\/dosen\\\/oeldosen\\\/\",\"name\":\"\u00d6ldosen - Mauser Packaging Solutions\",\"isPartOf\":{\"@id\":\"https:\\\/\\\/mauserpackaging.com\\\/de\\\/#website\"},\"datePublished\":\"2024-12-17T20:00:45+00:00\",\"dateModified\":\"2025-12-05T18:35:50+00:00\",\"description\":\"Wir sorgen daf\u00fcr, dass \u00d6lprodukte in langlebigen, komplett aus Metall gefertigten \u00d6lkanistern transportiert werden k\u00f6nnen, die sich gut transportieren und stapeln lassen und Ihre Marke hervorstechen lassen.\",\"breadcrumb\":{\"@id\":\"https:\\\/\\\/mauserpackaging.com\\\/de\\\/produkte-und-innovationen\\\/dosen\\\/oeldosen\\\/#breadcrumb\"},\"inLanguage\":\"de\",\"potentialAction\":[{\"@type\":\"ReadAction\",\"target\":[\"https:\\\/\\\/mauserpackaging.com\\\/de\\\/produkte-und-innovationen\\\/dosen\\\/oeldosen\\\/\"]}]},{\"@type\":\"BreadcrumbList\",\"@id\":\"https:\\\/\\\/mauserpackaging.com\\\/de\\\/produkte-und-innovationen\\\/dosen\\\/oeldosen\\\/#breadcrumb\",\"itemListElement\":[{\"@type\":\"ListItem\",\"position\":1,\"name\":\"Home\",\"item\":\"https:\\\/\\\/mauserpackaging.com\\\/de\\\/heim\\\/\"},{\"@type\":\"ListItem\",\"position\":2,\"name\":\"Produkte und Innovationen\",\"item\":\"https:\\\/\\\/mauserpackaging.com\\\/de\\\/produkte-und-innovationen\\\/\"},{\"@type\":\"ListItem\",\"position\":3,\"name\":\"Dosen\",\"item\":\"https:\\\/\\\/mauserpackaging.com\\\/de\\\/produkte-und-innovationen\\\/dosen\\\/\"},{\"@type\":\"ListItem\",\"position\":4,\"name\":\"\u00d6ldosen\"}]},{\"@type\":\"WebSite\",\"@id\":\"https:\\\/\\\/mauserpackaging.com\\\/de\\\/#website\",\"url\":\"https:\\\/\\\/mauserpackaging.com\\\/de\\\/\",\"name\":\"Mauser Packaging Solutions\",\"description\":\"Your go-to packaging partner\",\"publisher\":{\"@id\":\"https:\\\/\\\/mauserpackaging.com\\\/de\\\/#organization\"},\"alternateName\":\"Mauser Packaging\",\"potentialAction\":[{\"@type\":\"SearchAction\",\"target\":{\"@type\":\"EntryPoint\",\"urlTemplate\":\"https:\\\/\\\/mauserpackaging.com\\\/de\\\/?s={search_term_string}\"},\"query-input\":{\"@type\":\"PropertyValueSpecification\",\"valueRequired\":true,\"valueName\":\"search_term_string\"}}],\"inLanguage\":\"de\"},{\"@type\":\"Organization\",\"@id\":\"https:\\\/\\\/mauserpackaging.com\\\/de\\\/#organization\",\"name\":\"Mauser Packaging Solutions\",\"alternateName\":\"Mauser Packaging\",\"url\":\"https:\\\/\\\/mauserpackaging.com\\\/de\\\/\",\"logo\":{\"@type\":\"ImageObject\",\"inLanguage\":\"de\",\"@id\":\"https:\\\/\\\/mauserpackaging.com\\\/de\\\/#\\\/schema\\\/logo\\\/image\\\/\",\"url\":\"https:\\\/\\\/mauserpackaging.com\\\/wp-content\\\/uploads\\\/2024\\\/11\\\/Mauser_h_RGB.png\",\"contentUrl\":\"https:\\\/\\\/mauserpackaging.com\\\/wp-content\\\/uploads\\\/2024\\\/11\\\/Mauser_h_RGB.png\",\"width\":1951,\"height\":600,\"caption\":\"Mauser Packaging Solutions\"},\"image\":{\"@id\":\"https:\\\/\\\/mauserpackaging.com\\\/de\\\/#\\\/schema\\\/logo\\\/image\\\/\"},\"sameAs\":[\"https:\\\/\\\/www.linkedin.com\\\/company\\\/mauser-packaging-solutions\\\/\"]}]}<\/script>\n<!-- \/ Yoast SEO Premium plugin. -->","yoast_head_json":{"title":"\u00d6ldosen - Mauser Packaging Solutions","description":"Wir sorgen daf\u00fcr, dass \u00d6lprodukte in langlebigen, komplett aus Metall gefertigten \u00d6lkanistern transportiert werden k\u00f6nnen, die sich gut transportieren und stapeln lassen und Ihre Marke hervorstechen lassen.","robots":{"index":"index","follow":"follow","max-snippet":"max-snippet:-1","max-image-preview":"max-image-preview:large","max-video-preview":"max-video-preview:-1"},"canonical":"https:\/\/mauserpackaging.com\/de\/produkte-und-innovationen\/dosen\/oeldosen\/","og_locale":"de_DE","og_type":"article","og_title":"\u00d6ldosen","og_description":"Wir sorgen daf\u00fcr, dass \u00d6lprodukte in langlebigen, komplett aus Metall gefertigten \u00d6lkanistern transportiert werden k\u00f6nnen, die sich gut transportieren und stapeln lassen und Ihre Marke hervorstechen lassen.","og_url":"https:\/\/mauserpackaging.com\/de\/produkte-und-innovationen\/dosen\/oeldosen\/","og_site_name":"Mauser Packaging Solutions","article_modified_time":"2025-12-05T18:35:50+00:00","og_image":[{"width":1200,"height":675,"url":"https:\/\/mauserpackaging.com\/wp-content\/uploads\/2026\/03\/Mauser_Default_SiteImage.jpg","type":"image\/jpeg"}],"twitter_card":"summary_large_image","twitter_misc":{"Gesch\u00e4tzte Lesezeit":"6\u00a0Minuten"},"schema":{"@context":"https:\/\/schema.org","@graph":[{"@type":"WebPage","@id":"https:\/\/mauserpackaging.com\/de\/produkte-und-innovationen\/dosen\/oeldosen\/","url":"https:\/\/mauserpackaging.com\/de\/produkte-und-innovationen\/dosen\/oeldosen\/","name":"\u00d6ldosen - Mauser Packaging Solutions","isPartOf":{"@id":"https:\/\/mauserpackaging.com\/de\/#website"},"datePublished":"2024-12-17T20:00:45+00:00","dateModified":"2025-12-05T18:35:50+00:00","description":"Wir sorgen daf\u00fcr, dass \u00d6lprodukte in langlebigen, komplett aus Metall gefertigten \u00d6lkanistern transportiert werden k\u00f6nnen, die sich gut transportieren und stapeln lassen und Ihre Marke hervorstechen lassen.","breadcrumb":{"@id":"https:\/\/mauserpackaging.com\/de\/produkte-und-innovationen\/dosen\/oeldosen\/#breadcrumb"},"inLanguage":"de","potentialAction":[{"@type":"ReadAction","target":["https:\/\/mauserpackaging.com\/de\/produkte-und-innovationen\/dosen\/oeldosen\/"]}]},{"@type":"BreadcrumbList","@id":"https:\/\/mauserpackaging.com\/de\/produkte-und-innovationen\/dosen\/oeldosen\/#breadcrumb","itemListElement":[{"@type":"ListItem","position":1,"name":"Home","item":"https:\/\/mauserpackaging.com\/de\/heim\/"},{"@type":"ListItem","position":2,"name":"Produkte und Innovationen","item":"https:\/\/mauserpackaging.com\/de\/produkte-und-innovationen\/"},{"@type":"ListItem","position":3,"name":"Dosen","item":"https:\/\/mauserpackaging.com\/de\/produkte-und-innovationen\/dosen\/"},{"@type":"ListItem","position":4,"name":"\u00d6ldosen"}]},{"@type":"WebSite","@id":"https:\/\/mauserpackaging.com\/de\/#website","url":"https:\/\/mauserpackaging.com\/de\/","name":"Mauser Packaging Solutions","description":"Your go-to packaging partner","publisher":{"@id":"https:\/\/mauserpackaging.com\/de\/#organization"},"alternateName":"Mauser Packaging","potentialAction":[{"@type":"SearchAction","target":{"@type":"EntryPoint","urlTemplate":"https:\/\/mauserpackaging.com\/de\/?s={search_term_string}"},"query-input":{"@type":"PropertyValueSpecification","valueRequired":true,"valueName":"search_term_string"}}],"inLanguage":"de"},{"@type":"Organization","@id":"https:\/\/mauserpackaging.com\/de\/#organization","name":"Mauser Packaging Solutions","alternateName":"Mauser Packaging","url":"https:\/\/mauserpackaging.com\/de\/","logo":{"@type":"ImageObject","inLanguage":"de","@id":"https:\/\/mauserpackaging.com\/de\/#\/schema\/logo\/image\/","url":"https:\/\/mauserpackaging.com\/wp-content\/uploads\/2024\/11\/Mauser_h_RGB.png","contentUrl":"https:\/\/mauserpackaging.com\/wp-content\/uploads\/2024\/11\/Mauser_h_RGB.png","width":1951,"height":600,"caption":"Mauser Packaging Solutions"},"image":{"@id":"https:\/\/mauserpackaging.com\/de\/#\/schema\/logo\/image\/"},"sameAs":["https:\/\/www.linkedin.com\/company\/mauser-packaging-solutions\/"]}]}},"_links":{"self":[{"href":"https:\/\/mauserpackaging.com\/de\/wp-json\/wp\/v2\/pages\/20514","targetHints":{"allow":["GET"]}}],"collection":[{"href":"https:\/\/mauserpackaging.com\/de\/wp-json\/wp\/v2\/pages"}],"about":[{"href":"https:\/\/mauserpackaging.com\/de\/wp-json\/wp\/v2\/types\/page"}],"author":[{"embeddable":true,"href":"https:\/\/mauserpackaging.com\/de\/wp-json\/wp\/v2\/users\/1"}],"replies":[{"embeddable":true,"href":"https:\/\/mauserpackaging.com\/de\/wp-json\/wp\/v2\/comments?post=20514"}],"version-history":[{"count":0,"href":"https:\/\/mauserpackaging.com\/de\/wp-json\/wp\/v2\/pages\/20514\/revisions"}],"up":[{"embeddable":true,"href":"https:\/\/mauserpackaging.com\/de\/wp-json\/wp\/v2\/pages\/20510"}],"wp:attachment":[{"href":"https:\/\/mauserpackaging.com\/de\/wp-json\/wp\/v2\/media?parent=20514"}],"curies":[{"name":"wp","href":"https:\/\/api.w.org\/{rel}","templated":true}]}}