{"id":20511,"date":"2024-12-17T20:02:38","date_gmt":"2024-12-17T20:02:38","guid":{"rendered":"https:\/\/mauserpackstg.wpenginepowered.com\/produkte-und-innovationen\/dosen\/kegel-ausgiessbare-dosen\/"},"modified":"2026-04-01T16:06:40","modified_gmt":"2026-04-01T16:06:40","slug":"kegel-ausgiessbare-dosen","status":"publish","type":"page","link":"https:\/\/mauserpackaging.com\/de\/produkte-und-innovationen\/dosen\/kegel-ausgiessbare-dosen\/","title":{"rendered":"Kegel- &amp; Ausgie\u00dfbare Dosen"},"content":{"rendered":"<div id=\"cs-content\" class=\"cs-content\"><\/div>\n","protected":false},"excerpt":{"rendered":"<p>Home Kegel- &amp; Ausgie\u00dfbare DosenGleichm\u00e4\u00dfig und kontrolliert ausgie\u00dfen \u2013 mit unseren Diese Dosen sind in der Automobil-, Kraftstoff-, Farben- und Spezialchemiebranche weit verbreitet und weltweit in Werkst\u00e4tten und Verkaufsregalen zu finden. Sie erm\u00f6glichen durch ihre spezielle Formgebung ein sauberes, gleichm\u00e4\u00dfiges und kontrolliertes Ausgie\u00dfen \u2013 ganz im Sinne des Endverbrauchers. Erh\u00e4ltlich in verschiedenen Gr\u00f6\u00dfen und Halsausf\u00fchrungen, lassen sich unsere Cone- und&hellip;<\/p>\n","protected":false},"author":1,"featured_media":0,"parent":20510,"menu_order":0,"comment_status":"closed","ping_status":"closed","template":"template-blank-4.php","meta":{"footnotes":""},"class_list":["post-20511","page","type-page","status-publish","hentry","no-post-thumbnail"],"yoast_head":"<!-- This site is optimized with the Yoast SEO Premium plugin v27.4 (Yoast SEO v27.4) - https:\/\/yoast.com\/product\/yoast-seo-premium-wordpress\/ -->\n<title>Kegel- &amp; Ausgie\u00dfbare Dosen | Mauser Packaging<\/title>\n<meta name=\"description\" content=\"Dosen mit Metalltrichter und Ausgie\u00dfer f\u00fcr das kontrollierte Ausgie\u00dfen von Kfz-Produkten, Kraftstoffen und Spezialprodukten, wie sie in den Regalen von Gesch\u00e4ften und Werkst\u00e4tten zu finden sind\" \/>\n<meta name=\"robots\" content=\"index, follow, max-snippet:-1, max-image-preview:large, max-video-preview:-1\" \/>\n<link rel=\"canonical\" href=\"https:\/\/mauserpackaging.com\/de\/produkte-und-innovationen\/dosen\/kegel-ausgiessbare-dosen\/\" \/>\n<meta property=\"og:locale\" content=\"de_DE\" \/>\n<meta property=\"og:type\" content=\"article\" \/>\n<meta property=\"og:title\" content=\"Kegel- &amp; Ausgie\u00dfbare Dosen\" \/>\n<meta property=\"og:description\" content=\"Dosen mit Metalltrichter und Ausgie\u00dfer f\u00fcr das kontrollierte Ausgie\u00dfen von Kfz-Produkten, Kraftstoffen und Spezialprodukten, wie sie in den Regalen von Gesch\u00e4ften und Werkst\u00e4tten zu finden sind\" \/>\n<meta property=\"og:url\" content=\"https:\/\/mauserpackaging.com\/de\/produkte-und-innovationen\/dosen\/kegel-ausgiessbare-dosen\/\" \/>\n<meta property=\"og:site_name\" content=\"Mauser Packaging Solutions\" \/>\n<meta property=\"article:modified_time\" content=\"2026-04-01T16:06:40+00:00\" \/>\n<meta property=\"og:image\" content=\"https:\/\/mauserpackaging.com\/wp-content\/uploads\/2026\/03\/Mauser_Default_SiteImage.jpg\" \/>\n\t<meta property=\"og:image:width\" content=\"1200\" \/>\n\t<meta property=\"og:image:height\" content=\"675\" \/>\n\t<meta property=\"og:image:type\" content=\"image\/jpeg\" \/>\n<meta name=\"twitter:card\" content=\"summary_large_image\" \/>\n<meta name=\"twitter:label1\" content=\"Gesch\u00e4tzte Lesezeit\" \/>\n\t<meta name=\"twitter:data1\" content=\"7\u00a0Minuten\" \/>\n<script type=\"application\/ld+json\" class=\"yoast-schema-graph\">{\"@context\":\"https:\\\/\\\/schema.org\",\"@graph\":[{\"@type\":\"WebPage\",\"@id\":\"https:\\\/\\\/mauserpackaging.com\\\/de\\\/produkte-und-innovationen\\\/dosen\\\/kegel-ausgiessbare-dosen\\\/\",\"url\":\"https:\\\/\\\/mauserpackaging.com\\\/de\\\/produkte-und-innovationen\\\/dosen\\\/kegel-ausgiessbare-dosen\\\/\",\"name\":\"Kegel- &amp; Ausgie\u00dfbare Dosen | Mauser Packaging\",\"isPartOf\":{\"@id\":\"https:\\\/\\\/mauserpackaging.com\\\/de\\\/#website\"},\"datePublished\":\"2024-12-17T20:02:38+00:00\",\"dateModified\":\"2026-04-01T16:06:40+00:00\",\"description\":\"Dosen mit Metalltrichter und Ausgie\u00dfer f\u00fcr das kontrollierte Ausgie\u00dfen von Kfz-Produkten, Kraftstoffen und Spezialprodukten, wie sie in den Regalen von Gesch\u00e4ften und Werkst\u00e4tten zu finden sind\",\"breadcrumb\":{\"@id\":\"https:\\\/\\\/mauserpackaging.com\\\/de\\\/produkte-und-innovationen\\\/dosen\\\/kegel-ausgiessbare-dosen\\\/#breadcrumb\"},\"inLanguage\":\"de\",\"potentialAction\":[{\"@type\":\"ReadAction\",\"target\":[\"https:\\\/\\\/mauserpackaging.com\\\/de\\\/produkte-und-innovationen\\\/dosen\\\/kegel-ausgiessbare-dosen\\\/\"]}]},{\"@type\":\"BreadcrumbList\",\"@id\":\"https:\\\/\\\/mauserpackaging.com\\\/de\\\/produkte-und-innovationen\\\/dosen\\\/kegel-ausgiessbare-dosen\\\/#breadcrumb\",\"itemListElement\":[{\"@type\":\"ListItem\",\"position\":1,\"name\":\"Home\",\"item\":\"https:\\\/\\\/mauserpackaging.com\\\/de\\\/heim\\\/\"},{\"@type\":\"ListItem\",\"position\":2,\"name\":\"Produkte und Innovationen\",\"item\":\"https:\\\/\\\/mauserpackaging.com\\\/de\\\/produkte-und-innovationen\\\/\"},{\"@type\":\"ListItem\",\"position\":3,\"name\":\"Dosen\",\"item\":\"https:\\\/\\\/mauserpackaging.com\\\/de\\\/produkte-und-innovationen\\\/dosen\\\/\"},{\"@type\":\"ListItem\",\"position\":4,\"name\":\"Kegel- &amp; Ausgie\u00dfbare Dosen\"}]},{\"@type\":\"WebSite\",\"@id\":\"https:\\\/\\\/mauserpackaging.com\\\/de\\\/#website\",\"url\":\"https:\\\/\\\/mauserpackaging.com\\\/de\\\/\",\"name\":\"Mauser Packaging Solutions\",\"description\":\"Your go-to packaging partner\",\"publisher\":{\"@id\":\"https:\\\/\\\/mauserpackaging.com\\\/de\\\/#organization\"},\"alternateName\":\"Mauser Packaging\",\"potentialAction\":[{\"@type\":\"SearchAction\",\"target\":{\"@type\":\"EntryPoint\",\"urlTemplate\":\"https:\\\/\\\/mauserpackaging.com\\\/de\\\/?s={search_term_string}\"},\"query-input\":{\"@type\":\"PropertyValueSpecification\",\"valueRequired\":true,\"valueName\":\"search_term_string\"}}],\"inLanguage\":\"de\"},{\"@type\":\"Organization\",\"@id\":\"https:\\\/\\\/mauserpackaging.com\\\/de\\\/#organization\",\"name\":\"Mauser Packaging Solutions\",\"alternateName\":\"Mauser Packaging\",\"url\":\"https:\\\/\\\/mauserpackaging.com\\\/de\\\/\",\"logo\":{\"@type\":\"ImageObject\",\"inLanguage\":\"de\",\"@id\":\"https:\\\/\\\/mauserpackaging.com\\\/de\\\/#\\\/schema\\\/logo\\\/image\\\/\",\"url\":\"https:\\\/\\\/mauserpackaging.com\\\/wp-content\\\/uploads\\\/2024\\\/11\\\/Mauser_h_RGB.png\",\"contentUrl\":\"https:\\\/\\\/mauserpackaging.com\\\/wp-content\\\/uploads\\\/2024\\\/11\\\/Mauser_h_RGB.png\",\"width\":1951,\"height\":600,\"caption\":\"Mauser Packaging Solutions\"},\"image\":{\"@id\":\"https:\\\/\\\/mauserpackaging.com\\\/de\\\/#\\\/schema\\\/logo\\\/image\\\/\"},\"sameAs\":[\"https:\\\/\\\/www.linkedin.com\\\/company\\\/mauser-packaging-solutions\\\/\"]}]}<\/script>\n<!-- \/ Yoast SEO Premium plugin. -->","yoast_head_json":{"title":"Kegel- &amp; Ausgie\u00dfbare Dosen | Mauser Packaging","description":"Dosen mit Metalltrichter und Ausgie\u00dfer f\u00fcr das kontrollierte Ausgie\u00dfen von Kfz-Produkten, Kraftstoffen und Spezialprodukten, wie sie in den Regalen von Gesch\u00e4ften und Werkst\u00e4tten zu finden sind","robots":{"index":"index","follow":"follow","max-snippet":"max-snippet:-1","max-image-preview":"max-image-preview:large","max-video-preview":"max-video-preview:-1"},"canonical":"https:\/\/mauserpackaging.com\/de\/produkte-und-innovationen\/dosen\/kegel-ausgiessbare-dosen\/","og_locale":"de_DE","og_type":"article","og_title":"Kegel- &amp; Ausgie\u00dfbare Dosen","og_description":"Dosen mit Metalltrichter und Ausgie\u00dfer f\u00fcr das kontrollierte Ausgie\u00dfen von Kfz-Produkten, Kraftstoffen und Spezialprodukten, wie sie in den Regalen von Gesch\u00e4ften und Werkst\u00e4tten zu finden sind","og_url":"https:\/\/mauserpackaging.com\/de\/produkte-und-innovationen\/dosen\/kegel-ausgiessbare-dosen\/","og_site_name":"Mauser Packaging Solutions","article_modified_time":"2026-04-01T16:06:40+00:00","og_image":[{"width":1200,"height":675,"url":"https:\/\/mauserpackaging.com\/wp-content\/uploads\/2026\/03\/Mauser_Default_SiteImage.jpg","type":"image\/jpeg"}],"twitter_card":"summary_large_image","twitter_misc":{"Gesch\u00e4tzte Lesezeit":"7\u00a0Minuten"},"schema":{"@context":"https:\/\/schema.org","@graph":[{"@type":"WebPage","@id":"https:\/\/mauserpackaging.com\/de\/produkte-und-innovationen\/dosen\/kegel-ausgiessbare-dosen\/","url":"https:\/\/mauserpackaging.com\/de\/produkte-und-innovationen\/dosen\/kegel-ausgiessbare-dosen\/","name":"Kegel- &amp; Ausgie\u00dfbare Dosen | Mauser Packaging","isPartOf":{"@id":"https:\/\/mauserpackaging.com\/de\/#website"},"datePublished":"2024-12-17T20:02:38+00:00","dateModified":"2026-04-01T16:06:40+00:00","description":"Dosen mit Metalltrichter und Ausgie\u00dfer f\u00fcr das kontrollierte Ausgie\u00dfen von Kfz-Produkten, Kraftstoffen und Spezialprodukten, wie sie in den Regalen von Gesch\u00e4ften und Werkst\u00e4tten zu finden sind","breadcrumb":{"@id":"https:\/\/mauserpackaging.com\/de\/produkte-und-innovationen\/dosen\/kegel-ausgiessbare-dosen\/#breadcrumb"},"inLanguage":"de","potentialAction":[{"@type":"ReadAction","target":["https:\/\/mauserpackaging.com\/de\/produkte-und-innovationen\/dosen\/kegel-ausgiessbare-dosen\/"]}]},{"@type":"BreadcrumbList","@id":"https:\/\/mauserpackaging.com\/de\/produkte-und-innovationen\/dosen\/kegel-ausgiessbare-dosen\/#breadcrumb","itemListElement":[{"@type":"ListItem","position":1,"name":"Home","item":"https:\/\/mauserpackaging.com\/de\/heim\/"},{"@type":"ListItem","position":2,"name":"Produkte und Innovationen","item":"https:\/\/mauserpackaging.com\/de\/produkte-und-innovationen\/"},{"@type":"ListItem","position":3,"name":"Dosen","item":"https:\/\/mauserpackaging.com\/de\/produkte-und-innovationen\/dosen\/"},{"@type":"ListItem","position":4,"name":"Kegel- &amp; Ausgie\u00dfbare Dosen"}]},{"@type":"WebSite","@id":"https:\/\/mauserpackaging.com\/de\/#website","url":"https:\/\/mauserpackaging.com\/de\/","name":"Mauser Packaging Solutions","description":"Your go-to packaging partner","publisher":{"@id":"https:\/\/mauserpackaging.com\/de\/#organization"},"alternateName":"Mauser Packaging","potentialAction":[{"@type":"SearchAction","target":{"@type":"EntryPoint","urlTemplate":"https:\/\/mauserpackaging.com\/de\/?s={search_term_string}"},"query-input":{"@type":"PropertyValueSpecification","valueRequired":true,"valueName":"search_term_string"}}],"inLanguage":"de"},{"@type":"Organization","@id":"https:\/\/mauserpackaging.com\/de\/#organization","name":"Mauser Packaging Solutions","alternateName":"Mauser Packaging","url":"https:\/\/mauserpackaging.com\/de\/","logo":{"@type":"ImageObject","inLanguage":"de","@id":"https:\/\/mauserpackaging.com\/de\/#\/schema\/logo\/image\/","url":"https:\/\/mauserpackaging.com\/wp-content\/uploads\/2024\/11\/Mauser_h_RGB.png","contentUrl":"https:\/\/mauserpackaging.com\/wp-content\/uploads\/2024\/11\/Mauser_h_RGB.png","width":1951,"height":600,"caption":"Mauser Packaging Solutions"},"image":{"@id":"https:\/\/mauserpackaging.com\/de\/#\/schema\/logo\/image\/"},"sameAs":["https:\/\/www.linkedin.com\/company\/mauser-packaging-solutions\/"]}]}},"_links":{"self":[{"href":"https:\/\/mauserpackaging.com\/de\/wp-json\/wp\/v2\/pages\/20511","targetHints":{"allow":["GET"]}}],"collection":[{"href":"https:\/\/mauserpackaging.com\/de\/wp-json\/wp\/v2\/pages"}],"about":[{"href":"https:\/\/mauserpackaging.com\/de\/wp-json\/wp\/v2\/types\/page"}],"author":[{"embeddable":true,"href":"https:\/\/mauserpackaging.com\/de\/wp-json\/wp\/v2\/users\/1"}],"replies":[{"embeddable":true,"href":"https:\/\/mauserpackaging.com\/de\/wp-json\/wp\/v2\/comments?post=20511"}],"version-history":[{"count":0,"href":"https:\/\/mauserpackaging.com\/de\/wp-json\/wp\/v2\/pages\/20511\/revisions"}],"up":[{"embeddable":true,"href":"https:\/\/mauserpackaging.com\/de\/wp-json\/wp\/v2\/pages\/20510"}],"wp:attachment":[{"href":"https:\/\/mauserpackaging.com\/de\/wp-json\/wp\/v2\/media?parent=20511"}],"curies":[{"name":"wp","href":"https:\/\/api.w.org\/{rel}","templated":true}]}}