{"id":20510,"date":"2024-12-17T19:23:56","date_gmt":"2024-12-17T19:23:56","guid":{"rendered":"https:\/\/mauserpackstg.wpenginepowered.com\/produkte-und-innovationen\/dosen\/"},"modified":"2025-10-21T20:44:40","modified_gmt":"2025-10-21T20:44:40","slug":"dosen","status":"publish","type":"page","link":"https:\/\/mauserpackaging.com\/de\/produkte-und-innovationen\/dosen\/","title":{"rendered":"Dosen"},"content":{"rendered":"<div id=\"cs-content\" class=\"cs-content\"><\/div>\n","protected":false},"excerpt":{"rendered":"<p>Dosen HomeDeine Dose, dein Stil. Als einer der weltweit f\u00fchrenden Hersteller von starren Verpackungen wei\u00df Mauser Packaging Solutions: Der Bedarf an Dosen ist so vielf\u00e4ltig wie die Branchen, in denen sie gebraucht werden \u2013 ob in Form, Gr\u00f6\u00dfe, Material oder Ausstattung.Seit \u00fcber 145 Jahren stehen wir f\u00fcr Qualit\u00e4t und Zuverl\u00e4ssigkeit und sind Partner vieler bekannter Marken und Haushaltsnamen. Mit unserer&hellip;<\/p>\n","protected":false},"author":1,"featured_media":0,"parent":20509,"menu_order":0,"comment_status":"closed","ping_status":"closed","template":"template-blank-4.php","meta":{"footnotes":""},"class_list":["post-20510","page","type-page","status-publish","hentry","no-post-thumbnail"],"yoast_head":"<!-- This site is optimized with the Yoast SEO Premium plugin v27.4 (Yoast SEO v27.4) - https:\/\/yoast.com\/product\/yoast-seo-premium-wordpress\/ -->\n<title>Dosen - Mauser Packaging Solutions<\/title>\n<meta name=\"description\" content=\"Mauser produziert seit \u00fcber 145 Jahren hochwertige Dosen und genie\u00dft das Vertrauen einiger der gr\u00f6\u00dften Marken und namhaften Hersteller.\" \/>\n<meta name=\"robots\" content=\"index, follow, max-snippet:-1, max-image-preview:large, max-video-preview:-1\" \/>\n<link rel=\"canonical\" href=\"https:\/\/mauserpackaging.com\/de\/produkte-und-innovationen\/dosen\/\" \/>\n<meta property=\"og:locale\" content=\"de_DE\" \/>\n<meta property=\"og:type\" content=\"article\" \/>\n<meta property=\"og:title\" content=\"Dosen\" \/>\n<meta property=\"og:description\" content=\"Mauser produziert seit \u00fcber 145 Jahren hochwertige Dosen und genie\u00dft das Vertrauen einiger der gr\u00f6\u00dften Marken und namhaften Hersteller.\" \/>\n<meta property=\"og:url\" content=\"https:\/\/mauserpackaging.com\/de\/produkte-und-innovationen\/dosen\/\" \/>\n<meta property=\"og:site_name\" content=\"Mauser Packaging Solutions\" \/>\n<meta property=\"article:modified_time\" content=\"2025-10-21T20:44:40+00:00\" \/>\n<meta property=\"og:image\" content=\"https:\/\/mauserpackaging.com\/wp-content\/uploads\/2026\/03\/Mauser_Default_SiteImage.jpg\" \/>\n\t<meta property=\"og:image:width\" content=\"1200\" \/>\n\t<meta property=\"og:image:height\" content=\"675\" \/>\n\t<meta property=\"og:image:type\" content=\"image\/jpeg\" \/>\n<meta name=\"twitter:card\" content=\"summary_large_image\" \/>\n<meta name=\"twitter:label1\" content=\"Gesch\u00e4tzte Lesezeit\" \/>\n\t<meta name=\"twitter:data1\" content=\"4\u00a0Minuten\" \/>\n<script type=\"application\/ld+json\" class=\"yoast-schema-graph\">{\"@context\":\"https:\\\/\\\/schema.org\",\"@graph\":[{\"@type\":\"WebPage\",\"@id\":\"https:\\\/\\\/mauserpackaging.com\\\/de\\\/produkte-und-innovationen\\\/dosen\\\/\",\"url\":\"https:\\\/\\\/mauserpackaging.com\\\/de\\\/produkte-und-innovationen\\\/dosen\\\/\",\"name\":\"Dosen - Mauser Packaging Solutions\",\"isPartOf\":{\"@id\":\"https:\\\/\\\/mauserpackaging.com\\\/de\\\/#website\"},\"datePublished\":\"2024-12-17T19:23:56+00:00\",\"dateModified\":\"2025-10-21T20:44:40+00:00\",\"description\":\"Mauser produziert seit \u00fcber 145 Jahren hochwertige Dosen und genie\u00dft das Vertrauen einiger der gr\u00f6\u00dften Marken und namhaften Hersteller.\",\"breadcrumb\":{\"@id\":\"https:\\\/\\\/mauserpackaging.com\\\/de\\\/produkte-und-innovationen\\\/dosen\\\/#breadcrumb\"},\"inLanguage\":\"de\",\"potentialAction\":[{\"@type\":\"ReadAction\",\"target\":[\"https:\\\/\\\/mauserpackaging.com\\\/de\\\/produkte-und-innovationen\\\/dosen\\\/\"]}]},{\"@type\":\"BreadcrumbList\",\"@id\":\"https:\\\/\\\/mauserpackaging.com\\\/de\\\/produkte-und-innovationen\\\/dosen\\\/#breadcrumb\",\"itemListElement\":[{\"@type\":\"ListItem\",\"position\":1,\"name\":\"Home\",\"item\":\"https:\\\/\\\/mauserpackaging.com\\\/de\\\/heim\\\/\"},{\"@type\":\"ListItem\",\"position\":2,\"name\":\"Produkte und Innovationen\",\"item\":\"https:\\\/\\\/mauserpackaging.com\\\/de\\\/produkte-und-innovationen\\\/\"},{\"@type\":\"ListItem\",\"position\":3,\"name\":\"Dosen\"}]},{\"@type\":\"WebSite\",\"@id\":\"https:\\\/\\\/mauserpackaging.com\\\/de\\\/#website\",\"url\":\"https:\\\/\\\/mauserpackaging.com\\\/de\\\/\",\"name\":\"Mauser Packaging Solutions\",\"description\":\"Your go-to packaging partner\",\"publisher\":{\"@id\":\"https:\\\/\\\/mauserpackaging.com\\\/de\\\/#organization\"},\"alternateName\":\"Mauser Packaging\",\"potentialAction\":[{\"@type\":\"SearchAction\",\"target\":{\"@type\":\"EntryPoint\",\"urlTemplate\":\"https:\\\/\\\/mauserpackaging.com\\\/de\\\/?s={search_term_string}\"},\"query-input\":{\"@type\":\"PropertyValueSpecification\",\"valueRequired\":true,\"valueName\":\"search_term_string\"}}],\"inLanguage\":\"de\"},{\"@type\":\"Organization\",\"@id\":\"https:\\\/\\\/mauserpackaging.com\\\/de\\\/#organization\",\"name\":\"Mauser Packaging Solutions\",\"alternateName\":\"Mauser Packaging\",\"url\":\"https:\\\/\\\/mauserpackaging.com\\\/de\\\/\",\"logo\":{\"@type\":\"ImageObject\",\"inLanguage\":\"de\",\"@id\":\"https:\\\/\\\/mauserpackaging.com\\\/de\\\/#\\\/schema\\\/logo\\\/image\\\/\",\"url\":\"https:\\\/\\\/mauserpackaging.com\\\/wp-content\\\/uploads\\\/2024\\\/11\\\/Mauser_h_RGB.png\",\"contentUrl\":\"https:\\\/\\\/mauserpackaging.com\\\/wp-content\\\/uploads\\\/2024\\\/11\\\/Mauser_h_RGB.png\",\"width\":1951,\"height\":600,\"caption\":\"Mauser Packaging Solutions\"},\"image\":{\"@id\":\"https:\\\/\\\/mauserpackaging.com\\\/de\\\/#\\\/schema\\\/logo\\\/image\\\/\"},\"sameAs\":[\"https:\\\/\\\/www.linkedin.com\\\/company\\\/mauser-packaging-solutions\\\/\"]}]}<\/script>\n<!-- \/ Yoast SEO Premium plugin. -->","yoast_head_json":{"title":"Dosen - Mauser Packaging Solutions","description":"Mauser produziert seit \u00fcber 145 Jahren hochwertige Dosen und genie\u00dft das Vertrauen einiger der gr\u00f6\u00dften Marken und namhaften Hersteller.","robots":{"index":"index","follow":"follow","max-snippet":"max-snippet:-1","max-image-preview":"max-image-preview:large","max-video-preview":"max-video-preview:-1"},"canonical":"https:\/\/mauserpackaging.com\/de\/produkte-und-innovationen\/dosen\/","og_locale":"de_DE","og_type":"article","og_title":"Dosen","og_description":"Mauser produziert seit \u00fcber 145 Jahren hochwertige Dosen und genie\u00dft das Vertrauen einiger der gr\u00f6\u00dften Marken und namhaften Hersteller.","og_url":"https:\/\/mauserpackaging.com\/de\/produkte-und-innovationen\/dosen\/","og_site_name":"Mauser Packaging Solutions","article_modified_time":"2025-10-21T20:44:40+00:00","og_image":[{"width":1200,"height":675,"url":"https:\/\/mauserpackaging.com\/wp-content\/uploads\/2026\/03\/Mauser_Default_SiteImage.jpg","type":"image\/jpeg"}],"twitter_card":"summary_large_image","twitter_misc":{"Gesch\u00e4tzte Lesezeit":"4\u00a0Minuten"},"schema":{"@context":"https:\/\/schema.org","@graph":[{"@type":"WebPage","@id":"https:\/\/mauserpackaging.com\/de\/produkte-und-innovationen\/dosen\/","url":"https:\/\/mauserpackaging.com\/de\/produkte-und-innovationen\/dosen\/","name":"Dosen - Mauser Packaging Solutions","isPartOf":{"@id":"https:\/\/mauserpackaging.com\/de\/#website"},"datePublished":"2024-12-17T19:23:56+00:00","dateModified":"2025-10-21T20:44:40+00:00","description":"Mauser produziert seit \u00fcber 145 Jahren hochwertige Dosen und genie\u00dft das Vertrauen einiger der gr\u00f6\u00dften Marken und namhaften Hersteller.","breadcrumb":{"@id":"https:\/\/mauserpackaging.com\/de\/produkte-und-innovationen\/dosen\/#breadcrumb"},"inLanguage":"de","potentialAction":[{"@type":"ReadAction","target":["https:\/\/mauserpackaging.com\/de\/produkte-und-innovationen\/dosen\/"]}]},{"@type":"BreadcrumbList","@id":"https:\/\/mauserpackaging.com\/de\/produkte-und-innovationen\/dosen\/#breadcrumb","itemListElement":[{"@type":"ListItem","position":1,"name":"Home","item":"https:\/\/mauserpackaging.com\/de\/heim\/"},{"@type":"ListItem","position":2,"name":"Produkte und Innovationen","item":"https:\/\/mauserpackaging.com\/de\/produkte-und-innovationen\/"},{"@type":"ListItem","position":3,"name":"Dosen"}]},{"@type":"WebSite","@id":"https:\/\/mauserpackaging.com\/de\/#website","url":"https:\/\/mauserpackaging.com\/de\/","name":"Mauser Packaging Solutions","description":"Your go-to packaging partner","publisher":{"@id":"https:\/\/mauserpackaging.com\/de\/#organization"},"alternateName":"Mauser Packaging","potentialAction":[{"@type":"SearchAction","target":{"@type":"EntryPoint","urlTemplate":"https:\/\/mauserpackaging.com\/de\/?s={search_term_string}"},"query-input":{"@type":"PropertyValueSpecification","valueRequired":true,"valueName":"search_term_string"}}],"inLanguage":"de"},{"@type":"Organization","@id":"https:\/\/mauserpackaging.com\/de\/#organization","name":"Mauser Packaging Solutions","alternateName":"Mauser Packaging","url":"https:\/\/mauserpackaging.com\/de\/","logo":{"@type":"ImageObject","inLanguage":"de","@id":"https:\/\/mauserpackaging.com\/de\/#\/schema\/logo\/image\/","url":"https:\/\/mauserpackaging.com\/wp-content\/uploads\/2024\/11\/Mauser_h_RGB.png","contentUrl":"https:\/\/mauserpackaging.com\/wp-content\/uploads\/2024\/11\/Mauser_h_RGB.png","width":1951,"height":600,"caption":"Mauser Packaging Solutions"},"image":{"@id":"https:\/\/mauserpackaging.com\/de\/#\/schema\/logo\/image\/"},"sameAs":["https:\/\/www.linkedin.com\/company\/mauser-packaging-solutions\/"]}]}},"_links":{"self":[{"href":"https:\/\/mauserpackaging.com\/de\/wp-json\/wp\/v2\/pages\/20510","targetHints":{"allow":["GET"]}}],"collection":[{"href":"https:\/\/mauserpackaging.com\/de\/wp-json\/wp\/v2\/pages"}],"about":[{"href":"https:\/\/mauserpackaging.com\/de\/wp-json\/wp\/v2\/types\/page"}],"author":[{"embeddable":true,"href":"https:\/\/mauserpackaging.com\/de\/wp-json\/wp\/v2\/users\/1"}],"replies":[{"embeddable":true,"href":"https:\/\/mauserpackaging.com\/de\/wp-json\/wp\/v2\/comments?post=20510"}],"version-history":[{"count":0,"href":"https:\/\/mauserpackaging.com\/de\/wp-json\/wp\/v2\/pages\/20510\/revisions"}],"up":[{"embeddable":true,"href":"https:\/\/mauserpackaging.com\/de\/wp-json\/wp\/v2\/pages\/20509"}],"wp:attachment":[{"href":"https:\/\/mauserpackaging.com\/de\/wp-json\/wp\/v2\/media?parent=20510"}],"curies":[{"name":"wp","href":"https:\/\/api.w.org\/{rel}","templated":true}]}}