{"id":20509,"date":"2024-12-05T22:38:30","date_gmt":"2024-12-05T22:38:30","guid":{"rendered":"https:\/\/mauserpackstg.wpenginepowered.com\/produkte-und-innovationen\/"},"modified":"2025-10-28T16:51:57","modified_gmt":"2025-10-28T16:51:57","slug":"produkte-und-innovationen","status":"publish","type":"page","link":"https:\/\/mauserpackaging.com\/de\/produkte-und-innovationen\/","title":{"rendered":"Produkte und Innovationen"},"content":{"rendered":"<div id=\"cs-content\" class=\"cs-content\"><\/div>\n","protected":false},"excerpt":{"rendered":"<p>Produkte und InnovationenHomeIhr starker Partner f\u00fcr nachhaltige Verpackungsl\u00f6sungen Bei Mauser Packaging Solutions stehen Ihre Anforderungen im Mittelpunkt. Unsere Verpackungsl\u00f6sungen und Innovationen sind so vielseitig wie die M\u00e4rkte, in denen Sie t\u00e4tig sind \u2013 und genau darauf abgestimmt.Als weltweit f\u00fchrender Anbieter entwickeln wir leistungsstarke, zuverl\u00e4ssige und nachhaltige Verpackungen f\u00fcr unterschiedlichste Branchen. Ob Industrie, Chemie, Lebensmittel oder Spezialanwendungen \u2013 unsere Produkte sind&hellip;<\/p>\n","protected":false},"author":1,"featured_media":0,"parent":0,"menu_order":0,"comment_status":"closed","ping_status":"closed","template":"template-blank-4.php","meta":{"footnotes":""},"class_list":["post-20509","page","type-page","status-publish","hentry","no-post-thumbnail"],"yoast_head":"<!-- This site is optimized with the Yoast SEO Premium plugin v27.3 (Yoast SEO v27.3) - https:\/\/yoast.com\/product\/yoast-seo-premium-wordpress\/ -->\n<title>Produkte und Innovationen - Mauser Packaging Solutions<\/title>\n<meta name=\"description\" content=\"Bei Mauser Packaging Solutions werden unsere Produkte und Innovationen unter Ber\u00fccksichtigung Ihrer spezifischen Bed\u00fcrfnisse und Ziele entwickelt.\" \/>\n<meta name=\"robots\" content=\"index, follow, max-snippet:-1, max-image-preview:large, max-video-preview:-1\" \/>\n<link rel=\"canonical\" href=\"https:\/\/mauserpackaging.com\/de\/produkte-und-innovationen\/\" \/>\n<meta property=\"og:locale\" content=\"de_DE\" \/>\n<meta property=\"og:type\" content=\"article\" \/>\n<meta property=\"og:title\" content=\"Produkte und Innovationen\" \/>\n<meta property=\"og:description\" content=\"Bei Mauser Packaging Solutions werden unsere Produkte und Innovationen unter Ber\u00fccksichtigung Ihrer spezifischen Bed\u00fcrfnisse und Ziele entwickelt.\" \/>\n<meta property=\"og:url\" content=\"https:\/\/mauserpackaging.com\/de\/produkte-und-innovationen\/\" \/>\n<meta property=\"og:site_name\" content=\"Mauser Packaging Solutions\" \/>\n<meta property=\"article:modified_time\" content=\"2025-10-28T16:51:57+00:00\" \/>\n<meta property=\"og:image\" content=\"https:\/\/mauserpackaging.com\/wp-content\/uploads\/2025\/02\/1.7-Plastic-Bottles-300x300.jpg\" \/>\n<meta name=\"twitter:card\" content=\"summary_large_image\" \/>\n<meta name=\"twitter:label1\" content=\"Gesch\u00e4tzte Lesezeit\" \/>\n\t<meta name=\"twitter:data1\" content=\"7\u00a0Minuten\" \/>\n<script type=\"application\/ld+json\" class=\"yoast-schema-graph\">{\"@context\":\"https:\\\/\\\/schema.org\",\"@graph\":[{\"@type\":\"WebPage\",\"@id\":\"https:\\\/\\\/mauserpackaging.com\\\/de\\\/produkte-und-innovationen\\\/\",\"url\":\"https:\\\/\\\/mauserpackaging.com\\\/de\\\/produkte-und-innovationen\\\/\",\"name\":\"Produkte und Innovationen - Mauser Packaging Solutions\",\"isPartOf\":{\"@id\":\"https:\\\/\\\/mauserpackaging.com\\\/de\\\/#website\"},\"primaryImageOfPage\":{\"@id\":\"https:\\\/\\\/mauserpackaging.com\\\/de\\\/produkte-und-innovationen\\\/#primaryimage\"},\"image\":{\"@id\":\"https:\\\/\\\/mauserpackaging.com\\\/de\\\/produkte-und-innovationen\\\/#primaryimage\"},\"thumbnailUrl\":\"https:\\\/\\\/mauserpackaging.com\\\/wp-content\\\/uploads\\\/2024\\\/12\\\/icon-medical-1.png\",\"datePublished\":\"2024-12-05T22:38:30+00:00\",\"dateModified\":\"2025-10-28T16:51:57+00:00\",\"description\":\"Bei Mauser Packaging Solutions werden unsere Produkte und Innovationen unter Ber\u00fccksichtigung Ihrer spezifischen Bed\u00fcrfnisse und Ziele entwickelt.\",\"breadcrumb\":{\"@id\":\"https:\\\/\\\/mauserpackaging.com\\\/de\\\/produkte-und-innovationen\\\/#breadcrumb\"},\"inLanguage\":\"de\",\"potentialAction\":[{\"@type\":\"ReadAction\",\"target\":[\"https:\\\/\\\/mauserpackaging.com\\\/de\\\/produkte-und-innovationen\\\/\"]}]},{\"@type\":\"ImageObject\",\"inLanguage\":\"de\",\"@id\":\"https:\\\/\\\/mauserpackaging.com\\\/de\\\/produkte-und-innovationen\\\/#primaryimage\",\"url\":\"https:\\\/\\\/mauserpackaging.com\\\/wp-content\\\/uploads\\\/2024\\\/12\\\/icon-medical-1.png\",\"contentUrl\":\"https:\\\/\\\/mauserpackaging.com\\\/wp-content\\\/uploads\\\/2024\\\/12\\\/icon-medical-1.png\"},{\"@type\":\"BreadcrumbList\",\"@id\":\"https:\\\/\\\/mauserpackaging.com\\\/de\\\/produkte-und-innovationen\\\/#breadcrumb\",\"itemListElement\":[{\"@type\":\"ListItem\",\"position\":1,\"name\":\"Home\",\"item\":\"https:\\\/\\\/mauserpackaging.com\\\/de\\\/heim\\\/\"},{\"@type\":\"ListItem\",\"position\":2,\"name\":\"Produkte und Innovationen\"}]},{\"@type\":\"WebSite\",\"@id\":\"https:\\\/\\\/mauserpackaging.com\\\/de\\\/#website\",\"url\":\"https:\\\/\\\/mauserpackaging.com\\\/de\\\/\",\"name\":\"Mauser Packaging Solutions\",\"description\":\"Your go-to packaging partner\",\"publisher\":{\"@id\":\"https:\\\/\\\/mauserpackaging.com\\\/de\\\/#organization\"},\"alternateName\":\"Mauser Packaging\",\"potentialAction\":[{\"@type\":\"SearchAction\",\"target\":{\"@type\":\"EntryPoint\",\"urlTemplate\":\"https:\\\/\\\/mauserpackaging.com\\\/de\\\/?s={search_term_string}\"},\"query-input\":{\"@type\":\"PropertyValueSpecification\",\"valueRequired\":true,\"valueName\":\"search_term_string\"}}],\"inLanguage\":\"de\"},{\"@type\":\"Organization\",\"@id\":\"https:\\\/\\\/mauserpackaging.com\\\/de\\\/#organization\",\"name\":\"Mauser Packaging Solutions\",\"alternateName\":\"Mauser Packaging\",\"url\":\"https:\\\/\\\/mauserpackaging.com\\\/de\\\/\",\"logo\":{\"@type\":\"ImageObject\",\"inLanguage\":\"de\",\"@id\":\"https:\\\/\\\/mauserpackaging.com\\\/de\\\/#\\\/schema\\\/logo\\\/image\\\/\",\"url\":\"https:\\\/\\\/mauserpackaging.com\\\/wp-content\\\/uploads\\\/2024\\\/11\\\/Mauser_h_RGB.png\",\"contentUrl\":\"https:\\\/\\\/mauserpackaging.com\\\/wp-content\\\/uploads\\\/2024\\\/11\\\/Mauser_h_RGB.png\",\"width\":1951,\"height\":600,\"caption\":\"Mauser Packaging Solutions\"},\"image\":{\"@id\":\"https:\\\/\\\/mauserpackaging.com\\\/de\\\/#\\\/schema\\\/logo\\\/image\\\/\"},\"sameAs\":[\"https:\\\/\\\/www.linkedin.com\\\/company\\\/mauser-packaging-solutions\\\/\"]}]}<\/script>\n<!-- \/ Yoast SEO Premium plugin. -->","yoast_head_json":{"title":"Produkte und Innovationen - Mauser Packaging Solutions","description":"Bei Mauser Packaging Solutions werden unsere Produkte und Innovationen unter Ber\u00fccksichtigung Ihrer spezifischen Bed\u00fcrfnisse und Ziele entwickelt.","robots":{"index":"index","follow":"follow","max-snippet":"max-snippet:-1","max-image-preview":"max-image-preview:large","max-video-preview":"max-video-preview:-1"},"canonical":"https:\/\/mauserpackaging.com\/de\/produkte-und-innovationen\/","og_locale":"de_DE","og_type":"article","og_title":"Produkte und Innovationen","og_description":"Bei Mauser Packaging Solutions werden unsere Produkte und Innovationen unter Ber\u00fccksichtigung Ihrer spezifischen Bed\u00fcrfnisse und Ziele entwickelt.","og_url":"https:\/\/mauserpackaging.com\/de\/produkte-und-innovationen\/","og_site_name":"Mauser Packaging Solutions","article_modified_time":"2025-10-28T16:51:57+00:00","og_image":[{"url":"https:\/\/mauserpackaging.com\/wp-content\/uploads\/2025\/02\/1.7-Plastic-Bottles-300x300.jpg","type":"","width":"","height":""}],"twitter_card":"summary_large_image","twitter_misc":{"Gesch\u00e4tzte Lesezeit":"7\u00a0Minuten"},"schema":{"@context":"https:\/\/schema.org","@graph":[{"@type":"WebPage","@id":"https:\/\/mauserpackaging.com\/de\/produkte-und-innovationen\/","url":"https:\/\/mauserpackaging.com\/de\/produkte-und-innovationen\/","name":"Produkte und Innovationen - Mauser Packaging Solutions","isPartOf":{"@id":"https:\/\/mauserpackaging.com\/de\/#website"},"primaryImageOfPage":{"@id":"https:\/\/mauserpackaging.com\/de\/produkte-und-innovationen\/#primaryimage"},"image":{"@id":"https:\/\/mauserpackaging.com\/de\/produkte-und-innovationen\/#primaryimage"},"thumbnailUrl":"https:\/\/mauserpackaging.com\/wp-content\/uploads\/2024\/12\/icon-medical-1.png","datePublished":"2024-12-05T22:38:30+00:00","dateModified":"2025-10-28T16:51:57+00:00","description":"Bei Mauser Packaging Solutions werden unsere Produkte und Innovationen unter Ber\u00fccksichtigung Ihrer spezifischen Bed\u00fcrfnisse und Ziele entwickelt.","breadcrumb":{"@id":"https:\/\/mauserpackaging.com\/de\/produkte-und-innovationen\/#breadcrumb"},"inLanguage":"de","potentialAction":[{"@type":"ReadAction","target":["https:\/\/mauserpackaging.com\/de\/produkte-und-innovationen\/"]}]},{"@type":"ImageObject","inLanguage":"de","@id":"https:\/\/mauserpackaging.com\/de\/produkte-und-innovationen\/#primaryimage","url":"https:\/\/mauserpackaging.com\/wp-content\/uploads\/2024\/12\/icon-medical-1.png","contentUrl":"https:\/\/mauserpackaging.com\/wp-content\/uploads\/2024\/12\/icon-medical-1.png"},{"@type":"BreadcrumbList","@id":"https:\/\/mauserpackaging.com\/de\/produkte-und-innovationen\/#breadcrumb","itemListElement":[{"@type":"ListItem","position":1,"name":"Home","item":"https:\/\/mauserpackaging.com\/de\/heim\/"},{"@type":"ListItem","position":2,"name":"Produkte und Innovationen"}]},{"@type":"WebSite","@id":"https:\/\/mauserpackaging.com\/de\/#website","url":"https:\/\/mauserpackaging.com\/de\/","name":"Mauser Packaging Solutions","description":"Your go-to packaging partner","publisher":{"@id":"https:\/\/mauserpackaging.com\/de\/#organization"},"alternateName":"Mauser Packaging","potentialAction":[{"@type":"SearchAction","target":{"@type":"EntryPoint","urlTemplate":"https:\/\/mauserpackaging.com\/de\/?s={search_term_string}"},"query-input":{"@type":"PropertyValueSpecification","valueRequired":true,"valueName":"search_term_string"}}],"inLanguage":"de"},{"@type":"Organization","@id":"https:\/\/mauserpackaging.com\/de\/#organization","name":"Mauser Packaging Solutions","alternateName":"Mauser Packaging","url":"https:\/\/mauserpackaging.com\/de\/","logo":{"@type":"ImageObject","inLanguage":"de","@id":"https:\/\/mauserpackaging.com\/de\/#\/schema\/logo\/image\/","url":"https:\/\/mauserpackaging.com\/wp-content\/uploads\/2024\/11\/Mauser_h_RGB.png","contentUrl":"https:\/\/mauserpackaging.com\/wp-content\/uploads\/2024\/11\/Mauser_h_RGB.png","width":1951,"height":600,"caption":"Mauser Packaging Solutions"},"image":{"@id":"https:\/\/mauserpackaging.com\/de\/#\/schema\/logo\/image\/"},"sameAs":["https:\/\/www.linkedin.com\/company\/mauser-packaging-solutions\/"]}]}},"_links":{"self":[{"href":"https:\/\/mauserpackaging.com\/de\/wp-json\/wp\/v2\/pages\/20509","targetHints":{"allow":["GET"]}}],"collection":[{"href":"https:\/\/mauserpackaging.com\/de\/wp-json\/wp\/v2\/pages"}],"about":[{"href":"https:\/\/mauserpackaging.com\/de\/wp-json\/wp\/v2\/types\/page"}],"author":[{"embeddable":true,"href":"https:\/\/mauserpackaging.com\/de\/wp-json\/wp\/v2\/users\/1"}],"replies":[{"embeddable":true,"href":"https:\/\/mauserpackaging.com\/de\/wp-json\/wp\/v2\/comments?post=20509"}],"version-history":[{"count":0,"href":"https:\/\/mauserpackaging.com\/de\/wp-json\/wp\/v2\/pages\/20509\/revisions"}],"wp:attachment":[{"href":"https:\/\/mauserpackaging.com\/de\/wp-json\/wp\/v2\/media?parent=20509"}],"curies":[{"name":"wp","href":"https:\/\/api.w.org\/{rel}","templated":true}]}}