{"id":20507,"date":"2024-12-16T19:53:39","date_gmt":"2024-12-16T19:53:39","guid":{"rendered":"https:\/\/mauserpackstg.wpenginepowered.com\/maerkte\/meeresfruechte-und-fischerei\/"},"modified":"2025-10-21T20:41:55","modified_gmt":"2025-10-21T20:41:55","slug":"meeresfruechte-und-fischerei","status":"publish","type":"page","link":"https:\/\/mauserpackaging.com\/de\/maerkte\/meeresfruechte-und-fischerei\/","title":{"rendered":"Meeresfr\u00fcchte und Fischerei"},"content":{"rendered":"<div id=\"cs-content\" class=\"cs-content\"><\/div>\n","protected":false},"excerpt":{"rendered":"<p>Meeresfr\u00fcchte und FischereiHome Verpackungsl\u00f6sungen vom Schiff bis an die K\u00fcste F\u00fcr Unternehmen in der Fischerei und Meeresfr\u00fcchteverarbeitung ist eines besonders wichtig: Die Produkte m\u00fcssen frisch und sicher beim Kunden ankommen. Die richtige Verpackung spielt dabei eine entscheidende Rolle. Mauser Packaging Solutions bietet robuste, langlebige Verpackungen und Transportbeh\u00e4lter f\u00fcr Fisch, Meeresfr\u00fcchte und Kaviar. Unsere L\u00f6sungen sind so konzipiert, dass sie den&hellip;<\/p>\n","protected":false},"author":1,"featured_media":0,"parent":20496,"menu_order":0,"comment_status":"closed","ping_status":"closed","template":"template-blank-4.php","meta":{"footnotes":""},"class_list":["post-20507","page","type-page","status-publish","hentry","no-post-thumbnail"],"yoast_head":"<!-- This site is optimized with the Yoast SEO Premium plugin v27.4 (Yoast SEO v27.4) - https:\/\/yoast.com\/product\/yoast-seo-premium-wordpress\/ -->\n<title>Meeresfr\u00fcchte und Fischerei - Mauser Packaging Solutions<\/title>\n<meta name=\"description\" content=\"Mauser Packaging Solutions bietet langlebige, zuverl\u00e4ssige Verpackungs- und Handhabungsbeh\u00e4lter f\u00fcr Fisch-, Meeresfr\u00fcchte- und Kaviarprodukte.\" \/>\n<meta name=\"robots\" content=\"index, follow, max-snippet:-1, max-image-preview:large, max-video-preview:-1\" \/>\n<link rel=\"canonical\" href=\"https:\/\/mauserpackaging.com\/de\/maerkte\/meeresfruechte-und-fischerei\/\" \/>\n<meta property=\"og:locale\" content=\"de_DE\" \/>\n<meta property=\"og:type\" content=\"article\" \/>\n<meta property=\"og:title\" content=\"Meeresfr\u00fcchte und Fischerei\" \/>\n<meta property=\"og:description\" content=\"Mauser Packaging Solutions bietet langlebige, zuverl\u00e4ssige Verpackungs- und Handhabungsbeh\u00e4lter f\u00fcr Fisch-, Meeresfr\u00fcchte- und Kaviarprodukte.\" \/>\n<meta property=\"og:url\" content=\"https:\/\/mauserpackaging.com\/de\/maerkte\/meeresfruechte-und-fischerei\/\" \/>\n<meta property=\"og:site_name\" content=\"Mauser Packaging Solutions\" \/>\n<meta property=\"article:modified_time\" content=\"2025-10-21T20:41:55+00:00\" \/>\n<meta property=\"og:image\" content=\"https:\/\/mauserpackaging.com\/wp-content\/uploads\/2026\/03\/Mauser_Default_SiteImage.jpg\" \/>\n\t<meta property=\"og:image:width\" content=\"1200\" \/>\n\t<meta property=\"og:image:height\" content=\"675\" \/>\n\t<meta property=\"og:image:type\" content=\"image\/jpeg\" \/>\n<meta name=\"twitter:card\" content=\"summary_large_image\" \/>\n<meta name=\"twitter:label1\" content=\"Gesch\u00e4tzte Lesezeit\" \/>\n\t<meta name=\"twitter:data1\" content=\"3\u00a0Minuten\" \/>\n<script type=\"application\/ld+json\" class=\"yoast-schema-graph\">{\"@context\":\"https:\\\/\\\/schema.org\",\"@graph\":[{\"@type\":\"WebPage\",\"@id\":\"https:\\\/\\\/mauserpackaging.com\\\/de\\\/maerkte\\\/meeresfruechte-und-fischerei\\\/\",\"url\":\"https:\\\/\\\/mauserpackaging.com\\\/de\\\/maerkte\\\/meeresfruechte-und-fischerei\\\/\",\"name\":\"Meeresfr\u00fcchte und Fischerei - Mauser Packaging Solutions\",\"isPartOf\":{\"@id\":\"https:\\\/\\\/mauserpackaging.com\\\/de\\\/#website\"},\"datePublished\":\"2024-12-16T19:53:39+00:00\",\"dateModified\":\"2025-10-21T20:41:55+00:00\",\"description\":\"Mauser Packaging Solutions bietet langlebige, zuverl\u00e4ssige Verpackungs- und Handhabungsbeh\u00e4lter f\u00fcr Fisch-, Meeresfr\u00fcchte- und Kaviarprodukte.\",\"breadcrumb\":{\"@id\":\"https:\\\/\\\/mauserpackaging.com\\\/de\\\/maerkte\\\/meeresfruechte-und-fischerei\\\/#breadcrumb\"},\"inLanguage\":\"de\",\"potentialAction\":[{\"@type\":\"ReadAction\",\"target\":[\"https:\\\/\\\/mauserpackaging.com\\\/de\\\/maerkte\\\/meeresfruechte-und-fischerei\\\/\"]}]},{\"@type\":\"BreadcrumbList\",\"@id\":\"https:\\\/\\\/mauserpackaging.com\\\/de\\\/maerkte\\\/meeresfruechte-und-fischerei\\\/#breadcrumb\",\"itemListElement\":[{\"@type\":\"ListItem\",\"position\":1,\"name\":\"Home\",\"item\":\"https:\\\/\\\/mauserpackaging.com\\\/de\\\/heim\\\/\"},{\"@type\":\"ListItem\",\"position\":2,\"name\":\"M\u00e4rkte\",\"item\":\"https:\\\/\\\/mauserpackaging.com\\\/de\\\/maerkte\\\/\"},{\"@type\":\"ListItem\",\"position\":3,\"name\":\"Meeresfr\u00fcchte und Fischerei\"}]},{\"@type\":\"WebSite\",\"@id\":\"https:\\\/\\\/mauserpackaging.com\\\/de\\\/#website\",\"url\":\"https:\\\/\\\/mauserpackaging.com\\\/de\\\/\",\"name\":\"Mauser Packaging Solutions\",\"description\":\"Your go-to packaging partner\",\"publisher\":{\"@id\":\"https:\\\/\\\/mauserpackaging.com\\\/de\\\/#organization\"},\"alternateName\":\"Mauser Packaging\",\"potentialAction\":[{\"@type\":\"SearchAction\",\"target\":{\"@type\":\"EntryPoint\",\"urlTemplate\":\"https:\\\/\\\/mauserpackaging.com\\\/de\\\/?s={search_term_string}\"},\"query-input\":{\"@type\":\"PropertyValueSpecification\",\"valueRequired\":true,\"valueName\":\"search_term_string\"}}],\"inLanguage\":\"de\"},{\"@type\":\"Organization\",\"@id\":\"https:\\\/\\\/mauserpackaging.com\\\/de\\\/#organization\",\"name\":\"Mauser Packaging Solutions\",\"alternateName\":\"Mauser Packaging\",\"url\":\"https:\\\/\\\/mauserpackaging.com\\\/de\\\/\",\"logo\":{\"@type\":\"ImageObject\",\"inLanguage\":\"de\",\"@id\":\"https:\\\/\\\/mauserpackaging.com\\\/de\\\/#\\\/schema\\\/logo\\\/image\\\/\",\"url\":\"https:\\\/\\\/mauserpackaging.com\\\/wp-content\\\/uploads\\\/2024\\\/11\\\/Mauser_h_RGB.png\",\"contentUrl\":\"https:\\\/\\\/mauserpackaging.com\\\/wp-content\\\/uploads\\\/2024\\\/11\\\/Mauser_h_RGB.png\",\"width\":1951,\"height\":600,\"caption\":\"Mauser Packaging Solutions\"},\"image\":{\"@id\":\"https:\\\/\\\/mauserpackaging.com\\\/de\\\/#\\\/schema\\\/logo\\\/image\\\/\"},\"sameAs\":[\"https:\\\/\\\/www.linkedin.com\\\/company\\\/mauser-packaging-solutions\\\/\"]}]}<\/script>\n<!-- \/ Yoast SEO Premium plugin. -->","yoast_head_json":{"title":"Meeresfr\u00fcchte und Fischerei - Mauser Packaging Solutions","description":"Mauser Packaging Solutions bietet langlebige, zuverl\u00e4ssige Verpackungs- und Handhabungsbeh\u00e4lter f\u00fcr Fisch-, Meeresfr\u00fcchte- und Kaviarprodukte.","robots":{"index":"index","follow":"follow","max-snippet":"max-snippet:-1","max-image-preview":"max-image-preview:large","max-video-preview":"max-video-preview:-1"},"canonical":"https:\/\/mauserpackaging.com\/de\/maerkte\/meeresfruechte-und-fischerei\/","og_locale":"de_DE","og_type":"article","og_title":"Meeresfr\u00fcchte und Fischerei","og_description":"Mauser Packaging Solutions bietet langlebige, zuverl\u00e4ssige Verpackungs- und Handhabungsbeh\u00e4lter f\u00fcr Fisch-, Meeresfr\u00fcchte- und Kaviarprodukte.","og_url":"https:\/\/mauserpackaging.com\/de\/maerkte\/meeresfruechte-und-fischerei\/","og_site_name":"Mauser Packaging Solutions","article_modified_time":"2025-10-21T20:41:55+00:00","og_image":[{"width":1200,"height":675,"url":"https:\/\/mauserpackaging.com\/wp-content\/uploads\/2026\/03\/Mauser_Default_SiteImage.jpg","type":"image\/jpeg"}],"twitter_card":"summary_large_image","twitter_misc":{"Gesch\u00e4tzte Lesezeit":"3\u00a0Minuten"},"schema":{"@context":"https:\/\/schema.org","@graph":[{"@type":"WebPage","@id":"https:\/\/mauserpackaging.com\/de\/maerkte\/meeresfruechte-und-fischerei\/","url":"https:\/\/mauserpackaging.com\/de\/maerkte\/meeresfruechte-und-fischerei\/","name":"Meeresfr\u00fcchte und Fischerei - Mauser Packaging Solutions","isPartOf":{"@id":"https:\/\/mauserpackaging.com\/de\/#website"},"datePublished":"2024-12-16T19:53:39+00:00","dateModified":"2025-10-21T20:41:55+00:00","description":"Mauser Packaging Solutions bietet langlebige, zuverl\u00e4ssige Verpackungs- und Handhabungsbeh\u00e4lter f\u00fcr Fisch-, Meeresfr\u00fcchte- und Kaviarprodukte.","breadcrumb":{"@id":"https:\/\/mauserpackaging.com\/de\/maerkte\/meeresfruechte-und-fischerei\/#breadcrumb"},"inLanguage":"de","potentialAction":[{"@type":"ReadAction","target":["https:\/\/mauserpackaging.com\/de\/maerkte\/meeresfruechte-und-fischerei\/"]}]},{"@type":"BreadcrumbList","@id":"https:\/\/mauserpackaging.com\/de\/maerkte\/meeresfruechte-und-fischerei\/#breadcrumb","itemListElement":[{"@type":"ListItem","position":1,"name":"Home","item":"https:\/\/mauserpackaging.com\/de\/heim\/"},{"@type":"ListItem","position":2,"name":"M\u00e4rkte","item":"https:\/\/mauserpackaging.com\/de\/maerkte\/"},{"@type":"ListItem","position":3,"name":"Meeresfr\u00fcchte und Fischerei"}]},{"@type":"WebSite","@id":"https:\/\/mauserpackaging.com\/de\/#website","url":"https:\/\/mauserpackaging.com\/de\/","name":"Mauser Packaging Solutions","description":"Your go-to packaging partner","publisher":{"@id":"https:\/\/mauserpackaging.com\/de\/#organization"},"alternateName":"Mauser Packaging","potentialAction":[{"@type":"SearchAction","target":{"@type":"EntryPoint","urlTemplate":"https:\/\/mauserpackaging.com\/de\/?s={search_term_string}"},"query-input":{"@type":"PropertyValueSpecification","valueRequired":true,"valueName":"search_term_string"}}],"inLanguage":"de"},{"@type":"Organization","@id":"https:\/\/mauserpackaging.com\/de\/#organization","name":"Mauser Packaging Solutions","alternateName":"Mauser Packaging","url":"https:\/\/mauserpackaging.com\/de\/","logo":{"@type":"ImageObject","inLanguage":"de","@id":"https:\/\/mauserpackaging.com\/de\/#\/schema\/logo\/image\/","url":"https:\/\/mauserpackaging.com\/wp-content\/uploads\/2024\/11\/Mauser_h_RGB.png","contentUrl":"https:\/\/mauserpackaging.com\/wp-content\/uploads\/2024\/11\/Mauser_h_RGB.png","width":1951,"height":600,"caption":"Mauser Packaging Solutions"},"image":{"@id":"https:\/\/mauserpackaging.com\/de\/#\/schema\/logo\/image\/"},"sameAs":["https:\/\/www.linkedin.com\/company\/mauser-packaging-solutions\/"]}]}},"_links":{"self":[{"href":"https:\/\/mauserpackaging.com\/de\/wp-json\/wp\/v2\/pages\/20507","targetHints":{"allow":["GET"]}}],"collection":[{"href":"https:\/\/mauserpackaging.com\/de\/wp-json\/wp\/v2\/pages"}],"about":[{"href":"https:\/\/mauserpackaging.com\/de\/wp-json\/wp\/v2\/types\/page"}],"author":[{"embeddable":true,"href":"https:\/\/mauserpackaging.com\/de\/wp-json\/wp\/v2\/users\/1"}],"replies":[{"embeddable":true,"href":"https:\/\/mauserpackaging.com\/de\/wp-json\/wp\/v2\/comments?post=20507"}],"version-history":[{"count":0,"href":"https:\/\/mauserpackaging.com\/de\/wp-json\/wp\/v2\/pages\/20507\/revisions"}],"up":[{"embeddable":true,"href":"https:\/\/mauserpackaging.com\/de\/wp-json\/wp\/v2\/pages\/20496"}],"wp:attachment":[{"href":"https:\/\/mauserpackaging.com\/de\/wp-json\/wp\/v2\/media?parent=20507"}],"curies":[{"name":"wp","href":"https:\/\/api.w.org\/{rel}","templated":true}]}}