{"id":20483,"date":"2025-01-21T15:11:54","date_gmt":"2025-01-21T15:11:54","guid":{"rendered":"https:\/\/mauserpackstg.wpenginepowered.com\/individuelle-services-fuer-maximale-effizienz\/"},"modified":"2025-10-21T19:10:42","modified_gmt":"2025-10-21T19:10:42","slug":"individuelle-services-fuer-maximale-effizienz","status":"publish","type":"page","link":"https:\/\/mauserpackaging.com\/de\/individuelle-services-fuer-maximale-effizienz\/","title":{"rendered":"Individuelle Services f\u00fcr maximale Effizienz"},"content":{"rendered":"<div id=\"cs-content\" class=\"cs-content\"><\/div>\n","protected":false},"excerpt":{"rendered":"<p>Individuelle Services f\u00fcr maximale Effizienz HomeEffizienter arbeiten mit individuellen Aufbereitungsdienstleistungen Gerade bei gro\u00dfen Verpackungsvolumen z\u00e4hlt jede Effizienzsteigerung. Deshalb bieten wir Ihnen individuelle Servicepakete, die weit \u00fcber das hinausgehen, was viele andere Anbieter leisten. Mauser Packaging Solutions \u00fcbernimmt die professionelle Wiederaufbereitung Ihrer IBCs \u2013 an zahlreichen Standorten weltweit. Dar\u00fcber hinaus bieten wir umfassende Reinigungsservices f\u00fcr IBCs: Wir holen die Beh\u00e4lter direkt&hellip;<\/p>\n","protected":false},"author":1,"featured_media":0,"parent":0,"menu_order":0,"comment_status":"closed","ping_status":"closed","template":"template-blank-4.php","meta":{"footnotes":""},"class_list":["post-20483","page","type-page","status-publish","hentry","no-post-thumbnail"],"yoast_head":"<!-- This site is optimized with the Yoast SEO Premium plugin v27.4 (Yoast SEO v27.4) - https:\/\/yoast.com\/product\/yoast-seo-premium-wordpress\/ -->\n<title>Individuelle Services f\u00fcr maximale Effizienz - Mauser Packaging Solutions<\/title>\n<meta name=\"description\" content=\"Unser Expertenteam entwickelt gemeinsam mit Ihnen einen ma\u00dfgeschneiderten Service mit Reinigungsverfahren, die f\u00fcr Ihr Unternehmen optimal geeignet sind.\" \/>\n<meta name=\"robots\" content=\"index, follow, max-snippet:-1, max-image-preview:large, max-video-preview:-1\" \/>\n<link rel=\"canonical\" href=\"https:\/\/mauserpackaging.com\/de\/individuelle-services-fuer-maximale-effizienz\/\" \/>\n<meta property=\"og:locale\" content=\"de_DE\" \/>\n<meta property=\"og:type\" content=\"article\" \/>\n<meta property=\"og:title\" content=\"Individuelle Services f\u00fcr maximale Effizienz\" \/>\n<meta property=\"og:description\" content=\"Unser Expertenteam entwickelt gemeinsam mit Ihnen einen ma\u00dfgeschneiderten Service mit Reinigungsverfahren, die f\u00fcr Ihr Unternehmen optimal geeignet sind.\" \/>\n<meta property=\"og:url\" content=\"https:\/\/mauserpackaging.com\/de\/individuelle-services-fuer-maximale-effizienz\/\" \/>\n<meta property=\"og:site_name\" content=\"Mauser Packaging Solutions\" \/>\n<meta property=\"article:modified_time\" content=\"2025-10-21T19:10:42+00:00\" \/>\n<meta property=\"og:image\" content=\"https:\/\/mauserpackaging.com\/wp-content\/uploads\/2026\/03\/Mauser_Default_SiteImage.jpg\" \/>\n\t<meta property=\"og:image:width\" content=\"1200\" \/>\n\t<meta property=\"og:image:height\" content=\"675\" \/>\n\t<meta property=\"og:image:type\" content=\"image\/jpeg\" \/>\n<meta name=\"twitter:card\" content=\"summary_large_image\" \/>\n<meta name=\"twitter:label1\" content=\"Gesch\u00e4tzte Lesezeit\" \/>\n\t<meta name=\"twitter:data1\" content=\"7\u00a0Minuten\" \/>\n<script type=\"application\/ld+json\" class=\"yoast-schema-graph\">{\"@context\":\"https:\\\/\\\/schema.org\",\"@graph\":[{\"@type\":\"WebPage\",\"@id\":\"https:\\\/\\\/mauserpackaging.com\\\/de\\\/individuelle-services-fuer-maximale-effizienz\\\/\",\"url\":\"https:\\\/\\\/mauserpackaging.com\\\/de\\\/individuelle-services-fuer-maximale-effizienz\\\/\",\"name\":\"Individuelle Services f\u00fcr maximale Effizienz - Mauser Packaging Solutions\",\"isPartOf\":{\"@id\":\"https:\\\/\\\/mauserpackaging.com\\\/de\\\/#website\"},\"datePublished\":\"2025-01-21T15:11:54+00:00\",\"dateModified\":\"2025-10-21T19:10:42+00:00\",\"description\":\"Unser Expertenteam entwickelt gemeinsam mit Ihnen einen ma\u00dfgeschneiderten Service mit Reinigungsverfahren, die f\u00fcr Ihr Unternehmen optimal geeignet sind.\",\"breadcrumb\":{\"@id\":\"https:\\\/\\\/mauserpackaging.com\\\/de\\\/individuelle-services-fuer-maximale-effizienz\\\/#breadcrumb\"},\"inLanguage\":\"de\",\"potentialAction\":[{\"@type\":\"ReadAction\",\"target\":[\"https:\\\/\\\/mauserpackaging.com\\\/de\\\/individuelle-services-fuer-maximale-effizienz\\\/\"]}]},{\"@type\":\"BreadcrumbList\",\"@id\":\"https:\\\/\\\/mauserpackaging.com\\\/de\\\/individuelle-services-fuer-maximale-effizienz\\\/#breadcrumb\",\"itemListElement\":[{\"@type\":\"ListItem\",\"position\":1,\"name\":\"Home\",\"item\":\"https:\\\/\\\/mauserpackaging.com\\\/de\\\/heim\\\/\"},{\"@type\":\"ListItem\",\"position\":2,\"name\":\"Individuelle Services f\u00fcr maximale Effizienz\"}]},{\"@type\":\"WebSite\",\"@id\":\"https:\\\/\\\/mauserpackaging.com\\\/de\\\/#website\",\"url\":\"https:\\\/\\\/mauserpackaging.com\\\/de\\\/\",\"name\":\"Mauser Packaging Solutions\",\"description\":\"Your go-to packaging partner\",\"publisher\":{\"@id\":\"https:\\\/\\\/mauserpackaging.com\\\/de\\\/#organization\"},\"alternateName\":\"Mauser Packaging\",\"potentialAction\":[{\"@type\":\"SearchAction\",\"target\":{\"@type\":\"EntryPoint\",\"urlTemplate\":\"https:\\\/\\\/mauserpackaging.com\\\/de\\\/?s={search_term_string}\"},\"query-input\":{\"@type\":\"PropertyValueSpecification\",\"valueRequired\":true,\"valueName\":\"search_term_string\"}}],\"inLanguage\":\"de\"},{\"@type\":\"Organization\",\"@id\":\"https:\\\/\\\/mauserpackaging.com\\\/de\\\/#organization\",\"name\":\"Mauser Packaging Solutions\",\"alternateName\":\"Mauser Packaging\",\"url\":\"https:\\\/\\\/mauserpackaging.com\\\/de\\\/\",\"logo\":{\"@type\":\"ImageObject\",\"inLanguage\":\"de\",\"@id\":\"https:\\\/\\\/mauserpackaging.com\\\/de\\\/#\\\/schema\\\/logo\\\/image\\\/\",\"url\":\"https:\\\/\\\/mauserpackaging.com\\\/wp-content\\\/uploads\\\/2024\\\/11\\\/Mauser_h_RGB.png\",\"contentUrl\":\"https:\\\/\\\/mauserpackaging.com\\\/wp-content\\\/uploads\\\/2024\\\/11\\\/Mauser_h_RGB.png\",\"width\":1951,\"height\":600,\"caption\":\"Mauser Packaging Solutions\"},\"image\":{\"@id\":\"https:\\\/\\\/mauserpackaging.com\\\/de\\\/#\\\/schema\\\/logo\\\/image\\\/\"},\"sameAs\":[\"https:\\\/\\\/www.linkedin.com\\\/company\\\/mauser-packaging-solutions\\\/\"]}]}<\/script>\n<!-- \/ Yoast SEO Premium plugin. -->","yoast_head_json":{"title":"Individuelle Services f\u00fcr maximale Effizienz - Mauser Packaging Solutions","description":"Unser Expertenteam entwickelt gemeinsam mit Ihnen einen ma\u00dfgeschneiderten Service mit Reinigungsverfahren, die f\u00fcr Ihr Unternehmen optimal geeignet sind.","robots":{"index":"index","follow":"follow","max-snippet":"max-snippet:-1","max-image-preview":"max-image-preview:large","max-video-preview":"max-video-preview:-1"},"canonical":"https:\/\/mauserpackaging.com\/de\/individuelle-services-fuer-maximale-effizienz\/","og_locale":"de_DE","og_type":"article","og_title":"Individuelle Services f\u00fcr maximale Effizienz","og_description":"Unser Expertenteam entwickelt gemeinsam mit Ihnen einen ma\u00dfgeschneiderten Service mit Reinigungsverfahren, die f\u00fcr Ihr Unternehmen optimal geeignet sind.","og_url":"https:\/\/mauserpackaging.com\/de\/individuelle-services-fuer-maximale-effizienz\/","og_site_name":"Mauser Packaging Solutions","article_modified_time":"2025-10-21T19:10:42+00:00","og_image":[{"width":1200,"height":675,"url":"https:\/\/mauserpackaging.com\/wp-content\/uploads\/2026\/03\/Mauser_Default_SiteImage.jpg","type":"image\/jpeg"}],"twitter_card":"summary_large_image","twitter_misc":{"Gesch\u00e4tzte Lesezeit":"7\u00a0Minuten"},"schema":{"@context":"https:\/\/schema.org","@graph":[{"@type":"WebPage","@id":"https:\/\/mauserpackaging.com\/de\/individuelle-services-fuer-maximale-effizienz\/","url":"https:\/\/mauserpackaging.com\/de\/individuelle-services-fuer-maximale-effizienz\/","name":"Individuelle Services f\u00fcr maximale Effizienz - Mauser Packaging Solutions","isPartOf":{"@id":"https:\/\/mauserpackaging.com\/de\/#website"},"datePublished":"2025-01-21T15:11:54+00:00","dateModified":"2025-10-21T19:10:42+00:00","description":"Unser Expertenteam entwickelt gemeinsam mit Ihnen einen ma\u00dfgeschneiderten Service mit Reinigungsverfahren, die f\u00fcr Ihr Unternehmen optimal geeignet sind.","breadcrumb":{"@id":"https:\/\/mauserpackaging.com\/de\/individuelle-services-fuer-maximale-effizienz\/#breadcrumb"},"inLanguage":"de","potentialAction":[{"@type":"ReadAction","target":["https:\/\/mauserpackaging.com\/de\/individuelle-services-fuer-maximale-effizienz\/"]}]},{"@type":"BreadcrumbList","@id":"https:\/\/mauserpackaging.com\/de\/individuelle-services-fuer-maximale-effizienz\/#breadcrumb","itemListElement":[{"@type":"ListItem","position":1,"name":"Home","item":"https:\/\/mauserpackaging.com\/de\/heim\/"},{"@type":"ListItem","position":2,"name":"Individuelle Services f\u00fcr maximale Effizienz"}]},{"@type":"WebSite","@id":"https:\/\/mauserpackaging.com\/de\/#website","url":"https:\/\/mauserpackaging.com\/de\/","name":"Mauser Packaging Solutions","description":"Your go-to packaging partner","publisher":{"@id":"https:\/\/mauserpackaging.com\/de\/#organization"},"alternateName":"Mauser Packaging","potentialAction":[{"@type":"SearchAction","target":{"@type":"EntryPoint","urlTemplate":"https:\/\/mauserpackaging.com\/de\/?s={search_term_string}"},"query-input":{"@type":"PropertyValueSpecification","valueRequired":true,"valueName":"search_term_string"}}],"inLanguage":"de"},{"@type":"Organization","@id":"https:\/\/mauserpackaging.com\/de\/#organization","name":"Mauser Packaging Solutions","alternateName":"Mauser Packaging","url":"https:\/\/mauserpackaging.com\/de\/","logo":{"@type":"ImageObject","inLanguage":"de","@id":"https:\/\/mauserpackaging.com\/de\/#\/schema\/logo\/image\/","url":"https:\/\/mauserpackaging.com\/wp-content\/uploads\/2024\/11\/Mauser_h_RGB.png","contentUrl":"https:\/\/mauserpackaging.com\/wp-content\/uploads\/2024\/11\/Mauser_h_RGB.png","width":1951,"height":600,"caption":"Mauser Packaging Solutions"},"image":{"@id":"https:\/\/mauserpackaging.com\/de\/#\/schema\/logo\/image\/"},"sameAs":["https:\/\/www.linkedin.com\/company\/mauser-packaging-solutions\/"]}]}},"_links":{"self":[{"href":"https:\/\/mauserpackaging.com\/de\/wp-json\/wp\/v2\/pages\/20483","targetHints":{"allow":["GET"]}}],"collection":[{"href":"https:\/\/mauserpackaging.com\/de\/wp-json\/wp\/v2\/pages"}],"about":[{"href":"https:\/\/mauserpackaging.com\/de\/wp-json\/wp\/v2\/types\/page"}],"author":[{"embeddable":true,"href":"https:\/\/mauserpackaging.com\/de\/wp-json\/wp\/v2\/users\/1"}],"replies":[{"embeddable":true,"href":"https:\/\/mauserpackaging.com\/de\/wp-json\/wp\/v2\/comments?post=20483"}],"version-history":[{"count":0,"href":"https:\/\/mauserpackaging.com\/de\/wp-json\/wp\/v2\/pages\/20483\/revisions"}],"wp:attachment":[{"href":"https:\/\/mauserpackaging.com\/de\/wp-json\/wp\/v2\/media?parent=20483"}],"curies":[{"name":"wp","href":"https:\/\/api.w.org\/{rel}","templated":true}]}}