{"id":20480,"date":"2025-02-10T15:13:16","date_gmt":"2025-02-10T15:13:16","guid":{"rendered":"https:\/\/mauserpackstg.wpenginepowered.com\/karriere\/karrieremoeglichkeiten-in-europa-suedamerika-und-asien\/"},"modified":"2025-10-21T19:08:43","modified_gmt":"2025-10-21T19:08:43","slug":"karrieremoeglichkeiten-in-europa-suedamerika-und-asien","status":"publish","type":"page","link":"https:\/\/mauserpackaging.com\/de\/karriere\/karrieremoeglichkeiten-in-europa-suedamerika-und-asien\/","title":{"rendered":"Karrierem\u00f6glichkeiten in Europa, S\u00fcdamerika und Asien"},"content":{"rendered":"<div id=\"cs-content\" class=\"cs-content\"><\/div>\n","protected":false},"excerpt":{"rendered":"<p>Karrierem\u00f6glichkeiten in Europa, S\u00fcdamerika und AsienHome Karrierem\u00f6glichkeiten auf internationaler EbeneMit Niederlassungen in Europa, S\u00fcdamerika und Asien k\u00f6nnte eine spannende Chance bei Mauser Packaging Solutions n\u00e4her sein, als Sie denken. Wir suchen st\u00e4ndig nach Mitarbeitenden mit unterschiedlichen F\u00e4higkeiten, Erfahrungen und Qualifikationen. Werden Sie ein Teil von Mauser Packaging Solutions und finden Sie Ihren Weg zu beruflichem Wachstum. Ob Berufseinsteiger oder erfahrener&hellip;<\/p>\n","protected":false},"author":1,"featured_media":0,"parent":20479,"menu_order":0,"comment_status":"closed","ping_status":"closed","template":"template-blank-4.php","meta":{"footnotes":""},"class_list":["post-20480","page","type-page","status-publish","hentry","no-post-thumbnail"],"yoast_head":"<!-- This site is optimized with the Yoast SEO Premium plugin v27.4 (Yoast SEO v27.4) - https:\/\/yoast.com\/product\/yoast-seo-premium-wordpress\/ -->\n<title>Karrierem\u00f6glichkeiten in Europa, S\u00fcdamerika und Asien - Mauser Packaging Solutions<\/title>\n<meta name=\"description\" content=\"Mit Niederlassungen in Europa, S\u00fcdamerika und Asien ist eine spannende Chance bei Mauser Packaging Solutions m\u00f6glicherweise n\u00e4her, als Sie denken.\" \/>\n<meta name=\"robots\" content=\"index, follow, max-snippet:-1, max-image-preview:large, max-video-preview:-1\" \/>\n<link rel=\"canonical\" href=\"https:\/\/mauserpackaging.com\/de\/karriere\/karrieremoeglichkeiten-in-europa-suedamerika-und-asien\/\" \/>\n<meta property=\"og:locale\" content=\"de_DE\" \/>\n<meta property=\"og:type\" content=\"article\" \/>\n<meta property=\"og:title\" content=\"Karrierem\u00f6glichkeiten in Europa, S\u00fcdamerika und Asien\" \/>\n<meta property=\"og:description\" content=\"Mit Niederlassungen in Europa, S\u00fcdamerika und Asien ist eine spannende Chance bei Mauser Packaging Solutions m\u00f6glicherweise n\u00e4her, als Sie denken.\" \/>\n<meta property=\"og:url\" content=\"https:\/\/mauserpackaging.com\/de\/karriere\/karrieremoeglichkeiten-in-europa-suedamerika-und-asien\/\" \/>\n<meta property=\"og:site_name\" content=\"Mauser Packaging Solutions\" \/>\n<meta property=\"article:modified_time\" content=\"2025-10-21T19:08:43+00:00\" \/>\n<meta property=\"og:image\" content=\"https:\/\/mauserpackaging.com\/wp-content\/uploads\/2026\/03\/Mauser_Default_SiteImage.jpg\" \/>\n\t<meta property=\"og:image:width\" content=\"1200\" \/>\n\t<meta property=\"og:image:height\" content=\"675\" \/>\n\t<meta property=\"og:image:type\" content=\"image\/jpeg\" \/>\n<meta name=\"twitter:card\" content=\"summary_large_image\" \/>\n<meta name=\"twitter:label1\" content=\"Gesch\u00e4tzte Lesezeit\" \/>\n\t<meta name=\"twitter:data1\" content=\"5\u00a0Minuten\" \/>\n<script type=\"application\/ld+json\" class=\"yoast-schema-graph\">{\"@context\":\"https:\\\/\\\/schema.org\",\"@graph\":[{\"@type\":\"WebPage\",\"@id\":\"https:\\\/\\\/mauserpackaging.com\\\/de\\\/karriere\\\/karrieremoeglichkeiten-in-europa-suedamerika-und-asien\\\/\",\"url\":\"https:\\\/\\\/mauserpackaging.com\\\/de\\\/karriere\\\/karrieremoeglichkeiten-in-europa-suedamerika-und-asien\\\/\",\"name\":\"Karrierem\u00f6glichkeiten in Europa, S\u00fcdamerika und Asien - Mauser Packaging Solutions\",\"isPartOf\":{\"@id\":\"https:\\\/\\\/mauserpackaging.com\\\/de\\\/#website\"},\"datePublished\":\"2025-02-10T15:13:16+00:00\",\"dateModified\":\"2025-10-21T19:08:43+00:00\",\"description\":\"Mit Niederlassungen in Europa, S\u00fcdamerika und Asien ist eine spannende Chance bei Mauser Packaging Solutions m\u00f6glicherweise n\u00e4her, als Sie denken.\",\"breadcrumb\":{\"@id\":\"https:\\\/\\\/mauserpackaging.com\\\/de\\\/karriere\\\/karrieremoeglichkeiten-in-europa-suedamerika-und-asien\\\/#breadcrumb\"},\"inLanguage\":\"de\",\"potentialAction\":[{\"@type\":\"ReadAction\",\"target\":[\"https:\\\/\\\/mauserpackaging.com\\\/de\\\/karriere\\\/karrieremoeglichkeiten-in-europa-suedamerika-und-asien\\\/\"]}]},{\"@type\":\"BreadcrumbList\",\"@id\":\"https:\\\/\\\/mauserpackaging.com\\\/de\\\/karriere\\\/karrieremoeglichkeiten-in-europa-suedamerika-und-asien\\\/#breadcrumb\",\"itemListElement\":[{\"@type\":\"ListItem\",\"position\":1,\"name\":\"Home\",\"item\":\"https:\\\/\\\/mauserpackaging.com\\\/de\\\/heim\\\/\"},{\"@type\":\"ListItem\",\"position\":2,\"name\":\"Karriere\",\"item\":\"https:\\\/\\\/mauserpackaging.com\\\/de\\\/karriere\\\/\"},{\"@type\":\"ListItem\",\"position\":3,\"name\":\"Karrierem\u00f6glichkeiten in Europa, S\u00fcdamerika und Asien\"}]},{\"@type\":\"WebSite\",\"@id\":\"https:\\\/\\\/mauserpackaging.com\\\/de\\\/#website\",\"url\":\"https:\\\/\\\/mauserpackaging.com\\\/de\\\/\",\"name\":\"Mauser Packaging Solutions\",\"description\":\"Your go-to packaging partner\",\"publisher\":{\"@id\":\"https:\\\/\\\/mauserpackaging.com\\\/de\\\/#organization\"},\"alternateName\":\"Mauser Packaging\",\"potentialAction\":[{\"@type\":\"SearchAction\",\"target\":{\"@type\":\"EntryPoint\",\"urlTemplate\":\"https:\\\/\\\/mauserpackaging.com\\\/de\\\/?s={search_term_string}\"},\"query-input\":{\"@type\":\"PropertyValueSpecification\",\"valueRequired\":true,\"valueName\":\"search_term_string\"}}],\"inLanguage\":\"de\"},{\"@type\":\"Organization\",\"@id\":\"https:\\\/\\\/mauserpackaging.com\\\/de\\\/#organization\",\"name\":\"Mauser Packaging Solutions\",\"alternateName\":\"Mauser Packaging\",\"url\":\"https:\\\/\\\/mauserpackaging.com\\\/de\\\/\",\"logo\":{\"@type\":\"ImageObject\",\"inLanguage\":\"de\",\"@id\":\"https:\\\/\\\/mauserpackaging.com\\\/de\\\/#\\\/schema\\\/logo\\\/image\\\/\",\"url\":\"https:\\\/\\\/mauserpackaging.com\\\/wp-content\\\/uploads\\\/2024\\\/11\\\/Mauser_h_RGB.png\",\"contentUrl\":\"https:\\\/\\\/mauserpackaging.com\\\/wp-content\\\/uploads\\\/2024\\\/11\\\/Mauser_h_RGB.png\",\"width\":1951,\"height\":600,\"caption\":\"Mauser Packaging Solutions\"},\"image\":{\"@id\":\"https:\\\/\\\/mauserpackaging.com\\\/de\\\/#\\\/schema\\\/logo\\\/image\\\/\"},\"sameAs\":[\"https:\\\/\\\/www.linkedin.com\\\/company\\\/mauser-packaging-solutions\\\/\"]}]}<\/script>\n<!-- \/ Yoast SEO Premium plugin. -->","yoast_head_json":{"title":"Karrierem\u00f6glichkeiten in Europa, S\u00fcdamerika und Asien - Mauser Packaging Solutions","description":"Mit Niederlassungen in Europa, S\u00fcdamerika und Asien ist eine spannende Chance bei Mauser Packaging Solutions m\u00f6glicherweise n\u00e4her, als Sie denken.","robots":{"index":"index","follow":"follow","max-snippet":"max-snippet:-1","max-image-preview":"max-image-preview:large","max-video-preview":"max-video-preview:-1"},"canonical":"https:\/\/mauserpackaging.com\/de\/karriere\/karrieremoeglichkeiten-in-europa-suedamerika-und-asien\/","og_locale":"de_DE","og_type":"article","og_title":"Karrierem\u00f6glichkeiten in Europa, S\u00fcdamerika und Asien","og_description":"Mit Niederlassungen in Europa, S\u00fcdamerika und Asien ist eine spannende Chance bei Mauser Packaging Solutions m\u00f6glicherweise n\u00e4her, als Sie denken.","og_url":"https:\/\/mauserpackaging.com\/de\/karriere\/karrieremoeglichkeiten-in-europa-suedamerika-und-asien\/","og_site_name":"Mauser Packaging Solutions","article_modified_time":"2025-10-21T19:08:43+00:00","og_image":[{"width":1200,"height":675,"url":"https:\/\/mauserpackaging.com\/wp-content\/uploads\/2026\/03\/Mauser_Default_SiteImage.jpg","type":"image\/jpeg"}],"twitter_card":"summary_large_image","twitter_misc":{"Gesch\u00e4tzte Lesezeit":"5\u00a0Minuten"},"schema":{"@context":"https:\/\/schema.org","@graph":[{"@type":"WebPage","@id":"https:\/\/mauserpackaging.com\/de\/karriere\/karrieremoeglichkeiten-in-europa-suedamerika-und-asien\/","url":"https:\/\/mauserpackaging.com\/de\/karriere\/karrieremoeglichkeiten-in-europa-suedamerika-und-asien\/","name":"Karrierem\u00f6glichkeiten in Europa, S\u00fcdamerika und Asien - Mauser Packaging Solutions","isPartOf":{"@id":"https:\/\/mauserpackaging.com\/de\/#website"},"datePublished":"2025-02-10T15:13:16+00:00","dateModified":"2025-10-21T19:08:43+00:00","description":"Mit Niederlassungen in Europa, S\u00fcdamerika und Asien ist eine spannende Chance bei Mauser Packaging Solutions m\u00f6glicherweise n\u00e4her, als Sie denken.","breadcrumb":{"@id":"https:\/\/mauserpackaging.com\/de\/karriere\/karrieremoeglichkeiten-in-europa-suedamerika-und-asien\/#breadcrumb"},"inLanguage":"de","potentialAction":[{"@type":"ReadAction","target":["https:\/\/mauserpackaging.com\/de\/karriere\/karrieremoeglichkeiten-in-europa-suedamerika-und-asien\/"]}]},{"@type":"BreadcrumbList","@id":"https:\/\/mauserpackaging.com\/de\/karriere\/karrieremoeglichkeiten-in-europa-suedamerika-und-asien\/#breadcrumb","itemListElement":[{"@type":"ListItem","position":1,"name":"Home","item":"https:\/\/mauserpackaging.com\/de\/heim\/"},{"@type":"ListItem","position":2,"name":"Karriere","item":"https:\/\/mauserpackaging.com\/de\/karriere\/"},{"@type":"ListItem","position":3,"name":"Karrierem\u00f6glichkeiten in Europa, S\u00fcdamerika und Asien"}]},{"@type":"WebSite","@id":"https:\/\/mauserpackaging.com\/de\/#website","url":"https:\/\/mauserpackaging.com\/de\/","name":"Mauser Packaging Solutions","description":"Your go-to packaging partner","publisher":{"@id":"https:\/\/mauserpackaging.com\/de\/#organization"},"alternateName":"Mauser Packaging","potentialAction":[{"@type":"SearchAction","target":{"@type":"EntryPoint","urlTemplate":"https:\/\/mauserpackaging.com\/de\/?s={search_term_string}"},"query-input":{"@type":"PropertyValueSpecification","valueRequired":true,"valueName":"search_term_string"}}],"inLanguage":"de"},{"@type":"Organization","@id":"https:\/\/mauserpackaging.com\/de\/#organization","name":"Mauser Packaging Solutions","alternateName":"Mauser Packaging","url":"https:\/\/mauserpackaging.com\/de\/","logo":{"@type":"ImageObject","inLanguage":"de","@id":"https:\/\/mauserpackaging.com\/de\/#\/schema\/logo\/image\/","url":"https:\/\/mauserpackaging.com\/wp-content\/uploads\/2024\/11\/Mauser_h_RGB.png","contentUrl":"https:\/\/mauserpackaging.com\/wp-content\/uploads\/2024\/11\/Mauser_h_RGB.png","width":1951,"height":600,"caption":"Mauser Packaging Solutions"},"image":{"@id":"https:\/\/mauserpackaging.com\/de\/#\/schema\/logo\/image\/"},"sameAs":["https:\/\/www.linkedin.com\/company\/mauser-packaging-solutions\/"]}]}},"_links":{"self":[{"href":"https:\/\/mauserpackaging.com\/de\/wp-json\/wp\/v2\/pages\/20480","targetHints":{"allow":["GET"]}}],"collection":[{"href":"https:\/\/mauserpackaging.com\/de\/wp-json\/wp\/v2\/pages"}],"about":[{"href":"https:\/\/mauserpackaging.com\/de\/wp-json\/wp\/v2\/types\/page"}],"author":[{"embeddable":true,"href":"https:\/\/mauserpackaging.com\/de\/wp-json\/wp\/v2\/users\/1"}],"replies":[{"embeddable":true,"href":"https:\/\/mauserpackaging.com\/de\/wp-json\/wp\/v2\/comments?post=20480"}],"version-history":[{"count":0,"href":"https:\/\/mauserpackaging.com\/de\/wp-json\/wp\/v2\/pages\/20480\/revisions"}],"up":[{"embeddable":true,"href":"https:\/\/mauserpackaging.com\/de\/wp-json\/wp\/v2\/pages\/20479"}],"wp:attachment":[{"href":"https:\/\/mauserpackaging.com\/de\/wp-json\/wp\/v2\/media?parent=20480"}],"curies":[{"name":"wp","href":"https:\/\/api.w.org\/{rel}","templated":true}]}}