{"id":20472,"date":"2025-01-10T20:03:25","date_gmt":"2025-01-10T20:03:25","guid":{"rendered":"https:\/\/mauserpackstg.wpenginepowered.com\/ueber-mauser\/informationen-fuer-investoren\/"},"modified":"2025-10-28T17:18:56","modified_gmt":"2025-10-28T17:18:56","slug":"informationen-fuer-investoren","status":"publish","type":"page","link":"https:\/\/mauserpackaging.com\/de\/ueber-mauser\/informationen-fuer-investoren\/","title":{"rendered":"Informationen f\u00fcr Investoren"},"content":{"rendered":"<div id=\"cs-content\" class=\"cs-content\"><\/div>\n","protected":false},"excerpt":{"rendered":"<p>Informationen f\u00fcr InvestorenHome Investition in eine nachhaltigere ZukunftVerpackungen sind seit jeher ein wesentlicher Bestandteil der Industrie. Und das gilt heute mehr denn je f\u00fcr die Nachhaltigkeit. Mauser Packaging Solutions ist ein f\u00fchrender Anbieter von beidem. Mauser Packaging Solutions, bestehend aus den Vorg\u00e4ngerunternehmen BWAY Corp, MAUSER Group, National Container Group (&#8222;NCG&#8220;) und Industrial Container Services (&#8222;ICS&#8220;), arbeitet mit Unternehmen auf der&hellip;<\/p>\n","protected":false},"author":1,"featured_media":0,"parent":20470,"menu_order":0,"comment_status":"closed","ping_status":"closed","template":"template-blank-4.php","meta":{"footnotes":""},"class_list":["post-20472","page","type-page","status-publish","hentry","no-post-thumbnail"],"yoast_head":"<!-- This site is optimized with the Yoast SEO Premium plugin v27.4 (Yoast SEO v27.4) - https:\/\/yoast.com\/product\/yoast-seo-premium-wordpress\/ -->\n<title>Informationen f\u00fcr Investoren - Mauser Packaging Solutions<\/title>\n<meta name=\"description\" content=\"Investieren Sie in eine nachhaltigere Zukunft. Wir freuen uns \u00fcber das Potenzial, das sich als globales, auf Wachstum ausgerichtetes Unternehmen bietet.\" \/>\n<meta name=\"robots\" content=\"index, follow, max-snippet:-1, max-image-preview:large, max-video-preview:-1\" \/>\n<link rel=\"canonical\" href=\"https:\/\/mauserpackaging.com\/de\/ueber-mauser\/informationen-fuer-investoren\/\" \/>\n<meta property=\"og:locale\" content=\"de_DE\" \/>\n<meta property=\"og:type\" content=\"article\" \/>\n<meta property=\"og:title\" content=\"Informationen f\u00fcr Investoren\" \/>\n<meta property=\"og:description\" content=\"Investieren Sie in eine nachhaltigere Zukunft. Wir freuen uns \u00fcber das Potenzial, das sich als globales, auf Wachstum ausgerichtetes Unternehmen bietet.\" \/>\n<meta property=\"og:url\" content=\"https:\/\/mauserpackaging.com\/de\/ueber-mauser\/informationen-fuer-investoren\/\" \/>\n<meta property=\"og:site_name\" content=\"Mauser Packaging Solutions\" \/>\n<meta property=\"article:modified_time\" content=\"2025-10-28T17:18:56+00:00\" \/>\n<meta property=\"og:image\" content=\"https:\/\/mauserpackaging.com\/wp-content\/uploads\/2026\/03\/Mauser_Default_SiteImage.jpg\" \/>\n\t<meta property=\"og:image:width\" content=\"1200\" \/>\n\t<meta property=\"og:image:height\" content=\"675\" \/>\n\t<meta property=\"og:image:type\" content=\"image\/jpeg\" \/>\n<meta name=\"twitter:card\" content=\"summary_large_image\" \/>\n<meta name=\"twitter:label1\" content=\"Gesch\u00e4tzte Lesezeit\" \/>\n\t<meta name=\"twitter:data1\" content=\"4\u00a0Minuten\" \/>\n<script type=\"application\/ld+json\" class=\"yoast-schema-graph\">{\"@context\":\"https:\\\/\\\/schema.org\",\"@graph\":[{\"@type\":\"WebPage\",\"@id\":\"https:\\\/\\\/mauserpackaging.com\\\/de\\\/ueber-mauser\\\/informationen-fuer-investoren\\\/\",\"url\":\"https:\\\/\\\/mauserpackaging.com\\\/de\\\/ueber-mauser\\\/informationen-fuer-investoren\\\/\",\"name\":\"Informationen f\u00fcr Investoren - Mauser Packaging Solutions\",\"isPartOf\":{\"@id\":\"https:\\\/\\\/mauserpackaging.com\\\/de\\\/#website\"},\"datePublished\":\"2025-01-10T20:03:25+00:00\",\"dateModified\":\"2025-10-28T17:18:56+00:00\",\"description\":\"Investieren Sie in eine nachhaltigere Zukunft. Wir freuen uns \u00fcber das Potenzial, das sich als globales, auf Wachstum ausgerichtetes Unternehmen bietet.\",\"breadcrumb\":{\"@id\":\"https:\\\/\\\/mauserpackaging.com\\\/de\\\/ueber-mauser\\\/informationen-fuer-investoren\\\/#breadcrumb\"},\"inLanguage\":\"de\",\"potentialAction\":[{\"@type\":\"ReadAction\",\"target\":[\"https:\\\/\\\/mauserpackaging.com\\\/de\\\/ueber-mauser\\\/informationen-fuer-investoren\\\/\"]}]},{\"@type\":\"BreadcrumbList\",\"@id\":\"https:\\\/\\\/mauserpackaging.com\\\/de\\\/ueber-mauser\\\/informationen-fuer-investoren\\\/#breadcrumb\",\"itemListElement\":[{\"@type\":\"ListItem\",\"position\":1,\"name\":\"Home\",\"item\":\"https:\\\/\\\/mauserpackaging.com\\\/de\\\/heim\\\/\"},{\"@type\":\"ListItem\",\"position\":2,\"name\":\"\u00dcber Mauser\",\"item\":\"https:\\\/\\\/mauserpackaging.com\\\/de\\\/ueber-mauser\\\/\"},{\"@type\":\"ListItem\",\"position\":3,\"name\":\"Informationen f\u00fcr Investoren\"}]},{\"@type\":\"WebSite\",\"@id\":\"https:\\\/\\\/mauserpackaging.com\\\/de\\\/#website\",\"url\":\"https:\\\/\\\/mauserpackaging.com\\\/de\\\/\",\"name\":\"Mauser Packaging Solutions\",\"description\":\"Your go-to packaging partner\",\"publisher\":{\"@id\":\"https:\\\/\\\/mauserpackaging.com\\\/de\\\/#organization\"},\"alternateName\":\"Mauser Packaging\",\"potentialAction\":[{\"@type\":\"SearchAction\",\"target\":{\"@type\":\"EntryPoint\",\"urlTemplate\":\"https:\\\/\\\/mauserpackaging.com\\\/de\\\/?s={search_term_string}\"},\"query-input\":{\"@type\":\"PropertyValueSpecification\",\"valueRequired\":true,\"valueName\":\"search_term_string\"}}],\"inLanguage\":\"de\"},{\"@type\":\"Organization\",\"@id\":\"https:\\\/\\\/mauserpackaging.com\\\/de\\\/#organization\",\"name\":\"Mauser Packaging Solutions\",\"alternateName\":\"Mauser Packaging\",\"url\":\"https:\\\/\\\/mauserpackaging.com\\\/de\\\/\",\"logo\":{\"@type\":\"ImageObject\",\"inLanguage\":\"de\",\"@id\":\"https:\\\/\\\/mauserpackaging.com\\\/de\\\/#\\\/schema\\\/logo\\\/image\\\/\",\"url\":\"https:\\\/\\\/mauserpackaging.com\\\/wp-content\\\/uploads\\\/2024\\\/11\\\/Mauser_h_RGB.png\",\"contentUrl\":\"https:\\\/\\\/mauserpackaging.com\\\/wp-content\\\/uploads\\\/2024\\\/11\\\/Mauser_h_RGB.png\",\"width\":1951,\"height\":600,\"caption\":\"Mauser Packaging Solutions\"},\"image\":{\"@id\":\"https:\\\/\\\/mauserpackaging.com\\\/de\\\/#\\\/schema\\\/logo\\\/image\\\/\"},\"sameAs\":[\"https:\\\/\\\/www.linkedin.com\\\/company\\\/mauser-packaging-solutions\\\/\"]}]}<\/script>\n<!-- \/ Yoast SEO Premium plugin. -->","yoast_head_json":{"title":"Informationen f\u00fcr Investoren - Mauser Packaging Solutions","description":"Investieren Sie in eine nachhaltigere Zukunft. Wir freuen uns \u00fcber das Potenzial, das sich als globales, auf Wachstum ausgerichtetes Unternehmen bietet.","robots":{"index":"index","follow":"follow","max-snippet":"max-snippet:-1","max-image-preview":"max-image-preview:large","max-video-preview":"max-video-preview:-1"},"canonical":"https:\/\/mauserpackaging.com\/de\/ueber-mauser\/informationen-fuer-investoren\/","og_locale":"de_DE","og_type":"article","og_title":"Informationen f\u00fcr Investoren","og_description":"Investieren Sie in eine nachhaltigere Zukunft. Wir freuen uns \u00fcber das Potenzial, das sich als globales, auf Wachstum ausgerichtetes Unternehmen bietet.","og_url":"https:\/\/mauserpackaging.com\/de\/ueber-mauser\/informationen-fuer-investoren\/","og_site_name":"Mauser Packaging Solutions","article_modified_time":"2025-10-28T17:18:56+00:00","og_image":[{"width":1200,"height":675,"url":"https:\/\/mauserpackaging.com\/wp-content\/uploads\/2026\/03\/Mauser_Default_SiteImage.jpg","type":"image\/jpeg"}],"twitter_card":"summary_large_image","twitter_misc":{"Gesch\u00e4tzte Lesezeit":"4\u00a0Minuten"},"schema":{"@context":"https:\/\/schema.org","@graph":[{"@type":"WebPage","@id":"https:\/\/mauserpackaging.com\/de\/ueber-mauser\/informationen-fuer-investoren\/","url":"https:\/\/mauserpackaging.com\/de\/ueber-mauser\/informationen-fuer-investoren\/","name":"Informationen f\u00fcr Investoren - Mauser Packaging Solutions","isPartOf":{"@id":"https:\/\/mauserpackaging.com\/de\/#website"},"datePublished":"2025-01-10T20:03:25+00:00","dateModified":"2025-10-28T17:18:56+00:00","description":"Investieren Sie in eine nachhaltigere Zukunft. Wir freuen uns \u00fcber das Potenzial, das sich als globales, auf Wachstum ausgerichtetes Unternehmen bietet.","breadcrumb":{"@id":"https:\/\/mauserpackaging.com\/de\/ueber-mauser\/informationen-fuer-investoren\/#breadcrumb"},"inLanguage":"de","potentialAction":[{"@type":"ReadAction","target":["https:\/\/mauserpackaging.com\/de\/ueber-mauser\/informationen-fuer-investoren\/"]}]},{"@type":"BreadcrumbList","@id":"https:\/\/mauserpackaging.com\/de\/ueber-mauser\/informationen-fuer-investoren\/#breadcrumb","itemListElement":[{"@type":"ListItem","position":1,"name":"Home","item":"https:\/\/mauserpackaging.com\/de\/heim\/"},{"@type":"ListItem","position":2,"name":"\u00dcber Mauser","item":"https:\/\/mauserpackaging.com\/de\/ueber-mauser\/"},{"@type":"ListItem","position":3,"name":"Informationen f\u00fcr Investoren"}]},{"@type":"WebSite","@id":"https:\/\/mauserpackaging.com\/de\/#website","url":"https:\/\/mauserpackaging.com\/de\/","name":"Mauser Packaging Solutions","description":"Your go-to packaging partner","publisher":{"@id":"https:\/\/mauserpackaging.com\/de\/#organization"},"alternateName":"Mauser Packaging","potentialAction":[{"@type":"SearchAction","target":{"@type":"EntryPoint","urlTemplate":"https:\/\/mauserpackaging.com\/de\/?s={search_term_string}"},"query-input":{"@type":"PropertyValueSpecification","valueRequired":true,"valueName":"search_term_string"}}],"inLanguage":"de"},{"@type":"Organization","@id":"https:\/\/mauserpackaging.com\/de\/#organization","name":"Mauser Packaging Solutions","alternateName":"Mauser Packaging","url":"https:\/\/mauserpackaging.com\/de\/","logo":{"@type":"ImageObject","inLanguage":"de","@id":"https:\/\/mauserpackaging.com\/de\/#\/schema\/logo\/image\/","url":"https:\/\/mauserpackaging.com\/wp-content\/uploads\/2024\/11\/Mauser_h_RGB.png","contentUrl":"https:\/\/mauserpackaging.com\/wp-content\/uploads\/2024\/11\/Mauser_h_RGB.png","width":1951,"height":600,"caption":"Mauser Packaging Solutions"},"image":{"@id":"https:\/\/mauserpackaging.com\/de\/#\/schema\/logo\/image\/"},"sameAs":["https:\/\/www.linkedin.com\/company\/mauser-packaging-solutions\/"]}]}},"_links":{"self":[{"href":"https:\/\/mauserpackaging.com\/de\/wp-json\/wp\/v2\/pages\/20472","targetHints":{"allow":["GET"]}}],"collection":[{"href":"https:\/\/mauserpackaging.com\/de\/wp-json\/wp\/v2\/pages"}],"about":[{"href":"https:\/\/mauserpackaging.com\/de\/wp-json\/wp\/v2\/types\/page"}],"author":[{"embeddable":true,"href":"https:\/\/mauserpackaging.com\/de\/wp-json\/wp\/v2\/users\/1"}],"replies":[{"embeddable":true,"href":"https:\/\/mauserpackaging.com\/de\/wp-json\/wp\/v2\/comments?post=20472"}],"version-history":[{"count":0,"href":"https:\/\/mauserpackaging.com\/de\/wp-json\/wp\/v2\/pages\/20472\/revisions"}],"up":[{"embeddable":true,"href":"https:\/\/mauserpackaging.com\/de\/wp-json\/wp\/v2\/pages\/20470"}],"wp:attachment":[{"href":"https:\/\/mauserpackaging.com\/de\/wp-json\/wp\/v2\/media?parent=20472"}],"curies":[{"name":"wp","href":"https:\/\/api.w.org\/{rel}","templated":true}]}}