{"id":19993,"date":"2025-01-13T15:46:09","date_gmt":"2025-01-13T15:46:09","guid":{"rendered":"https:\/\/mauserpackstg.wpenginepowered.com\/unterstuetzung-fuer-die-kreislaufwirtschaft\/"},"modified":"2025-10-02T16:17:33","modified_gmt":"2025-10-02T16:17:33","slug":"unterstuetzung-fuer-die-kreislaufwirtschaft","status":"publish","type":"page","link":"https:\/\/mauserpackaging.com\/de\/fuehrend-in-sachen-nachhaltigkeit\/unterstuetzung-fuer-die-kreislaufwirtschaft\/","title":{"rendered":"Unterst\u00fctzung f\u00fcr die Kreislaufwirtschaft"},"content":{"rendered":"<div id=\"cs-content\" class=\"cs-content\"><\/div>\n","protected":false},"excerpt":{"rendered":"<p>Unterst\u00fctzung f\u00fcr die KreislaufwirtschaftHome Vom linearen zum zirkul\u00e4ren SystemUnsere integrierten Leistungen im Lebenszyklusmanagement leisten einen konkreten Beitrag zur Kreislaufwirtschaft \u2013 f\u00fcr uns und unsere Partner. Durch Herstellung, Wiederaufbereitung, Wiederverwendung und Recycling helfen wir dabei, Verpackungsabf\u00e4lle zu reduzieren und ihre Umweltbelastung zu minimieren. &#8222;Unsere Vision ist es, ein wirklich geschlossenes Kreislaufsystem anzubieten.&#8220; Unser Netzwerk \u2013 Grundlage f\u00fcr eine funktionierende KreislaufwirtschaftMit \u00fcber&hellip;<\/p>\n","protected":false},"author":1,"featured_media":0,"parent":20491,"menu_order":0,"comment_status":"closed","ping_status":"closed","template":"template-blank-4.php","meta":{"footnotes":""},"class_list":["post-19993","page","type-page","status-publish","hentry","no-post-thumbnail"],"yoast_head":"<!-- This site is optimized with the Yoast SEO Premium plugin v27.4 (Yoast SEO v27.4) - https:\/\/yoast.com\/product\/yoast-seo-premium-wordpress\/ -->\n<title>Unterst\u00fctzung f\u00fcr die Kreislaufwirtschaft - Mauser Packaging Solutions<\/title>\n<meta name=\"description\" content=\"Unsere integrierten Leistungen im Lebenszyklusmanagement leisten einen konkreten Beitrag zur Kreislaufwirtschaft \u2013 f\u00fcr uns und unsere Partner.\" \/>\n<meta name=\"robots\" content=\"index, follow, max-snippet:-1, max-image-preview:large, max-video-preview:-1\" \/>\n<link rel=\"canonical\" href=\"https:\/\/mauserpackaging.com\/de\/fuehrend-in-sachen-nachhaltigkeit\/unterstuetzung-fuer-die-kreislaufwirtschaft\/\" \/>\n<meta property=\"og:locale\" content=\"de_DE\" \/>\n<meta property=\"og:type\" content=\"article\" \/>\n<meta property=\"og:title\" content=\"Unterst\u00fctzung f\u00fcr die Kreislaufwirtschaft\" \/>\n<meta property=\"og:description\" content=\"Unsere integrierten Leistungen im Lebenszyklusmanagement leisten einen konkreten Beitrag zur Kreislaufwirtschaft \u2013 f\u00fcr uns und unsere Partner.\" \/>\n<meta property=\"og:url\" content=\"https:\/\/mauserpackaging.com\/de\/fuehrend-in-sachen-nachhaltigkeit\/unterstuetzung-fuer-die-kreislaufwirtschaft\/\" \/>\n<meta property=\"og:site_name\" content=\"Mauser Packaging Solutions\" \/>\n<meta property=\"article:modified_time\" content=\"2025-10-02T16:17:33+00:00\" \/>\n<meta property=\"og:image\" content=\"https:\/\/mauserpackaging.com\/wp-content\/uploads\/2026\/03\/Mauser_Default_SiteImage.jpg\" \/>\n\t<meta property=\"og:image:width\" content=\"1200\" \/>\n\t<meta property=\"og:image:height\" content=\"675\" \/>\n\t<meta property=\"og:image:type\" content=\"image\/jpeg\" \/>\n<meta name=\"twitter:card\" content=\"summary_large_image\" \/>\n<meta name=\"twitter:label1\" content=\"Gesch\u00e4tzte Lesezeit\" \/>\n\t<meta name=\"twitter:data1\" content=\"4\u00a0Minuten\" \/>\n<script type=\"application\/ld+json\" class=\"yoast-schema-graph\">{\"@context\":\"https:\\\/\\\/schema.org\",\"@graph\":[{\"@type\":\"WebPage\",\"@id\":\"https:\\\/\\\/mauserpackaging.com\\\/de\\\/fuehrend-in-sachen-nachhaltigkeit\\\/unterstuetzung-fuer-die-kreislaufwirtschaft\\\/\",\"url\":\"https:\\\/\\\/mauserpackaging.com\\\/de\\\/fuehrend-in-sachen-nachhaltigkeit\\\/unterstuetzung-fuer-die-kreislaufwirtschaft\\\/\",\"name\":\"Unterst\u00fctzung f\u00fcr die Kreislaufwirtschaft - Mauser Packaging Solutions\",\"isPartOf\":{\"@id\":\"https:\\\/\\\/mauserpackaging.com\\\/de\\\/#website\"},\"datePublished\":\"2025-01-13T15:46:09+00:00\",\"dateModified\":\"2025-10-02T16:17:33+00:00\",\"description\":\"Unsere integrierten Leistungen im Lebenszyklusmanagement leisten einen konkreten Beitrag zur Kreislaufwirtschaft \u2013 f\u00fcr uns und unsere Partner.\",\"breadcrumb\":{\"@id\":\"https:\\\/\\\/mauserpackaging.com\\\/de\\\/fuehrend-in-sachen-nachhaltigkeit\\\/unterstuetzung-fuer-die-kreislaufwirtschaft\\\/#breadcrumb\"},\"inLanguage\":\"de\",\"potentialAction\":[{\"@type\":\"ReadAction\",\"target\":[\"https:\\\/\\\/mauserpackaging.com\\\/de\\\/fuehrend-in-sachen-nachhaltigkeit\\\/unterstuetzung-fuer-die-kreislaufwirtschaft\\\/\"]}]},{\"@type\":\"BreadcrumbList\",\"@id\":\"https:\\\/\\\/mauserpackaging.com\\\/de\\\/fuehrend-in-sachen-nachhaltigkeit\\\/unterstuetzung-fuer-die-kreislaufwirtschaft\\\/#breadcrumb\",\"itemListElement\":[{\"@type\":\"ListItem\",\"position\":1,\"name\":\"Home\",\"item\":\"https:\\\/\\\/mauserpackaging.com\\\/de\\\/heim\\\/\"},{\"@type\":\"ListItem\",\"position\":2,\"name\":\"F\u00fchrend in Sachen Nachhaltigkeit\",\"item\":\"https:\\\/\\\/mauserpackaging.com\\\/de\\\/fuehrend-in-sachen-nachhaltigkeit\\\/\"},{\"@type\":\"ListItem\",\"position\":3,\"name\":\"Unterst\u00fctzung f\u00fcr die Kreislaufwirtschaft\"}]},{\"@type\":\"WebSite\",\"@id\":\"https:\\\/\\\/mauserpackaging.com\\\/de\\\/#website\",\"url\":\"https:\\\/\\\/mauserpackaging.com\\\/de\\\/\",\"name\":\"Mauser Packaging Solutions\",\"description\":\"Your go-to packaging partner\",\"publisher\":{\"@id\":\"https:\\\/\\\/mauserpackaging.com\\\/de\\\/#organization\"},\"alternateName\":\"Mauser Packaging\",\"potentialAction\":[{\"@type\":\"SearchAction\",\"target\":{\"@type\":\"EntryPoint\",\"urlTemplate\":\"https:\\\/\\\/mauserpackaging.com\\\/de\\\/?s={search_term_string}\"},\"query-input\":{\"@type\":\"PropertyValueSpecification\",\"valueRequired\":true,\"valueName\":\"search_term_string\"}}],\"inLanguage\":\"de\"},{\"@type\":\"Organization\",\"@id\":\"https:\\\/\\\/mauserpackaging.com\\\/de\\\/#organization\",\"name\":\"Mauser Packaging Solutions\",\"alternateName\":\"Mauser Packaging\",\"url\":\"https:\\\/\\\/mauserpackaging.com\\\/de\\\/\",\"logo\":{\"@type\":\"ImageObject\",\"inLanguage\":\"de\",\"@id\":\"https:\\\/\\\/mauserpackaging.com\\\/de\\\/#\\\/schema\\\/logo\\\/image\\\/\",\"url\":\"https:\\\/\\\/mauserpackaging.com\\\/wp-content\\\/uploads\\\/2024\\\/11\\\/Mauser_h_RGB.png\",\"contentUrl\":\"https:\\\/\\\/mauserpackaging.com\\\/wp-content\\\/uploads\\\/2024\\\/11\\\/Mauser_h_RGB.png\",\"width\":1951,\"height\":600,\"caption\":\"Mauser Packaging Solutions\"},\"image\":{\"@id\":\"https:\\\/\\\/mauserpackaging.com\\\/de\\\/#\\\/schema\\\/logo\\\/image\\\/\"},\"sameAs\":[\"https:\\\/\\\/www.linkedin.com\\\/company\\\/mauser-packaging-solutions\\\/\"]}]}<\/script>\n<!-- \/ Yoast SEO Premium plugin. -->","yoast_head_json":{"title":"Unterst\u00fctzung f\u00fcr die Kreislaufwirtschaft - Mauser Packaging Solutions","description":"Unsere integrierten Leistungen im Lebenszyklusmanagement leisten einen konkreten Beitrag zur Kreislaufwirtschaft \u2013 f\u00fcr uns und unsere Partner.","robots":{"index":"index","follow":"follow","max-snippet":"max-snippet:-1","max-image-preview":"max-image-preview:large","max-video-preview":"max-video-preview:-1"},"canonical":"https:\/\/mauserpackaging.com\/de\/fuehrend-in-sachen-nachhaltigkeit\/unterstuetzung-fuer-die-kreislaufwirtschaft\/","og_locale":"de_DE","og_type":"article","og_title":"Unterst\u00fctzung f\u00fcr die Kreislaufwirtschaft","og_description":"Unsere integrierten Leistungen im Lebenszyklusmanagement leisten einen konkreten Beitrag zur Kreislaufwirtschaft \u2013 f\u00fcr uns und unsere Partner.","og_url":"https:\/\/mauserpackaging.com\/de\/fuehrend-in-sachen-nachhaltigkeit\/unterstuetzung-fuer-die-kreislaufwirtschaft\/","og_site_name":"Mauser Packaging Solutions","article_modified_time":"2025-10-02T16:17:33+00:00","og_image":[{"width":1200,"height":675,"url":"https:\/\/mauserpackaging.com\/wp-content\/uploads\/2026\/03\/Mauser_Default_SiteImage.jpg","type":"image\/jpeg"}],"twitter_card":"summary_large_image","twitter_misc":{"Gesch\u00e4tzte Lesezeit":"4\u00a0Minuten"},"schema":{"@context":"https:\/\/schema.org","@graph":[{"@type":"WebPage","@id":"https:\/\/mauserpackaging.com\/de\/fuehrend-in-sachen-nachhaltigkeit\/unterstuetzung-fuer-die-kreislaufwirtschaft\/","url":"https:\/\/mauserpackaging.com\/de\/fuehrend-in-sachen-nachhaltigkeit\/unterstuetzung-fuer-die-kreislaufwirtschaft\/","name":"Unterst\u00fctzung f\u00fcr die Kreislaufwirtschaft - Mauser Packaging Solutions","isPartOf":{"@id":"https:\/\/mauserpackaging.com\/de\/#website"},"datePublished":"2025-01-13T15:46:09+00:00","dateModified":"2025-10-02T16:17:33+00:00","description":"Unsere integrierten Leistungen im Lebenszyklusmanagement leisten einen konkreten Beitrag zur Kreislaufwirtschaft \u2013 f\u00fcr uns und unsere Partner.","breadcrumb":{"@id":"https:\/\/mauserpackaging.com\/de\/fuehrend-in-sachen-nachhaltigkeit\/unterstuetzung-fuer-die-kreislaufwirtschaft\/#breadcrumb"},"inLanguage":"de","potentialAction":[{"@type":"ReadAction","target":["https:\/\/mauserpackaging.com\/de\/fuehrend-in-sachen-nachhaltigkeit\/unterstuetzung-fuer-die-kreislaufwirtschaft\/"]}]},{"@type":"BreadcrumbList","@id":"https:\/\/mauserpackaging.com\/de\/fuehrend-in-sachen-nachhaltigkeit\/unterstuetzung-fuer-die-kreislaufwirtschaft\/#breadcrumb","itemListElement":[{"@type":"ListItem","position":1,"name":"Home","item":"https:\/\/mauserpackaging.com\/de\/heim\/"},{"@type":"ListItem","position":2,"name":"F\u00fchrend in Sachen Nachhaltigkeit","item":"https:\/\/mauserpackaging.com\/de\/fuehrend-in-sachen-nachhaltigkeit\/"},{"@type":"ListItem","position":3,"name":"Unterst\u00fctzung f\u00fcr die Kreislaufwirtschaft"}]},{"@type":"WebSite","@id":"https:\/\/mauserpackaging.com\/de\/#website","url":"https:\/\/mauserpackaging.com\/de\/","name":"Mauser Packaging Solutions","description":"Your go-to packaging partner","publisher":{"@id":"https:\/\/mauserpackaging.com\/de\/#organization"},"alternateName":"Mauser Packaging","potentialAction":[{"@type":"SearchAction","target":{"@type":"EntryPoint","urlTemplate":"https:\/\/mauserpackaging.com\/de\/?s={search_term_string}"},"query-input":{"@type":"PropertyValueSpecification","valueRequired":true,"valueName":"search_term_string"}}],"inLanguage":"de"},{"@type":"Organization","@id":"https:\/\/mauserpackaging.com\/de\/#organization","name":"Mauser Packaging Solutions","alternateName":"Mauser Packaging","url":"https:\/\/mauserpackaging.com\/de\/","logo":{"@type":"ImageObject","inLanguage":"de","@id":"https:\/\/mauserpackaging.com\/de\/#\/schema\/logo\/image\/","url":"https:\/\/mauserpackaging.com\/wp-content\/uploads\/2024\/11\/Mauser_h_RGB.png","contentUrl":"https:\/\/mauserpackaging.com\/wp-content\/uploads\/2024\/11\/Mauser_h_RGB.png","width":1951,"height":600,"caption":"Mauser Packaging Solutions"},"image":{"@id":"https:\/\/mauserpackaging.com\/de\/#\/schema\/logo\/image\/"},"sameAs":["https:\/\/www.linkedin.com\/company\/mauser-packaging-solutions\/"]}]}},"_links":{"self":[{"href":"https:\/\/mauserpackaging.com\/de\/wp-json\/wp\/v2\/pages\/19993","targetHints":{"allow":["GET"]}}],"collection":[{"href":"https:\/\/mauserpackaging.com\/de\/wp-json\/wp\/v2\/pages"}],"about":[{"href":"https:\/\/mauserpackaging.com\/de\/wp-json\/wp\/v2\/types\/page"}],"author":[{"embeddable":true,"href":"https:\/\/mauserpackaging.com\/de\/wp-json\/wp\/v2\/users\/1"}],"replies":[{"embeddable":true,"href":"https:\/\/mauserpackaging.com\/de\/wp-json\/wp\/v2\/comments?post=19993"}],"version-history":[{"count":0,"href":"https:\/\/mauserpackaging.com\/de\/wp-json\/wp\/v2\/pages\/19993\/revisions"}],"up":[{"embeddable":true,"href":"https:\/\/mauserpackaging.com\/de\/wp-json\/wp\/v2\/pages\/20491"}],"wp:attachment":[{"href":"https:\/\/mauserpackaging.com\/de\/wp-json\/wp\/v2\/media?parent=19993"}],"curies":[{"name":"wp","href":"https:\/\/api.w.org\/{rel}","templated":true}]}}